{"id":265856,"date":"2026-03-12T13:42:53","date_gmt":"2026-03-12T11:42:53","guid":{"rendered":"https:\/\/tellimused.stiilne.ee\/toode\/mutka-naturaalnahast-sooja-naturaalse-lamba-voodriga-naiste-talve-kindad-uudis-kohe-laos\/"},"modified":"2026-04-07T11:08:34","modified_gmt":"2026-04-07T08:08:34","slug":"moteriskos-ziemines-pirstines-su-naturaliu-avikailiu-pamusalu-naujienos","status":"publish","type":"product","link":"https:\/\/tellimused.stiilne.ee\/lt\/produktas\/moteriskos-ziemines-pirstines-su-naturaliu-avikailiu-pamusalu-naujienos\/","title":{"rendered":"Moteri\u0161kos \u017eiemin\u0117s pir\u0161tin\u0117s su nat\u016braliu avikaili\u0173 pamu\u0161alu &#8211; NAUJIENOS"},"content":{"rendered":"<p>&nbsp;<\/p>\n<p>Patogios nat\u016bralaus avikailio pir\u0161tin\u0117s su \u0161iltu nat\u016bralaus avikailio pamu\u0161alu puikiai tinka d\u0117v\u0117ti \u017eiemos sezonu<\/p>\n<p>Pir\u0161tini\u0173 dyd\u017ei\u0173 lentel\u0117<\/p>\n<p>7- S dydis- tinka moterims, kuri\u0173 rankos yra ma\u017eesn\u0117s ir siauresn\u0117s<\/p>\n<p>7,5- M dydis- tinka moterims, kuri\u0173 rankos yra vidutin\u0117s<\/p>\n<p>8- L dydis- tinka moterims, kuri\u0173 rankos yra didesn\u0117s<\/p>\n<p>8,5- XL dydis- tinka moterims, kuri\u0173 rankos yra didesn\u0117s ir storesn\u0117s<\/p>\n<p>Pir\u0161tin\u0117s jau sand\u0117lyje- pristatymas per kelias dienas.<\/p>\n","protected":false},"excerpt":{"rendered":"<p>&nbsp; Patogios nat\u016bralaus avikailio pir\u0161tin\u0117s su \u0161iltu nat\u016bralaus avikailio pamu\u0161alu puikiai tinka d\u0117v\u0117ti \u017eiemos sezonu Pir\u0161tini\u0173 dyd\u017ei\u0173 lentel\u0117 7- S dydis- tinka moterims, kuri\u0173 rankos yra ma\u017eesn\u0117s ir siauresn\u0117s 7,5- M dydis- tinka moterims, kuri\u0173 rankos yra vidutin\u0117s 8- L dydis- tinka moterims, kuri\u0173 rankos yra didesn\u0117s 8,5- XL dydis- tinka moterims, kuri\u0173 rankos yra [&hellip;]<\/p>\n","protected":false},"featured_media":265857,"comment_status":"open","ping_status":"closed","template":"","meta":{"_acf_changed":false},"product_brand":[],"product_cat":[264],"product_tag":[],"class_list":{"0":"post-265856","1":"product","2":"type-product","3":"status-publish","4":"has-post-thumbnail","6":"product_cat-kepures-pirstines-salikai","7":"product_shipping_class-tarneaeg-1-4-paeva","9":"first","10":"instock","11":"taxable","12":"shipping-taxable","13":"purchasable","14":"product-type-variable","15":"has-default-attributes","16":"add-to-wishlist-after_add_to_cart"},"acf":[],"_links":{"self":[{"href":"https:\/\/tellimused.stiilne.ee\/lt\/wp-json\/wp\/v2\/product\/265856","targetHints":{"allow":["GET"]}}],"collection":[{"href":"https:\/\/tellimused.stiilne.ee\/lt\/wp-json\/wp\/v2\/product"}],"about":[{"href":"https:\/\/tellimused.stiilne.ee\/lt\/wp-json\/wp\/v2\/types\/product"}],"replies":[{"embeddable":true,"href":"https:\/\/tellimused.stiilne.ee\/lt\/wp-json\/wp\/v2\/comments?post=265856"}],"wp:featuredmedia":[{"embeddable":true,"href":"https:\/\/tellimused.stiilne.ee\/lt\/wp-json\/wp\/v2\/media\/265857"}],"wp:attachment":[{"href":"https:\/\/tellimused.stiilne.ee\/lt\/wp-json\/wp\/v2\/media?parent=265856"}],"wp:term":[{"taxonomy":"product_brand","embeddable":true,"href":"https:\/\/tellimused.stiilne.ee\/lt\/wp-json\/wp\/v2\/product_brand?post=265856"},{"taxonomy":"product_cat","embeddable":true,"href":"https:\/\/tellimused.stiilne.ee\/lt\/wp-json\/wp\/v2\/product_cat?post=265856"},{"taxonomy":"product_tag","embeddable":true,"href":"https:\/\/tellimused.stiilne.ee\/lt\/wp-json\/wp\/v2\/product_tag?post=265856"}],"curies":[{"name":"wp","href":"https:\/\/api.w.org\/{rel}","templated":true}]}}