{"id":265880,"date":"2026-03-12T13:39:49","date_gmt":"2026-03-12T11:39:49","guid":{"rendered":"https:\/\/tellimused.stiilne.ee\/toode\/armas-must-korge-piha-osaga-pikem-figuurisobralik-taskutega-kleit-nelli-kohe-laos-viimane-suuruses-s36-sobib-ka-vaiksemale-38-suuruse-kandjale\/"},"modified":"2026-04-07T11:08:34","modified_gmt":"2026-04-07T08:08:34","slug":"miela-juoda-suknele-aukstomis-rankovemis-ir-ilgesnemis-figura-isryskinanciomis-kisenemis-nelli-beveik-sandelyje-s-dydzio-36-dydis-tinka-ir-mazesniems-38-dydzio-drabuziams","status":"publish","type":"product","link":"https:\/\/tellimused.stiilne.ee\/lt\/produktas\/miela-juoda-suknele-aukstomis-rankovemis-ir-ilgesnemis-figura-isryskinanciomis-kisenemis-nelli-beveik-sandelyje-s-dydzio-36-dydis-tinka-ir-mazesniems-38-dydzio-drabuziams\/","title":{"rendered":"Miela juoda suknel\u0117 auk\u0161tomis rankov\u0117mis ir ilgesn\u0117mis fig\u016br\u0105 i\u0161ry\u0161kinan\u010diomis ki\u0161en\u0117mis Nelli &#8211; beveik sand\u0117lyje S dyd\u017eio (36 dydis &#8211; tinka ir ma\u017eesniems 38 dyd\u017eio drabu\u017eiams)."},"content":{"rendered":"<h3 data-start=\"94\" data-end=\"153\">&#8222;Nelli&#8221; suknel\u0117 &#8211; J\u016bs\u0173 nauja m\u0117gstamiausia kiekvieno sezono suknel\u0117 Estijoje  <\/h3>\n<p data-start=\"155\" data-end=\"436\"><strong data-start=\"155\" data-end=\"291\">Maloniai mink\u0161ta, prigludusi prie fig\u016bros ir su ki\u0161en\u0117mis &#8211; &#8222;Nelli&#8221; suknel\u0117 yra puikus pasirinkimas v\u0117sesniems ir \u017evarbesniems Estijos orams.<\/strong>  D\u0117v\u0117kite j\u0105 \u012f darb\u0105, laisvalaik\u012f ar \u012f kavin\u0119 su draug\u0117mis &#8211; \u0161i suknel\u0117 tinka visur! Ruden\u012f ir \u017eiem\u0105 tereikia apsimauti juodas kojines ir b\u016bsite pasiruo\u0161usi. <\/p>\n<p data-start=\"438\" data-end=\"591\">  S <strong data-start=\"441\" data-end=\"485\">uknel\u0117s kirpimas yra tikras k\u016bno formantas<\/strong> &#8211; auk\u0161tesn\u0117 dir\u017eo linija po kr\u016btine padeda vizualiai pailginti siluet\u0105 ir sukuria lieknumo bei moteri\u0161kumo \u012fsp\u016bd\u012f.<\/p>\n<p data-start=\"595\" data-end=\"814\">  <strong data-start=\"598\" data-end=\"630\">Rank\u0173 darbo Estijoje<\/strong> i\u0161 auk\u0161tos kokyb\u0117s elastingo audinio &#8211; 95 % viskoz\u0117s ir 5 % elastano, tod\u0117l jis malonus, mink\u0161tas, elastingas ir nesirauk\u0161l\u0117jantis. Suknel\u0117 \u0161iek tiek labiau i\u0161sitempia u\u017esid\u0117jus ant nugaros, kad b\u016bt\u0173 patogu visiems dyd\u017eiams. <\/p>\n<p data-start=\"816\" data-end=\"899\">  Suknel\u0117 <strong data-start=\"828\" data-end=\"848\">jau sand\u0117lyje<\/strong> &#8211; ji bus pristatyta per kelias darbo dienas.<\/p>\n<p data-start=\"901\" data-end=\"1034\">  Nuotraukoje pavaizduotas modelis yra 158 cm \u016bgio &#8211; daugumai moter\u0173 suknel\u0117 eleganti\u0161kai krenta vir\u0161 keli\u0173.<\/p>\n<p>&nbsp;<\/p>\n<p>&nbsp;<\/p>\n","protected":false},"excerpt":{"rendered":"<p>&#8222;Nelli&#8221; suknel\u0117 &#8211; J\u016bs\u0173 nauja m\u0117gstamiausia kiekvieno sezono suknel\u0117 Estijoje Maloniai mink\u0161ta, prigludusi prie fig\u016bros ir su ki\u0161en\u0117mis &#8211; &#8222;Nelli&#8221; suknel\u0117 yra puikus pasirinkimas v\u0117sesniems ir \u017evarbesniems Estijos orams. D\u0117v\u0117kite j\u0105 \u012f darb\u0105, laisvalaik\u012f ar \u012f kavin\u0119 su draug\u0117mis &#8211; \u0161i suknel\u0117 tinka visur! Ruden\u012f ir \u017eiem\u0105 tereikia apsimauti juodas kojines ir b\u016bsite pasiruo\u0161usi. S [&hellip;]<\/p>\n","protected":false},"featured_media":265881,"comment_status":"open","ping_status":"closed","template":"","meta":{"_acf_changed":false},"product_brand":[],"product_cat":[299],"product_tag":[],"class_list":{"0":"post-265880","1":"product","2":"type-product","3":"status-publish","4":"has-post-thumbnail","6":"product_cat-yemi-disain-sukneles","7":"product_shipping_class-tarneaeg-1-4-paeva","9":"first","10":"instock","11":"sale","12":"taxable","13":"shipping-taxable","14":"purchasable","15":"product-type-variable","16":"has-default-attributes","17":"add-to-wishlist-after_add_to_cart"},"acf":[],"_links":{"self":[{"href":"https:\/\/tellimused.stiilne.ee\/lt\/wp-json\/wp\/v2\/product\/265880","targetHints":{"allow":["GET"]}}],"collection":[{"href":"https:\/\/tellimused.stiilne.ee\/lt\/wp-json\/wp\/v2\/product"}],"about":[{"href":"https:\/\/tellimused.stiilne.ee\/lt\/wp-json\/wp\/v2\/types\/product"}],"replies":[{"embeddable":true,"href":"https:\/\/tellimused.stiilne.ee\/lt\/wp-json\/wp\/v2\/comments?post=265880"}],"wp:featuredmedia":[{"embeddable":true,"href":"https:\/\/tellimused.stiilne.ee\/lt\/wp-json\/wp\/v2\/media\/265881"}],"wp:attachment":[{"href":"https:\/\/tellimused.stiilne.ee\/lt\/wp-json\/wp\/v2\/media?parent=265880"}],"wp:term":[{"taxonomy":"product_brand","embeddable":true,"href":"https:\/\/tellimused.stiilne.ee\/lt\/wp-json\/wp\/v2\/product_brand?post=265880"},{"taxonomy":"product_cat","embeddable":true,"href":"https:\/\/tellimused.stiilne.ee\/lt\/wp-json\/wp\/v2\/product_cat?post=265880"},{"taxonomy":"product_tag","embeddable":true,"href":"https:\/\/tellimused.stiilne.ee\/lt\/wp-json\/wp\/v2\/product_tag?post=265880"}],"curies":[{"name":"wp","href":"https:\/\/api.w.org\/{rel}","templated":true}]}}