{"id":265889,"date":"2026-03-12T13:39:49","date_gmt":"2026-03-12T11:39:49","guid":{"rendered":"https:\/\/tellimused.stiilne.ee\/toode\/stiilne-must-taskutega-pusakleit-varvide-mang-kohe-laos-suurus-xs34-36-viimane\/"},"modified":"2026-04-07T11:08:35","modified_gmt":"2026-04-07T08:08:35","slug":"stilinga-juoda-megztine-suknele-su-kisenemis-game-of-colours-netrukus-bus-sandelyje-xs34-36-dydis-paskutinis","status":"publish","type":"product","link":"https:\/\/tellimused.stiilne.ee\/lt\/produktas\/stilinga-juoda-megztine-suknele-su-kisenemis-game-of-colours-netrukus-bus-sandelyje-xs34-36-dydis-paskutinis\/","title":{"rendered":"Stilinga juoda megztin\u0117 suknel\u0117 su ki\u0161en\u0117mis Game of Colours &#8211; netrukus bus sand\u0117lyje XS(34-36) dydis paskutinis"},"content":{"rendered":"<p>&nbsp;<\/p>\n<p>Gra\u017ei megztin\u0117 suknel\u0117 su ki\u0161en\u0117mis, pasi\u016bta i\u0161 odai malonaus audinio, tikriausiai yra viena patogiausi\u0173 sukneli\u0173, nes j\u0105 galima d\u0117v\u0117ti ir laisvalaikiu, ir darbe. su \u0161ia suknele jausit\u0117s gerai, nes suknel\u0117s med\u017eiaga yra pakankamai \u0161ilta, suknel\u0117 yra gero ilgio (daugumos moter\u0173 keliai lieka suknel\u0117s viduje) ir suknel\u0119 galima d\u0117v\u0117ti visais keturiais met\u0173 laikais. \u0161altesniu oru po ja tereikia u\u017esimauti \u0161iltas p\u0117dkelnes.<\/p>\n<p>Palaidin\u0117s med\u017eiaga &#8211; 95 % medviln\u0117s ir 5 % elastano, tampraus, mink\u0161to megztinio audinio.<\/p>\n<p>Tiksli\u0105 palaidin\u0117s dyd\u017ei\u0173 lentel\u0119 rasite po papildomomis nuotraukomis.<\/p>\n<p>Visos &#8222;Yemi Design&#8221; palaidini\u0173 suknel\u0117s ir palaidin\u0117s sukurtos Estijoje ir yra 100 % rank\u0173 darbo.<\/p>\n<p>Sand\u0117lyje esantys dyd\u017eiai \u012f siunt\u0173 ma\u0161in\u0105 bus pristatyti per kelias dienas.<\/p>\n<p>U\u017esakyti dyd\u017eiai pristatomi ne v\u0117liau kaip per 15 dien\u0173 &#8211; dauguma u\u017esakym\u0173 vis tiek pristatomi per savait\u0119.<\/p>\n<p>Sukneles siuvame pagal special\u0173 u\u017esakym\u0105 pagal kliento u\u017esakyt\u0105 dyd\u012f.<\/p>\n","protected":false},"excerpt":{"rendered":"<p>&nbsp; Gra\u017ei megztin\u0117 suknel\u0117 su ki\u0161en\u0117mis, pasi\u016bta i\u0161 odai malonaus audinio, tikriausiai yra viena patogiausi\u0173 sukneli\u0173, nes j\u0105 galima d\u0117v\u0117ti ir laisvalaikiu, ir darbe. su \u0161ia suknele jausit\u0117s gerai, nes suknel\u0117s med\u017eiaga yra pakankamai \u0161ilta, suknel\u0117 yra gero ilgio (daugumos moter\u0173 keliai lieka suknel\u0117s viduje) ir suknel\u0119 galima d\u0117v\u0117ti visais keturiais met\u0173 laikais. \u0161altesniu oru [&hellip;]<\/p>\n","protected":false},"featured_media":265890,"comment_status":"open","ping_status":"closed","template":"","meta":{"_acf_changed":false},"product_brand":[],"product_cat":[299],"product_tag":[],"class_list":{"0":"post-265889","1":"product","2":"type-product","3":"status-publish","4":"has-post-thumbnail","6":"product_cat-yemi-disain-sukneles","7":"product_shipping_class-tarneaeg-5-15-paeva","9":"first","10":"instock","11":"sale","12":"taxable","13":"shipping-taxable","14":"purchasable","15":"product-type-variable","16":"has-default-attributes","17":"add-to-wishlist-after_add_to_cart"},"acf":[],"_links":{"self":[{"href":"https:\/\/tellimused.stiilne.ee\/lt\/wp-json\/wp\/v2\/product\/265889","targetHints":{"allow":["GET"]}}],"collection":[{"href":"https:\/\/tellimused.stiilne.ee\/lt\/wp-json\/wp\/v2\/product"}],"about":[{"href":"https:\/\/tellimused.stiilne.ee\/lt\/wp-json\/wp\/v2\/types\/product"}],"replies":[{"embeddable":true,"href":"https:\/\/tellimused.stiilne.ee\/lt\/wp-json\/wp\/v2\/comments?post=265889"}],"wp:featuredmedia":[{"embeddable":true,"href":"https:\/\/tellimused.stiilne.ee\/lt\/wp-json\/wp\/v2\/media\/265890"}],"wp:attachment":[{"href":"https:\/\/tellimused.stiilne.ee\/lt\/wp-json\/wp\/v2\/media?parent=265889"}],"wp:term":[{"taxonomy":"product_brand","embeddable":true,"href":"https:\/\/tellimused.stiilne.ee\/lt\/wp-json\/wp\/v2\/product_brand?post=265889"},{"taxonomy":"product_cat","embeddable":true,"href":"https:\/\/tellimused.stiilne.ee\/lt\/wp-json\/wp\/v2\/product_cat?post=265889"},{"taxonomy":"product_tag","embeddable":true,"href":"https:\/\/tellimused.stiilne.ee\/lt\/wp-json\/wp\/v2\/product_tag?post=265889"}],"curies":[{"name":"wp","href":"https:\/\/api.w.org\/{rel}","templated":true}]}}