{"id":265917,"date":"2026-03-12T13:39:48","date_gmt":"2026-03-12T11:39:48","guid":{"rendered":"https:\/\/tellimused.stiilne.ee\/toode\/huppa-soe-kuid-samas-kerge-naiste-sulemantel-naima-must-nbvali-enda-tavaparasest-numbrist-vaiksem-suurus\/"},"modified":"2026-04-07T11:08:49","modified_gmt":"2026-04-07T08:08:49","slug":"huppa-silti-bet-lengvi-moteriski-batai-naima-black-nbpasirinkite-mazesni-nei-iprasta-dydi-pristatome-per-kelias-dienas","status":"publish","type":"product","link":"https:\/\/tellimused.stiilne.ee\/lt\/produktas\/huppa-silti-bet-lengvi-moteriski-batai-naima-black-nbpasirinkite-mazesni-nei-iprasta-dydi-pristatome-per-kelias-dienas\/","title":{"rendered":"HUPPA \u0161ilti, bet lengvi moteri\u0161ki batai Naima black-NB!Pasirinkite ma\u017eesn\u012f nei \u012fprasta dyd\u012f &#8211; Pristatome per kelias dienas!"},"content":{"rendered":"<h1>&#8222;Huppa Naima&#8221; moteri\u0161kas slidin\u0117jimo paltas &#8211; \u0161iltas, lengvas ir oro s\u0105lygoms atsparus pasirinkimas \u017eiemai<\/h1>\n<p>Jei ie\u0161kote <strong>moteri\u0161kos p\u016bkin\u0117s striuk\u0117s<\/strong>, kuri b\u016bt\u0173 <strong>\u0161ilta, lengva ir kartu stilinga<\/strong>, &#8222;Huppa Naima&#8221; yra puikus pasirinkimas. Ji sukurta atsi\u017evelgiant \u012f \u0160iaur\u0117s \u0161ali\u0173 klimat\u0105 &#8211; ji i\u0161laiko \u0161ilum\u0105, apsaugo nuo v\u0117jo ir dr\u0117gm\u0117s, tinka darbui, miestui ir kasdieniam ne\u0161iojimui. <\/p>\n<p>Naimos paltas yra tiesaus kirpimo, gra\u017eus, ilgas ir moteri\u0161kas, suteikiantis patogumo net ir ilgesniuose pasivaik\u0161\u010diojimuose \u0161altu oru.<\/p>\n<div contenteditable=\"false\">\n<hr>\n<\/div>\n<h2>Kod\u0117l verta rinktis &#8222;Huppa Naima&#8221; palt\u0105?<\/h2>\n<p>\u2714\ufe0f <strong>\u0160iltas, bet lengvas<\/strong> &#8211; puikiai tinka \u017eiemai, bet nesijau\u010dia sunkus <\/p>\n<p>\u2714\ufe0f <strong>V\u0117jui ir vandeniui atsparus audinys<\/strong> &#8211; i\u0161laiko jus sausus ir apsaugotus<\/p>\n<p>\u2714\ufe0f <strong>100 % plunksnoms atspari med\u017eiaga<\/strong> &#8211; plunksn\u0173 u\u017epildas neprasiskverbia pro audin\u012f.<\/p>\n<p>\u2714\ufe0f <strong>Dviej\u0173 kryp\u010di\u0173 priekinis u\u017eraktas<\/strong> &#8211; patogu s\u0117d\u0117ti ir jud\u0117ti<\/p>\n<p>\u2714\ufe0f <strong>Nuimamas gobtuvas su u\u017etrauktuku<\/strong> &#8211; galima pritaikyti prie oro s\u0105lyg\u0173<\/p>\n<p>\u2714\ufe0f <strong>U\u017erakinamos \u0161onin\u0117s ki\u0161en\u0117s ir vidin\u0117 ki\u0161en\u0117<\/strong> &#8211; saugi vieta telefonui ir raktams<\/p>\n<p>\u2714\ufe0f <strong>Vidiniai rankovi\u0173 rankogaliai<\/strong> &#8211; apsaugo nuo \u0161al\u010dio<\/p>\n<div contenteditable=\"false\">\n<hr>\n<\/div>\n<h2>&#8222;Huppa Naima&#8221; palt\u0173 matmen\u0173 lentel\u0117<\/h2>\n<table>\n<tbody>\n<tr>\n<th>Dydis<\/th>\n<th>Kr\u016btin\u0117s apimtis (cm)<\/th>\n<th>Klub\u0173 apimtis (cm)<\/th>\n<th>Priekin\u0117s dalies ilgis (cm)<\/th>\n<th>Ilgis nugaroje (cm)<\/th>\n<th>Pe\u010di\u0173 plotis (cm)<\/th>\n<th>Rankovi\u0173 ilgis (cm)<\/th>\n<\/tr>\n<tr>\n<td>XS<\/td>\n<td>98<\/td>\n<td>&#8211;<\/td>\n<td>116<\/td>\n<td>118<\/td>\n<td>41<\/td>\n<td>62<\/td>\n<\/tr>\n<tr>\n<td>S<\/td>\n<td>104<\/td>\n<td>115<\/td>\n<td>118<\/td>\n<td>120<\/td>\n<td>42<\/td>\n<td>63<\/td>\n<\/tr>\n<tr>\n<td>M<\/td>\n<td>110<\/td>\n<td>117<\/td>\n<td>120<\/td>\n<td>122<\/td>\n<td>43<\/td>\n<td>64<\/td>\n<\/tr>\n<tr>\n<td>L<\/td>\n<td>116<\/td>\n<td>120<\/td>\n<td>122<\/td>\n<td>124<\/td>\n<td>44<\/td>\n<td>65<\/td>\n<\/tr>\n<tr>\n<td>XL<\/td>\n<td>124<\/td>\n<td>130<\/td>\n<td>124<\/td>\n<td>126<\/td>\n<td>45<\/td>\n<td>66<\/td>\n<\/tr>\n<tr>\n<td>XXL<\/td>\n<td>132<\/td>\n<td>135<\/td>\n<td>126<\/td>\n<td>128<\/td>\n<td>46<\/td>\n<td>67<\/td>\n<\/tr>\n<\/tbody>\n<\/table>\n<p>  Jei esate tarp skirting\u0173 dyd\u017ei\u0173, rekomenduojame rinktis didesn\u012f dyd\u012f, kad b\u016bt\u0173 patogiau d\u0117v\u0117ti.<\/p>\n<div contenteditable=\"false\">\n<hr>\n<\/div>\n<h2>Nemokamas dyd\u017eio ir spalvos keitimas<\/h2>\n<p>Netinkamas dydis arba spalva? Joki\u0173 problem\u0173. <\/p>\n<p>\u2714\ufe0f <strong>Keitimas visada nemokamas, jei nurodomas DPD gr\u0105\u017einimo kodas.<\/strong><\/p>\n<p>\u2714\ufe0f Galite keisti dyd\u012f, spalv\u0105 ar net model\u012f.<\/p>\n<p>Pirkti galima be r\u016bpes\u010di\u0173 ir rizikos.<\/p>\n<div contenteditable=\"false\">\n<hr>\n<\/div>\n<h2>Kod\u0117l paltas su antspaudu yra geras pasirinkimas?<\/h2>\n<p>Sulfitas gars\u0117ja tuo, kad puikiai sulaiko \u0161ilum\u0105, ta\u010diau yra labai lengvas ir pralaidus orui. &#8221; <strong>Huppa Naima&#8221; vilnonis paltas<\/strong> su\u0161ildys \u0161alt\u0105 \u017eiemos dien\u0105, ta\u010diau nesijausite sunk\u016bs ar nepatog\u016bs. <\/p>\n<div contenteditable=\"false\">\n<hr>\n<\/div>\n<h2>Patogiai mok\u0117kite trimis dalimis &#8211; Esto3<\/h2>\n<p>U\u017e &#8222;Naima&#8221; kombinezon\u0105 taip pat galite sumok\u0117ti <strong>trimis lygiomis dalimis be joki\u0173 papildom\u0173 mokes\u010di\u0173.<\/strong><\/p>\n<p>\u2714\ufe0f Pirkini\u0173 krep\u0161elyje pasirinkite &#8221; <strong>Esto3&#8243;<\/strong> kaip mok\u0117jimo b\u016bd\u0105 \u2714\ufe0f Suma automati\u0161kai paskirstoma trims m\u0117nesiams \u2714\ufe0f Pirmasis mok\u0117jimas tik kito m\u0117nesio 15 d. \u2714\ufe0f Produkt\u0105 gausite i\u0161 karto. <\/p>\n<p>Patogus b\u016bdas paskirstyti i\u0161laidas be papildom\u0173 i\u0161laid\u0173.<\/p>\n<div contenteditable=\"false\">\n<hr>\n<\/div>\n<h2>U\u017esakymas telefonu<\/h2>\n<p>U\u017esakym\u0105 taip pat galite pateikti telefonu.<\/p>\n<p>  Skambutis <strong>51 45 245<\/strong><\/p>\n<p>Tokiu atveju u\u017e prekes galite sumok\u0117ti <strong>siunt\u0173 automate pristatymo metu.<\/strong><\/p>\n<div contenteditable=\"false\">\n<hr>\n<\/div>\n<h2>Da\u017enai u\u017eduodami klausimai (DUK)<\/h2>\n<p><strong>Ar \u0161is paltas pakankamai \u0161iltas Estijos \u017eiemai?<\/strong><br \/>\nTaip. &#8222;Huppa Naima&#8221; sukurta atsi\u017evelgiant \u012f \u0161iaurieti\u0161kas \u017eiemas ir puikiai tinka kasdieniam d\u0117v\u0117jimui \u0161altu oru. <\/p>\n<p><strong>Ar paltas sunkus?<\/strong><br \/>\nNe. D\u0117l tirpimo paltas tampa labai \u0161iltas, bet steb\u0117tinai lengvas. <\/p>\n<p><strong>Ar j\u016bs\u0173 paltas gali atlaikyti liet\u0173 ir \u0161lapdrib\u0105?<\/strong><br \/>\nTaip. Med\u017eiaga yra atspari v\u0117jui ir vandeniui ir gerai apsaugo permainingu \u017eiemos oru. <\/p>\n<p><strong>K\u0105 daryti, jei dydis netinka?<\/strong><br \/>\nDyd\u017eio ar spalvos keitimas visada NEMOKAMAS su DPD gr\u0105\u017einimo kodu.<\/p>\n<p><strong>Kaip greitai bus pristatytas j\u016bs\u0173 u\u017esakymas?<\/strong><br \/>\nPaprastai j\u016bs\u0173 siuntinys \u012f siunt\u0173 automat\u0105 atkeliauja per 1-3 darbo dienas.<\/p>\n<p>U\u017esakymai, pateikti darbo dien\u0105 prie\u0161 v\u0117lavim\u0105, bus i\u0161si\u0173sti t\u0105 pa\u010di\u0105 dien\u0105.<\/p>\n","protected":false},"excerpt":{"rendered":"<p>&#8222;Huppa Naima&#8221; moteri\u0161kas slidin\u0117jimo paltas &#8211; \u0161iltas, lengvas ir oro s\u0105lygoms atsparus pasirinkimas \u017eiemai Jei ie\u0161kote moteri\u0161kos p\u016bkin\u0117s striuk\u0117s, kuri b\u016bt\u0173 \u0161ilta, lengva ir kartu stilinga, &#8222;Huppa Naima&#8221; yra puikus pasirinkimas. Ji sukurta atsi\u017evelgiant \u012f \u0160iaur\u0117s \u0161ali\u0173 klimat\u0105 &#8211; ji i\u0161laiko \u0161ilum\u0105, apsaugo nuo v\u0117jo ir dr\u0117gm\u0117s, tinka darbui, miestui ir kasdieniam ne\u0161iojimui. Naimos paltas [&hellip;]<\/p>\n","protected":false},"featured_media":265918,"comment_status":"open","ping_status":"closed","template":"","meta":{"_acf_changed":false},"product_brand":[],"product_cat":[300,301],"product_tag":[],"class_list":{"0":"post-265917","1":"product","2":"type-product","3":"status-publish","4":"has-post-thumbnail","6":"product_cat-zieminiai-paltiniai","7":"product_cat-zieminiai-paltukai-iki-60","8":"product_shipping_class-tarneaeg-1-4-paeva","10":"first","11":"instock","12":"sale","13":"taxable","14":"shipping-taxable","15":"purchasable","16":"product-type-variable","17":"has-default-attributes","18":"add-to-wishlist-after_add_to_cart"},"acf":[],"_links":{"self":[{"href":"https:\/\/tellimused.stiilne.ee\/lt\/wp-json\/wp\/v2\/product\/265917","targetHints":{"allow":["GET"]}}],"collection":[{"href":"https:\/\/tellimused.stiilne.ee\/lt\/wp-json\/wp\/v2\/product"}],"about":[{"href":"https:\/\/tellimused.stiilne.ee\/lt\/wp-json\/wp\/v2\/types\/product"}],"replies":[{"embeddable":true,"href":"https:\/\/tellimused.stiilne.ee\/lt\/wp-json\/wp\/v2\/comments?post=265917"}],"wp:featuredmedia":[{"embeddable":true,"href":"https:\/\/tellimused.stiilne.ee\/lt\/wp-json\/wp\/v2\/media\/265918"}],"wp:attachment":[{"href":"https:\/\/tellimused.stiilne.ee\/lt\/wp-json\/wp\/v2\/media?parent=265917"}],"wp:term":[{"taxonomy":"product_brand","embeddable":true,"href":"https:\/\/tellimused.stiilne.ee\/lt\/wp-json\/wp\/v2\/product_brand?post=265917"},{"taxonomy":"product_cat","embeddable":true,"href":"https:\/\/tellimused.stiilne.ee\/lt\/wp-json\/wp\/v2\/product_cat?post=265917"},{"taxonomy":"product_tag","embeddable":true,"href":"https:\/\/tellimused.stiilne.ee\/lt\/wp-json\/wp\/v2\/product_tag?post=265917"}],"curies":[{"name":"wp","href":"https:\/\/api.w.org\/{rel}","templated":true}]}}