{"id":265967,"date":"2026-03-12T13:36:19","date_gmt":"2026-03-12T11:36:19","guid":{"rendered":"https:\/\/tellimused.stiilne.ee\/toode\/toku-brussels-eesti-kasitoo-sussid-sinised-kohe-laos-tarne-paar-paeva\/"},"modified":"2026-04-07T11:08:49","modified_gmt":"2026-04-07T08:08:49","slug":"toku-brussels-estijos-ranku-darbo-slepetes-melynos-spalvos-naudojamos-pristatome-per-kelias-dienas","status":"publish","type":"product","link":"https:\/\/tellimused.stiilne.ee\/lt\/produktas\/toku-brussels-estijos-ranku-darbo-slepetes-melynos-spalvos-naudojamos-pristatome-per-kelias-dienas\/","title":{"rendered":"TOKU Br\u00fcssels Estijos rank\u0173 darbo \u0161lepet\u0117s m\u0117lynos spalvos &#8211; NAUDOJAMOS &#8211; Pristatome per kelias dienas"},"content":{"rendered":"<h1>TOKU Brussels vilnon\u0117s \u0161lepet\u0117s<\/h1>\n<p>Patogios, \u0161iltos ir laikui nepavald\u017eios <strong>\u0161lepet\u0117s &#8222;TOKU Brussels&#8221;<\/strong> pagamintos i\u0161 100 % \u0117riuko vilnos veltinio. \u0160ios nat\u016bralios rank\u0173 darbo \u0161lepet\u0117s puikiai tinka kasdieniam ne\u0161iojimui namuose, nes net ir v\u0117sesniu oru suteikia p\u0117doms atram\u0105 ir \u0161ilum\u0105. <\/p>\n<div contenteditable=\"false\">\n<hr>\n<\/div>\n<h2>Kod\u0117l verta rinktis TOKU Briuselio \u0161lepetes?<\/h2>\n<ul data-spread=\"false\">\n<li>100 % avies vilnos veltinis<\/li>\n<li>Koj\u0173 parama arkos parama<\/li>\n<li>\u0160iek tiek pakeltas kulnas<\/li>\n<li>Patvarus PU dengtas mikropluo\u0161to padas<\/li>\n<li>Amatai &#8211; d\u0117vimos \u0161lepet\u0117s \u012fgauna p\u0117dos form\u0105<\/li>\n<li>Lengva u\u017esid\u0117ti ir nuimti<\/li>\n<\/ul>\n<div contenteditable=\"false\">\n<hr>\n<\/div>\n<h2>Komfortas ir parama kiekviename \u017eingsnyje<\/h2>\n<p>&#8222;TOKU Brussels&#8221; \u0161lepe\u010di\u0173 vidpadis skirtas p\u0117dai palaikyti ir padeda suma\u017einti p\u0117d\u0173 nuovarg\u012f. Kulnas \u0161iek tiek paauk\u0161tintas, kad b\u016bt\u0173 patogu ir stabilu. D\u0117l nat\u016bralaus veltinio \u0161lepet\u0117 prisitaiko prie d\u0117v\u0117tojo p\u0117dos formos ir laikui b\u0117gant tampa dar patogesn\u0117.  <\/p>\n<div contenteditable=\"false\">\n<hr>\n<\/div>\n<h2>Patvarus pagrindas ir kokybi\u0161kos med\u017eiagos<\/h2>\n<p>\u0160lepe\u010di\u0173 su kulnu padas pagamintas i\u0161 tvirto juodo mikropluo\u0161to su patvaria PU danga. Tai u\u017etikrina didesn\u012f atsparum\u0105 dilimui ir tinka d\u0117v\u0117ti kasdien. <\/p>\n<div contenteditable=\"false\">\n<hr>\n<\/div>\n<h2>Prie\u017ei\u016bros instrukcijos<\/h2>\n<ul data-spread=\"false\">\n<li>Pa\u0161alinkite vilnos vir\u0161\u016bn\u0117les naudodami skustuv\u0105 arba \u012fprast\u0105 skustuv\u0105.<\/li>\n<li>Galima skalbti rankomis arba skalbimo ma\u0161inoje<\/li>\n<li>Skalbimo ma\u0161ina: 30 \u00b0C, vilnos re\u017eimas, sukimo ciklas iki 1000 aps\/min.<\/li>\n<li>Naudokite mai\u0161el\u012f \u0161lepet\u0117ms (pridedamas)<\/li>\n<li>Naudokite \u0161veln\u0173 vilnai skirt\u0105 plovikl\u012f<\/li>\n<li>D\u017eiovinkite ore, venkite kar\u0161\u010dio (d\u017eiovykl\u0117s, radiatoriaus, grind\u0173 \u0161ildymo).<\/li>\n<li>Dr\u0117gnuoju b\u016bdu suformuokite \u0161lepetes pagal reikiam\u0105 form\u0105<\/li>\n<li>Visi\u0161kai i\u0161d\u017ei\u016bti gali prireikti keli\u0173 dien\u0173<\/li>\n<li>Skalbimas gali tur\u0117ti \u012ftakos odini\u0173 etike\u010di\u0173 i\u0161vaizdai<\/li>\n<\/ul>\n<div contenteditable=\"false\">\n<hr>\n<\/div>\n<h2>Dyd\u017ei\u0173 lentel\u0117 (vidpad\u017eio ilgis cm)<\/h2>\n<table>\n<tbody>\n<tr>\n<th>P\u0117dos dydis<\/th>\n<th>Vidpad\u017eio ilgis<\/th>\n<\/tr>\n<tr>\n<td>36<\/td>\n<td>22,5 cm<\/td>\n<\/tr>\n<tr>\n<td>37<\/td>\n<td>23 cm<\/td>\n<\/tr>\n<tr>\n<td>38<\/td>\n<td>23,5 cm<\/td>\n<\/tr>\n<tr>\n<td>39<\/td>\n<td>24,5 cm<\/td>\n<\/tr>\n<tr>\n<td>40<\/td>\n<td>25 cm<\/td>\n<\/tr>\n<tr>\n<td>41<\/td>\n<td>25,5 cm<\/td>\n<\/tr>\n<tr>\n<td>42<\/td>\n<td>26 cm<\/td>\n<\/tr>\n<tr>\n<td>43<\/td>\n<td>26,5 cm<\/td>\n<\/tr>\n<tr>\n<td>44<\/td>\n<td>27,5 cm<\/td>\n<\/tr>\n<tr>\n<td>45<\/td>\n<td>28 cm<\/td>\n<\/tr>\n<tr>\n<td>46<\/td>\n<td>29 cm<\/td>\n<\/tr>\n<tr>\n<td>47<\/td>\n<td>29,5 cm<\/td>\n<\/tr>\n<\/tbody>\n<\/table>\n<div contenteditable=\"false\">\n<hr>\n<\/div>\n<h2>DUK &#8211; Da\u017eniausiai u\u017eduodami klausimai<\/h2>\n<h3>Ar TOKU Briuselio \u0161lepet\u0117s i\u0161sitempia?<\/h3>\n<p>Taip. Kadangi \u0161lepet\u0117s pagamintos i\u0161 nat\u016bralaus veltinio, d\u0117vint jos prisitaiko prie j\u016bs\u0173 p\u0117d\u0173 formos ir gali \u0161iek tiek i\u0161sitempti. <\/p>\n<h3>Ar \u0161ias \u0161lepetes galima skalbti skalbimo ma\u0161inoje?<\/h3>\n<p>Taip, 30 laipsni\u0173 temperat\u016broje, vilnos re\u017eimu, naudojant mai\u0161el\u012f \u0161lepet\u0117ms ir vilnos skalbikl\u012f.<\/p>\n<h3>Ar \u0161ios \u0161lepet\u0117s tinka platesn\u0117ms p\u0117doms?<\/h3>\n<p>Taip, vilnos veltinis yra lankstus ir gerai prisitaiko prie \u012fvairi\u0173 p\u0117d\u0173 form\u0173.<\/p>\n<h3>Ar \u0161lepet\u0117s turi neslystant\u012f pad\u0105?<\/h3>\n<p>Padas pagamintas i\u0161 patvaraus PU dengto mikropluo\u0161to, kuris u\u017etikrina ger\u0105 stabilum\u0105 d\u0117vint kasdien.<\/p>\n<h3>Ar \u0161ios \u0161lepet\u0117s \u0161iltos?<\/h3>\n<p>Taip, 100 % avies vilnos antklod\u0117 i\u0161laiko j\u016bs\u0173 kojas \u0161iltas net ir v\u0117sesniu oru.<\/p>\n<div class=\"product-short-description\"><\/div>\n<div class=\"same-product-colors\">\n<p>&nbsp;<\/p>\n<\/div>\n<div class=\"product-short-description\"><\/div>\n<p>&nbsp;<\/p>\n<div class=\"same-product-colors\">\n<p>&nbsp;<\/p>\n<\/div>\n","protected":false},"excerpt":{"rendered":"<p>TOKU Brussels vilnon\u0117s \u0161lepet\u0117s Patogios, \u0161iltos ir laikui nepavald\u017eios \u0161lepet\u0117s &#8222;TOKU Brussels&#8221; pagamintos i\u0161 100 % \u0117riuko vilnos veltinio. \u0160ios nat\u016bralios rank\u0173 darbo \u0161lepet\u0117s puikiai tinka kasdieniam ne\u0161iojimui namuose, nes net ir v\u0117sesniu oru suteikia p\u0117doms atram\u0105 ir \u0161ilum\u0105. Kod\u0117l verta rinktis TOKU Briuselio \u0161lepetes? 100 % avies vilnos veltinis Koj\u0173 parama arkos parama \u0160iek [&hellip;]<\/p>\n","protected":false},"featured_media":265968,"comment_status":"open","ping_status":"closed","template":"","meta":{"_acf_changed":false},"product_brand":[],"product_cat":[319,316,371,372,362],"product_tag":[],"class_list":{"0":"post-265967","1":"product","2":"type-product","3":"status-publish","4":"has-post-thumbnail","6":"product_cat-dovanos-moterims","7":"product_cat-dovanos-vyrams","8":"product_cat-slepetes","9":"product_cat-toku-ranku-darbo-slepetes","10":"product_cat-vyrams-2","11":"product_shipping_class-tarneaeg-1-4-paeva","13":"first","14":"instock","15":"sale","16":"taxable","17":"shipping-taxable","18":"purchasable","19":"product-type-variable","20":"has-default-attributes","21":"add-to-wishlist-after_add_to_cart"},"acf":[],"_links":{"self":[{"href":"https:\/\/tellimused.stiilne.ee\/lt\/wp-json\/wp\/v2\/product\/265967","targetHints":{"allow":["GET"]}}],"collection":[{"href":"https:\/\/tellimused.stiilne.ee\/lt\/wp-json\/wp\/v2\/product"}],"about":[{"href":"https:\/\/tellimused.stiilne.ee\/lt\/wp-json\/wp\/v2\/types\/product"}],"replies":[{"embeddable":true,"href":"https:\/\/tellimused.stiilne.ee\/lt\/wp-json\/wp\/v2\/comments?post=265967"}],"wp:featuredmedia":[{"embeddable":true,"href":"https:\/\/tellimused.stiilne.ee\/lt\/wp-json\/wp\/v2\/media\/265968"}],"wp:attachment":[{"href":"https:\/\/tellimused.stiilne.ee\/lt\/wp-json\/wp\/v2\/media?parent=265967"}],"wp:term":[{"taxonomy":"product_brand","embeddable":true,"href":"https:\/\/tellimused.stiilne.ee\/lt\/wp-json\/wp\/v2\/product_brand?post=265967"},{"taxonomy":"product_cat","embeddable":true,"href":"https:\/\/tellimused.stiilne.ee\/lt\/wp-json\/wp\/v2\/product_cat?post=265967"},{"taxonomy":"product_tag","embeddable":true,"href":"https:\/\/tellimused.stiilne.ee\/lt\/wp-json\/wp\/v2\/product_tag?post=265967"}],"curies":[{"name":"wp","href":"https:\/\/api.w.org\/{rel}","templated":true}]}}