{"id":265985,"date":"2026-03-12T13:34:44","date_gmt":"2026-03-12T11:34:44","guid":{"rendered":"https:\/\/tellimused.stiilne.ee\/toode\/armas-sinine-taskutega-kleit-brita-moon-tellimisel\/"},"modified":"2026-04-07T11:08:31","modified_gmt":"2026-04-07T08:08:31","slug":"miela-melyna-suknele-su-kisenemis-brita-moon-on-demand","status":"publish","type":"product","link":"https:\/\/tellimused.stiilne.ee\/lt\/produktas\/miela-melyna-suknele-su-kisenemis-brita-moon-on-demand\/","title":{"rendered":"Miela m\u0117lyna suknel\u0117 su ki\u0161en\u0117mis Brita Moon-on-demand"},"content":{"rendered":"<p>Puiki suknel\u0117 \u0161iek tiek v\u0117juotam ir v\u0117sesniam vasaros orui Estijoje &#8211; d\u0117v\u0117kite j\u0105 laisvalaikiu, darbe, eidami \u012f kavin\u0119 su draug\u0117mis ar tiesiog m\u0117gaudamiesi vasaros oru.<\/p>\n<p>&nbsp;<\/p>\n<p>\u0160i fig\u016br\u0105 primenanti suknel\u0117 su mink\u0161tomis ki\u0161en\u0117mis sukurta ir pagaminta Estijoje.<\/p>\n<p>Suknel\u0117s med\u017eiaga &#8211; &#8222;Oeko Tex&#8221; sertifikuotas storesnis medvilninis audinys, 95 % medviln\u0117s ir 5 % elastano &#8211; mink\u0161tas ir jaukus prie odos.<\/p>\n<p>Suknel\u0117s siuvamos pagal special\u0173 u\u017esakym\u0105, atsi\u017evelgiant \u012f kliento u\u017esakyt\u0105 dyd\u012f.<\/p>\n<p>Sand\u0117lyje esantys dyd\u017eiai pasiekiami i\u0161 karto, o pristatymo laikas 1-4 darbo dienos &#8211; dauguma siuntini\u0173 \u012f siunt\u0173 skyri\u0173 atkeliauja per kelias dienas.<\/p>\n<p>&nbsp;<\/p>\n<p><strong>Skirting\u0173 dyd\u017ei\u0173 XS, S, M, L, XL, XXL eil\u0117s tvarka<\/strong><\/p>\n<p>Kr\u016btin\u0117s apimtis 88, 92, 96, 100, 106, 112 cm<\/p>\n<p>NB!Suknel\u0117s audinys yra tampri med\u017eiaga &#8211; suknel\u0117 \u0161iek tiek i\u0161sitempia u\u017esid\u0117jus ant nugaros, prireikus ji taip pat \u0161iek tiek padid\u0117s.<\/p>\n<p>Prie suknel\u0117s priderint\u0105 fuksij\u0173 ro\u017ein\u0117s spalvos rankin\u0119 galite rasti \u010dia <a href=\"\/?product_cat=mobiilikotid\">https:\/\/www.stiilne.ee\/tootekategooria\/naistele\/naiste-kotid\/mobiilikotid\/<\/a><\/p>\n","protected":false},"excerpt":{"rendered":"<p>Puiki suknel\u0117 \u0161iek tiek v\u0117juotam ir v\u0117sesniam vasaros orui Estijoje &#8211; d\u0117v\u0117kite j\u0105 laisvalaikiu, darbe, eidami \u012f kavin\u0119 su draug\u0117mis ar tiesiog m\u0117gaudamiesi vasaros oru. &nbsp; \u0160i fig\u016br\u0105 primenanti suknel\u0117 su mink\u0161tomis ki\u0161en\u0117mis sukurta ir pagaminta Estijoje. Suknel\u0117s med\u017eiaga &#8211; &#8222;Oeko Tex&#8221; sertifikuotas storesnis medvilninis audinys, 95 % medviln\u0117s ir 5 % elastano &#8211; mink\u0161tas [&hellip;]<\/p>\n","protected":false},"featured_media":264850,"comment_status":"open","ping_status":"closed","template":"","meta":{"_acf_changed":false},"product_brand":[],"product_cat":[299],"product_tag":[],"class_list":{"0":"post-265985","1":"product","2":"type-product","3":"status-publish","4":"has-post-thumbnail","6":"product_cat-yemi-disain-sukneles","7":"product_shipping_class-tarneaeg-1-4-paeva","9":"first","10":"instock","11":"sale","12":"taxable","13":"shipping-taxable","14":"purchasable","15":"product-type-variable","16":"has-default-attributes","17":"add-to-wishlist-after_add_to_cart"},"acf":[],"_links":{"self":[{"href":"https:\/\/tellimused.stiilne.ee\/lt\/wp-json\/wp\/v2\/product\/265985","targetHints":{"allow":["GET"]}}],"collection":[{"href":"https:\/\/tellimused.stiilne.ee\/lt\/wp-json\/wp\/v2\/product"}],"about":[{"href":"https:\/\/tellimused.stiilne.ee\/lt\/wp-json\/wp\/v2\/types\/product"}],"replies":[{"embeddable":true,"href":"https:\/\/tellimused.stiilne.ee\/lt\/wp-json\/wp\/v2\/comments?post=265985"}],"wp:featuredmedia":[{"embeddable":true,"href":"https:\/\/tellimused.stiilne.ee\/lt\/wp-json\/wp\/v2\/media\/264850"}],"wp:attachment":[{"href":"https:\/\/tellimused.stiilne.ee\/lt\/wp-json\/wp\/v2\/media?parent=265985"}],"wp:term":[{"taxonomy":"product_brand","embeddable":true,"href":"https:\/\/tellimused.stiilne.ee\/lt\/wp-json\/wp\/v2\/product_brand?post=265985"},{"taxonomy":"product_cat","embeddable":true,"href":"https:\/\/tellimused.stiilne.ee\/lt\/wp-json\/wp\/v2\/product_cat?post=265985"},{"taxonomy":"product_tag","embeddable":true,"href":"https:\/\/tellimused.stiilne.ee\/lt\/wp-json\/wp\/v2\/product_tag?post=265985"}],"curies":[{"name":"wp","href":"https:\/\/api.w.org\/{rel}","templated":true}]}}