{"id":265991,"date":"2026-03-12T13:34:43","date_gmt":"2026-03-12T11:34:43","guid":{"rendered":"https:\/\/tellimused.stiilne.ee\/toode\/tamaris-korvalt-lukuga-ja-seest-sooja-karvaga-mustad-naiste-poolsaapad-kohe-laos-super-hind\/"},"modified":"2026-04-07T11:08:48","modified_gmt":"2026-04-07T08:08:48","slug":"tamaris-juodi-moteriski-pusbaciai-su-soniniu-uztrauktuku-ir-siltu-kailiu-viduje-cia-parduodamos-parduotuveje-geriau","status":"publish","type":"product","link":"https:\/\/tellimused.stiilne.ee\/lt\/produktas\/tamaris-juodi-moteriski-pusbaciai-su-soniniu-uztrauktuku-ir-siltu-kailiu-viduje-cia-parduodamos-parduotuveje-geriau\/","title":{"rendered":"TAMARIS juodi moteri\u0161ki pusba\u010diai su \u0161oniniu u\u017etrauktuku ir \u0161iltu kailiu viduje &#8211; \u010cIA PARDUODAMOS parduotuv\u0117je &#8211; GERIAU"},"content":{"rendered":"<p>&nbsp;<\/p>\n<p>&#8222;Tamaris&#8221; batai pagaminti i\u0161 auk\u0161tos kokyb\u0117s sintetin\u0117s odos<\/p>\n<p>Batai turi patog\u0173 \u0161onin\u012f u\u017esegim\u0105, kuris palengvina bat\u0173 av\u0117jim\u0105, tod\u0117l nereikia kaskart ri\u0161ti rai\u0161teli\u0173.<\/p>\n<p>Bat\u0173 viduje yra \u017eemas kailinis pamu\u0161alas, kad b\u016bt\u0173 \u0161il\u010diau \u0161altuoju met\u0173 laiku.<\/p>\n<p>&#8222;Tamaris&#8221; pusiau zom\u0161iniai batai puikiai tinka av\u0117ti ruden\u012f, \u017eiem\u0105 ir pavasar\u012f.<\/p>\n<p><strong>Batai yra sand\u0117lyje &#8211; pristatymo laikas kelios dienos &#8211; u\u017esakymai, pateikti darbo dien\u0105 prie\u0161 v\u0117lavim\u0105, bus i\u0161si\u0173sti t\u0105 pa\u010di\u0105 dien\u0105.<\/strong><\/p>\n<p>Stilingai \u0161var\u016bs &#8222;Tamaris&#8221; batai &#8211; tai puik\u016bs batai \u012fvairaus am\u017eiaus moterims rudens ir \u017eiemos sezonui. Batai turi patog\u0173 \u017eem\u0105 kulniuk\u0105, tod\u0117l tinka ir jaunesn\u0117ms, ir vyresnio am\u017eiaus moterims. Vidin\u0117je pus\u0117je yra patogus u\u017esegimas, tod\u0117l batus lengva u\u017esid\u0117ti. vidus i\u0161klotas \u017eemu kailiniu pamu\u0161alu.  <\/p>\n<p>&#8222;Tamaris&#8221; \u017eemi juodi pusba\u010diai &#8211; geras klasikini\u0173 bat\u0173 pasirinkimas rudens ir \u017eiemos sezonui.<\/p>\n","protected":false},"excerpt":{"rendered":"<p>&nbsp; &#8222;Tamaris&#8221; batai pagaminti i\u0161 auk\u0161tos kokyb\u0117s sintetin\u0117s odos Batai turi patog\u0173 \u0161onin\u012f u\u017esegim\u0105, kuris palengvina bat\u0173 av\u0117jim\u0105, tod\u0117l nereikia kaskart ri\u0161ti rai\u0161teli\u0173. Bat\u0173 viduje yra \u017eemas kailinis pamu\u0161alas, kad b\u016bt\u0173 \u0161il\u010diau \u0161altuoju met\u0173 laiku. &#8222;Tamaris&#8221; pusiau zom\u0161iniai batai puikiai tinka av\u0117ti ruden\u012f, \u017eiem\u0105 ir pavasar\u012f. Batai yra sand\u0117lyje &#8211; pristatymo laikas kelios dienos &#8211; [&hellip;]<\/p>\n","protected":false},"featured_media":265992,"comment_status":"open","ping_status":"closed","template":"","meta":{"_acf_changed":false},"product_brand":[],"product_cat":[321,380,381],"product_tag":[],"class_list":{"0":"post-265991","1":"product","2":"type-product","3":"status-publish","4":"has-post-thumbnail","6":"product_cat-moterims","7":"product_cat-moteriski-batai","8":"product_cat-pusbatai","9":"product_shipping_class-tarneaeg-1-4-paeva","11":"first","12":"instock","13":"sale","14":"taxable","15":"shipping-taxable","16":"purchasable","17":"product-type-variable","18":"has-default-attributes","19":"add-to-wishlist-after_add_to_cart"},"acf":[],"_links":{"self":[{"href":"https:\/\/tellimused.stiilne.ee\/lt\/wp-json\/wp\/v2\/product\/265991","targetHints":{"allow":["GET"]}}],"collection":[{"href":"https:\/\/tellimused.stiilne.ee\/lt\/wp-json\/wp\/v2\/product"}],"about":[{"href":"https:\/\/tellimused.stiilne.ee\/lt\/wp-json\/wp\/v2\/types\/product"}],"replies":[{"embeddable":true,"href":"https:\/\/tellimused.stiilne.ee\/lt\/wp-json\/wp\/v2\/comments?post=265991"}],"wp:featuredmedia":[{"embeddable":true,"href":"https:\/\/tellimused.stiilne.ee\/lt\/wp-json\/wp\/v2\/media\/265992"}],"wp:attachment":[{"href":"https:\/\/tellimused.stiilne.ee\/lt\/wp-json\/wp\/v2\/media?parent=265991"}],"wp:term":[{"taxonomy":"product_brand","embeddable":true,"href":"https:\/\/tellimused.stiilne.ee\/lt\/wp-json\/wp\/v2\/product_brand?post=265991"},{"taxonomy":"product_cat","embeddable":true,"href":"https:\/\/tellimused.stiilne.ee\/lt\/wp-json\/wp\/v2\/product_cat?post=265991"},{"taxonomy":"product_tag","embeddable":true,"href":"https:\/\/tellimused.stiilne.ee\/lt\/wp-json\/wp\/v2\/product_tag?post=265991"}],"curies":[{"name":"wp","href":"https:\/\/api.w.org\/{rel}","templated":true}]}}