{"id":266008,"date":"2026-03-12T13:31:10","date_gmt":"2026-03-12T11:31:10","guid":{"rendered":"https:\/\/tellimused.stiilne.ee\/toode\/tamaris-naturaalnahast-korvalt-lukuga-mugavad-mustad-naiste-tanksaapad-kohe-laos-viimased\/"},"modified":"2026-04-07T11:08:48","modified_gmt":"2026-04-07T08:08:48","slug":"tamaris-natural-leather-moteriski-patogus-juodi-batai-su-soniniu-uztrauktuku-naudojamos-per-septynerius-metus","status":"publish","type":"product","link":"https:\/\/tellimused.stiilne.ee\/lt\/produktas\/tamaris-natural-leather-moteriski-patogus-juodi-batai-su-soniniu-uztrauktuku-naudojamos-per-septynerius-metus\/","title":{"rendered":"TAMARIS NATURAL LEATHER moteri\u0161ki patog\u016bs juodi batai su \u0161oniniu u\u017etrauktuku &#8211; NAUDOJAMOS per septynerius metus"},"content":{"rendered":"<p>&nbsp;<\/p>\n<p>Stilingai \u0161var\u016bs &#8222;Tamaris&#8221; batai &#8211; tai puik\u016bs batai \u012fvairaus am\u017eiaus moterims rudens sezonui. Batai yra patogaus \u017eemo kulno, tod\u0117l tinka ir jaunesn\u0117ms, ir vyresn\u0117ms moterims. tekst\u016bruotos odos batvir\u0161is su ak\u012f traukian\u010diu kaspin\u0117liu ir diskreti\u0161ka odine prek\u0117s \u017eenklo etikete nugaroje. Viduje yra patogus u\u017esegimas, kuriuo batus lengva u\u017esid\u0117ti. vidus i\u0161klotas \u017eemo plauko tekstil\u0117s med\u017eiaga, o nuostabus &#8222;Touch It&#8221; pamink\u0161tintas putplas\u010dio vidpadis prisitaiko prie p\u0117dos formos, kad b\u016bt\u0173 maksimaliai patogu. Guminis padas u\u017etikrina ger\u0105 sukibim\u0105 su pavir\u0161iumi net ir lietingu oru.   <\/p>\n<p>Stilingi nat\u016bralios odos &#8222;Tamaris&#8221; \u0161oniniai batai &#8211; geriausias pasirinkimas rudens-\u017eiemos sezonui.<\/p>\n<p>&#8222;Tamaris&#8221; batai funkcijos<\/p>\n<ul>\n<li>Med\u017eiaga nat\u016brali oda<\/li>\n<li>U\u017esegamas u\u017eraktu \u0161one ir virvel\u0117mis vir\u0161uje<\/li>\n<li>Tinka d\u0117v\u0117ti ruden\u012f, \u017eiem\u0105 ir pavasar\u012f<\/li>\n<li>Klasikinis dizainas, kur\u012f lengva priderinti prie kelni\u0173 ar sukneli\u0173.<\/li>\n<li>Kojos ilgis su kulnu &#8211; 14 cm<\/li>\n<li>Konchos auk\u0161tis 3,5 cm<\/li>\n<\/ul>\n<p>&#8222;Tamaris&#8221; bat\u0173 vidpad\u017ei\u0173 matmenys<\/p>\n<p>37-23,2 cm<\/p>\n<p>38-23,8 cm<\/p>\n<p>39-24,5 cm<\/p>\n<p>40-25,1 cm<\/p>\n<p>41-25,8 cm<\/p>\n<p>42-26,5 cm<\/p>\n<p>43-27,1 cm<\/p>\n<p><strong>&#8222;Tamaris&#8221; batai jau yra sand\u0117lyje &#8211; pristatymas per kelias dienas.<\/strong><\/p>\n<p><strong>U\u017esakymai, pateikti darbo dien\u0105 prie\u0161 v\u0117lavim\u0105, bus i\u0161si\u0173sti t\u0105 pa\u010di\u0105 dien\u0105.<\/strong><\/p>\n<p>Jei norite, batus taip pat galite i\u0161bandyti ir nusipirkti tiesiogiai m\u016bs\u0173 sand\u0117lyje Kanarbiku tee 15\/3, J\u00e4rvek\u00fcla, darbo dienomis nuo 12.00 iki 17.00 val.<\/p>\n<p>&nbsp;<\/p>\n","protected":false},"excerpt":{"rendered":"<p>&nbsp; Stilingai \u0161var\u016bs &#8222;Tamaris&#8221; batai &#8211; tai puik\u016bs batai \u012fvairaus am\u017eiaus moterims rudens sezonui. Batai yra patogaus \u017eemo kulno, tod\u0117l tinka ir jaunesn\u0117ms, ir vyresn\u0117ms moterims. tekst\u016bruotos odos batvir\u0161is su ak\u012f traukian\u010diu kaspin\u0117liu ir diskreti\u0161ka odine prek\u0117s \u017eenklo etikete nugaroje. Viduje yra patogus u\u017esegimas, kuriuo batus lengva u\u017esid\u0117ti. vidus i\u0161klotas \u017eemo plauko tekstil\u0117s med\u017eiaga, o [&hellip;]<\/p>\n","protected":false},"featured_media":266009,"comment_status":"open","ping_status":"closed","template":"","meta":{"_acf_changed":false},"product_brand":[],"product_cat":[321,380,381],"product_tag":[],"class_list":{"0":"post-266008","1":"product","2":"type-product","3":"status-publish","4":"has-post-thumbnail","6":"product_cat-moterims","7":"product_cat-moteriski-batai","8":"product_cat-pusbatai","9":"product_shipping_class-tarneaeg-1-4-paeva","11":"first","12":"instock","13":"sale","14":"taxable","15":"shipping-taxable","16":"purchasable","17":"product-type-variable","18":"has-default-attributes","19":"add-to-wishlist-after_add_to_cart"},"acf":[],"_links":{"self":[{"href":"https:\/\/tellimused.stiilne.ee\/lt\/wp-json\/wp\/v2\/product\/266008","targetHints":{"allow":["GET"]}}],"collection":[{"href":"https:\/\/tellimused.stiilne.ee\/lt\/wp-json\/wp\/v2\/product"}],"about":[{"href":"https:\/\/tellimused.stiilne.ee\/lt\/wp-json\/wp\/v2\/types\/product"}],"replies":[{"embeddable":true,"href":"https:\/\/tellimused.stiilne.ee\/lt\/wp-json\/wp\/v2\/comments?post=266008"}],"wp:featuredmedia":[{"embeddable":true,"href":"https:\/\/tellimused.stiilne.ee\/lt\/wp-json\/wp\/v2\/media\/266009"}],"wp:attachment":[{"href":"https:\/\/tellimused.stiilne.ee\/lt\/wp-json\/wp\/v2\/media?parent=266008"}],"wp:term":[{"taxonomy":"product_brand","embeddable":true,"href":"https:\/\/tellimused.stiilne.ee\/lt\/wp-json\/wp\/v2\/product_brand?post=266008"},{"taxonomy":"product_cat","embeddable":true,"href":"https:\/\/tellimused.stiilne.ee\/lt\/wp-json\/wp\/v2\/product_cat?post=266008"},{"taxonomy":"product_tag","embeddable":true,"href":"https:\/\/tellimused.stiilne.ee\/lt\/wp-json\/wp\/v2\/product_tag?post=266008"}],"curies":[{"name":"wp","href":"https:\/\/api.w.org\/{rel}","templated":true}]}}