{"id":266039,"date":"2026-03-12T13:30:36","date_gmt":"2026-03-12T11:30:36","guid":{"rendered":"https:\/\/tellimused.stiilne.ee\/toode\/tamaris-naturaalnahast-sooja-lambavillase-karvaga-bordoopunased-naiste-tanksaapad-kohe-laos-super-hind\/"},"modified":"2026-04-07T11:08:47","modified_gmt":"2026-04-07T08:08:47","slug":"tamaris-moteriski-naturalios-odos-silti-avies-odos-batai-bordo-raudonos-spalvos-naudojame-super-kaina","status":"publish","type":"product","link":"https:\/\/tellimused.stiilne.ee\/lt\/produktas\/tamaris-moteriski-naturalios-odos-silti-avies-odos-batai-bordo-raudonos-spalvos-naudojame-super-kaina\/","title":{"rendered":"TAMARIS moteri\u0161ki nat\u016bralios odos \u0161ilti avies odos batai, bordo raudonos spalvos &#8211; NAUDOJAME &#8211; SUPER KAINA"},"content":{"rendered":"<p>&nbsp;<\/p>\n<p>Stilingai \u0161var\u016bs &#8222;Tamaris&#8221; batai &#8211; tai puik\u016bs batai \u012fvairaus am\u017eiaus moterims rudens ir \u017eiemos sezonui. Batai turi patog\u0173 \u017eem\u0105 kulniuk\u0105, tod\u0117l tinka ir jaunesn\u0117ms, ir vyresnio am\u017eiaus moterims. Vidus i\u0161klotas \u0161iltu kailiniu pamu\u0161alu su \u0117riuko vilnos pamu\u0161alu. ra\u0161tuotas padas u\u017etikrina ger\u0105 sukibim\u0105 net lietingu ir snieguotu oru.  <\/p>\n<p>&#8222;Tamaris&#8221; batai funkcijos<\/p>\n<ul>\n<li>Kulno med\u017eiaga nat\u016brali oda<\/li>\n<li>Bat\u0173 viduje yra \u0161iltas, kailinis avies vilnos baltas pamu\u0161alas.<\/li>\n<li>Bat\u0173 tvirtinimas dir\u017eeliais<\/li>\n<li>Kojos ilgis su kulnu &#8211; 18,5 cm<\/li>\n<li>Konchos auk\u0161tis 3,5 cm<\/li>\n<\/ul>\n<p>&nbsp;<\/p>\n<p>Gamintojo pateikti tokie bat\u0173 vidinio pado matmenys<\/p>\n<p>37-23,2 cm<\/p>\n<p>38-23,8 cm<\/p>\n<p>39-24,5 cm<\/p>\n<p>40-25,1 cm<\/p>\n<p>41-25,8 cm<\/p>\n<p>Batai jau yra sand\u0117lyje &#8211; pristatymas per kelias dienas.<\/p>\n<p>U\u017esakymai, pateikti darbo dien\u0105 prie\u0161 v\u0117lavim\u0105, bus i\u0161si\u0173sti t\u0105 pa\u010di\u0105 dien\u0105.<\/p>\n","protected":false},"excerpt":{"rendered":"<p>&nbsp; Stilingai \u0161var\u016bs &#8222;Tamaris&#8221; batai &#8211; tai puik\u016bs batai \u012fvairaus am\u017eiaus moterims rudens ir \u017eiemos sezonui. Batai turi patog\u0173 \u017eem\u0105 kulniuk\u0105, tod\u0117l tinka ir jaunesn\u0117ms, ir vyresnio am\u017eiaus moterims. Vidus i\u0161klotas \u0161iltu kailiniu pamu\u0161alu su \u0117riuko vilnos pamu\u0161alu. ra\u0161tuotas padas u\u017etikrina ger\u0105 sukibim\u0105 net lietingu ir snieguotu oru. &#8222;Tamaris&#8221; batai funkcijos Kulno med\u017eiaga nat\u016brali oda [&hellip;]<\/p>\n","protected":false},"featured_media":266040,"comment_status":"open","ping_status":"closed","template":"","meta":{"_acf_changed":false},"product_brand":[],"product_cat":[321,380,381],"product_tag":[],"class_list":{"0":"post-266039","1":"product","2":"type-product","3":"status-publish","4":"has-post-thumbnail","6":"product_cat-moterims","7":"product_cat-moteriski-batai","8":"product_cat-pusbatai","9":"product_shipping_class-tarneaeg-1-4-paeva","11":"first","12":"instock","13":"sale","14":"taxable","15":"shipping-taxable","16":"purchasable","17":"product-type-variable","18":"has-default-attributes","19":"add-to-wishlist-after_add_to_cart"},"acf":[],"_links":{"self":[{"href":"https:\/\/tellimused.stiilne.ee\/lt\/wp-json\/wp\/v2\/product\/266039","targetHints":{"allow":["GET"]}}],"collection":[{"href":"https:\/\/tellimused.stiilne.ee\/lt\/wp-json\/wp\/v2\/product"}],"about":[{"href":"https:\/\/tellimused.stiilne.ee\/lt\/wp-json\/wp\/v2\/types\/product"}],"replies":[{"embeddable":true,"href":"https:\/\/tellimused.stiilne.ee\/lt\/wp-json\/wp\/v2\/comments?post=266039"}],"wp:featuredmedia":[{"embeddable":true,"href":"https:\/\/tellimused.stiilne.ee\/lt\/wp-json\/wp\/v2\/media\/266040"}],"wp:attachment":[{"href":"https:\/\/tellimused.stiilne.ee\/lt\/wp-json\/wp\/v2\/media?parent=266039"}],"wp:term":[{"taxonomy":"product_brand","embeddable":true,"href":"https:\/\/tellimused.stiilne.ee\/lt\/wp-json\/wp\/v2\/product_brand?post=266039"},{"taxonomy":"product_cat","embeddable":true,"href":"https:\/\/tellimused.stiilne.ee\/lt\/wp-json\/wp\/v2\/product_cat?post=266039"},{"taxonomy":"product_tag","embeddable":true,"href":"https:\/\/tellimused.stiilne.ee\/lt\/wp-json\/wp\/v2\/product_tag?post=266039"}],"curies":[{"name":"wp","href":"https:\/\/api.w.org\/{rel}","templated":true}]}}