{"id":266090,"date":"2026-03-12T13:27:14","date_gmt":"2026-03-12T11:27:14","guid":{"rendered":"https:\/\/tellimused.stiilne.ee\/toode\/huppa-soe-pikk-talvemantel-gudrun-must-kohe-laos-viimased-super-hind\/"},"modified":"2026-04-07T11:08:58","modified_gmt":"2026-04-07T08:08:58","slug":"huppa-siltas-ilgas-zieminis-paltas-gudrun-juodos-spalvos-beveik-isparduotas-paskutinis-super-kaina","status":"publish","type":"product","link":"https:\/\/tellimused.stiilne.ee\/lt\/produktas\/huppa-siltas-ilgas-zieminis-paltas-gudrun-juodos-spalvos-beveik-isparduotas-paskutinis-super-kaina\/","title":{"rendered":"HUPPA \u0161iltas ilgas \u017eieminis paltas GUDRUN juodos spalvos, beveik i\u0161parduotas paskutinis &#8211; super kaina"},"content":{"rendered":"<h1 data-start=\"205\" data-end=\"240\">&#8222;Huppa Gudrun&#8221; moteri\u0161kas \u017eieminis paltas<\/h1>\n<p data-start=\"242\" data-end=\"507\"><strong data-start=\"242\" data-end=\"340\">Gra\u017eus ilgas ir \u0161iltas moteri\u0161kas \u017eieminis paltas, kuris su\u0161ildys net \u0161al\u010diausiomis \u017eiemos dienomis.<\/strong><br data-start=\"340\" data-end=\"343\">&#8222;Huppa Gudrun&#8221; yra puikus pasirinkimas, jei \u017eiem\u0105 m\u0117gstate d\u0117v\u0117ti eleganti\u0161kus ilgesnio kirpimo paltus ir norite, kad paltas apsaugot\u0173 jus nuo v\u0117jo, lietaus ir \u0161al\u010dio.<\/p>\n<h3 data-start=\"509\" data-end=\"533\">Pagrindin\u0117s savyb\u0117s:<\/h3>\n<ul data-start=\"534\" data-end=\"1160\">\n<li data-start=\"534\" data-end=\"632\">\n<p data-start=\"536\" data-end=\"632\"><strong data-start=\"536\" data-end=\"557\">\u0160ilta ir patvari<\/strong> &#8211; 400 g sintetinio u\u017epildo apsaugo nuo \u0161al\u010dio iki -20 \u00b0C.<\/p>\n<\/li>\n<li data-start=\"633\" data-end=\"735\">\n<p data-start=\"635\" data-end=\"735\"><strong data-start=\"635\" data-end=\"654\">Atsparus oro s\u0105lygoms<\/strong> &#8211; neper\u0161lampamas iki 5000 mm ir pralaidus orui iki 5000 g\/m\u00b2\/24h, kad b\u016bt\u0173 patogu net ir sningant.<\/p>\n<\/li>\n<li data-start=\"736\" data-end=\"785\">\n<p data-start=\"738\" data-end=\"785\"><strong data-start=\"738\" data-end=\"753\">Nepraleid\u017eia v\u0117jo<\/strong> &#8211; nepraleid\u017eia \u0161alto v\u0117jo.<\/p>\n<\/li>\n<li data-start=\"786\" data-end=\"873\">\n<p data-start=\"788\" data-end=\"873\"><strong data-start=\"788\" data-end=\"804\">Patogus dizainas<\/strong> &#8211; dvipusis u\u017esegimas priekyje, kad paltas netrukdyt\u0173 s\u0117dint.<\/p>\n<\/li>\n<li data-start=\"874\" data-end=\"986\">\n<p data-start=\"876\" data-end=\"986\"><strong data-start=\"876\" data-end=\"900\">Prakti\u0161kos detal\u0117s<\/strong> &#8211; u\u017etrauktuku u\u017esegamos priekin\u0117s ki\u0161en\u0117s, \u0161vies\u0105 atspindin\u010dios detal\u0117s, nuimamas gobtuvas ir dirbtinio kailio gobtuvo apa\u010dia.<\/p>\n<\/li>\n<li data-start=\"987\" data-end=\"1072\">\n<p data-start=\"989\" data-end=\"1072\"><strong data-start=\"989\" data-end=\"1020\">\u0160ilum\u0105 sulaikantys briaunuoti rankogaliai<\/strong> &#8211; rankovi\u0173 galuose, kad \u0161altas oras nepatekt\u0173 \u012f vid\u0173.<\/p>\n<\/li>\n<li data-start=\"1073\" data-end=\"1160\">\n<p data-start=\"1075\" data-end=\"1160\"><strong data-start=\"1075\" data-end=\"1099\">Reguliuojamas liemuo<\/strong> &#8211; nugaroje yra elastinga <strong data-start=\"1075\" data-end=\"1099\">juosta<\/strong>, kad paltas tvarkingai priglust\u0173 prie nugaros.<\/p>\n<\/li>\n<\/ul>\n<p data-start=\"1162\" data-end=\"1308\"><strong data-start=\"1162\" data-end=\"1175\">Audinys:<\/strong> 100 % poliesteris<br data-start=\"1190\" data-end=\"1193\"><strong data-start=\"1193\" data-end=\"1207\">Izoliacija:<\/strong> 400 g sintetinio pluo\u0161to (perdirbta med\u017eiaga)<br data-start=\"1252\" data-end=\"1255\"><strong data-start=\"1255\" data-end=\"1271\">Palto d\u0117v\u0117jimo temperat\u016bra nuo 0 \u00b0C iki -20 \u00b0C, kaip rekomenduoja gamintojas.<\/strong><\/p>\n<p data-start=\"1162\" data-end=\"1308\">\u017dieminiam paltui &#8222;Huppa Gudrun&#8221; rekomenduojame rinktis \u012fprast\u0105 dyd\u012f, t. y. tok\u012f, kok\u012f ne\u0161iojate da\u017eniausiai.<\/p>\n<p data-start=\"1162\" data-end=\"1308\">Jei renkat\u0117s i\u0161 dviej\u0173 dyd\u017ei\u0173, pasirinkite didesnio dyd\u017eio numer\u012f.<\/p>\n<hr data-start=\"1310\" data-end=\"1313\">\n<h3 data-start=\"1315\" data-end=\"1368\">&#8222;Huppa Gudrun&#8221; moteri\u0161k\u0173 \u017eiemini\u0173 palt\u0173 matmen\u0173 lentel\u0117 (cm)<\/h3>\n<table style=\"height: 246px;\" width=\"687\">\n<thead>\n<tr>\n<th>Matavimai<\/th>\n<th>S<\/th>\n<th>M<\/th>\n<th>L<\/th>\n<th>XL<\/th>\n<th>XXL<\/th>\n<th>3XL<\/th>\n<\/tr>\n<\/thead>\n<tbody>\n<tr>\n<td><strong>Kr\u016btin\u0117s l\u0105stos apimtis<\/strong><\/td>\n<td>110<\/td>\n<td>116<\/td>\n<td>122<\/td>\n<td>120\/mediena130<\/td>\n<td>128\/mediena 135<\/td>\n<td>140\/mediena 148<\/td>\n<\/tr>\n<tr>\n<td><strong>Pe\u010di\u0173 plotis<\/strong><\/td>\n<td>42<\/td>\n<td>43<\/td>\n<td>44<\/td>\n<td>45<\/td>\n<td>46<\/td>\n<td>47<\/td>\n<\/tr>\n<tr>\n<td><strong>Rankovi\u0173 ilgis<\/strong><\/td>\n<td>64<\/td>\n<td>65<\/td>\n<td>66<\/td>\n<td>67<\/td>\n<td>68<\/td>\n<td>69<\/td>\n<\/tr>\n<tr>\n<td><strong>Bendras mak\u0161ties ilgis<\/strong><\/td>\n<td>118<\/td>\n<td>120<\/td>\n<td>122<\/td>\n<td>124<\/td>\n<td>126<\/td>\n<td>128<\/td>\n<\/tr>\n<\/tbody>\n<\/table>\n<div class=\"product__description\">\n<h2 data-start=\"312\" data-end=\"382\">\u2753 <strong data-start=\"317\" data-end=\"380\">Huppa Gudrun \u017eieminis paltas &#8211; Da\u017enai u\u017eduodami klausimai (DUK)<\/strong><\/h2>\n<h3 data-start=\"384\" data-end=\"433\"><strong data-start=\"388\" data-end=\"431\">1. Kiek \u0161iltas yra &#8222;Huppa Gudrun&#8221; \u017eieminis paltas?<\/strong><\/h3>\n<p data-start=\"434\" data-end=\"627\">&#8222;Huppa Gudrun&#8221; paltas yra su 400 g dirbtin\u0117s vilnos u\u017epildu ir tinka d\u0117v\u0117ti esant <strong data-start=\"522\" data-end=\"539\">0-20 \u00b0C<\/strong> temperat\u016brai. Tai rei\u0161kia, kad paltas su\u0161ildys net 20 \u00b0C \u0161altyje ir idealiai tinka d\u0117v\u0117ti Estijos klimato s\u0105lygomis. <\/p>\n<h3 data-start=\"634\" data-end=\"687\"><strong data-start=\"638\" data-end=\"685\">2. Ar paltas gali atlaikyti liet\u0173 ir snieg\u0105?<\/strong><\/h3>\n<p data-start=\"688\" data-end=\"870\">Taip. Striuk\u0117s atsparumas vandeniui yra <strong data-start=\"714\" data-end=\"725\">5000 mm,<\/strong> o tai rei\u0161kia, kad ji gali atlaikyti vidutinio stiprumo liet\u0173 ir snieg\u0105. Be to, med\u017eiaga yra pralaidi orui (5000 g\/m\u00b2\/24 val.), tod\u0117l net ir ilgai d\u0117vint jaukiai jausit\u0117s.  <\/p>\n<h3 data-start=\"877\" data-end=\"916\"><strong data-start=\"881\" data-end=\"914\">3. Ar paltas atsparus v\u0117jui?<\/strong><\/h3>\n<p data-start=\"917\" data-end=\"1047\">Taip. &#8222;Huppa Gudrun&#8221; <strong data-start=\"938\" data-end=\"953\">nepraleid\u017eia v\u0117jo<\/strong>, o tai ypa\u010d svarbu esant \u0161altam ir v\u0117juotam orui, pavyzd\u017eiui, einant prie j\u016bros ar atvirose vietov\u0117se. <\/p>\n<h3 data-start=\"1054\" data-end=\"1107\"><strong data-start=\"1058\" data-end=\"1105\">4. Ar patogu s\u0117d\u0117ti ir jud\u0117ti?<\/strong><\/h3>\n<p data-start=\"1108\" data-end=\"1243\">Taip. Paltas turi <strong data-start=\"1124\" data-end=\"1149\">dvipus\u012f u\u017esegim\u0105 priekyje<\/strong>, kuris leid\u017eia u\u017esegim\u0105 atsegti i\u0161 apa\u010dios &#8211; taip patogiau, kai s\u0117dite, o paltas netraukia. <\/p>\n<h3 data-start=\"1250\" data-end=\"1289\"><strong data-start=\"1254\" data-end=\"1287\">5. Ar gaubtas nuimamas?<\/strong><\/h3>\n<p data-start=\"1290\" data-end=\"1412\">Taip. Gaubtas yra <strong data-start=\"1306\" data-end=\"1320\">nuimamas<\/strong>, taip pat ir gobtuvo kra\u0161tas su dirbtiniu kailiu. Tai suteikia galimyb\u0119 palt\u0105 d\u0117v\u0117ti su skirtingais stiliais.  <\/p>\n<h3 data-start=\"1419\" data-end=\"1473\"><strong data-start=\"1423\" data-end=\"1471\">6. Ar paltas tinkamas d\u0117v\u0117ti kasdien?<\/strong><\/h3>\n<p data-start=\"1474\" data-end=\"1633\">Taip! &#8222;Huppa Gudrun&#8221; puikiai tinka darbui, pasivaik\u0161\u010diojimams, lauke su \u0161unimi, lauke su vaikais, taip pat \u0161venti\u0161kesn\u0117ms progoms, pavyzd\u017eiui, \u012f teatr\u0105, koncert\u0105 ar gimtadienio vakar\u0117l\u012f. <\/p>\n<h3 data-start=\"1640\" data-end=\"1691\"><strong data-start=\"1644\" data-end=\"1689\">7. Ar paltas tinka labai \u0161altam orui?<\/strong><\/h3>\n<p data-start=\"1692\" data-end=\"1831\">Taip, gamintojo rekomenduojama temperat\u016bra yra <strong data-start=\"1739\" data-end=\"1756\">nuo 0 iki -20 \u00b0C.<\/strong><\/p>\n<h3 data-start=\"1838\" data-end=\"1877\"><strong data-start=\"1842\" data-end=\"1875\">8. Kaip pasirinkti tinkam\u0105 dyd\u012f?<\/strong><\/h3>\n<p data-start=\"1878\" data-end=\"2042\">Rekomenduojame i\u0161matuoti savo kr\u016btin\u0117s dyd\u012f ir palyginti j\u012f su gaminio lentele. Jei esate tarp dviej\u0173 dyd\u017ei\u0173, rinkit\u0117s <strong data-start=\"1980\" data-end=\"1990\">didesn\u012f<\/strong>, ypa\u010d jei po paltu norite d\u0117v\u0117ti storesnius sluoksnius. <\/p>\n<h3 data-start=\"2049\" data-end=\"2095\"><strong data-start=\"2053\" data-end=\"2093\">9. I\u0161 kokios med\u017eiagos pagamintas paltas?<\/strong><\/h3>\n<ul data-start=\"2096\" data-end=\"2226\">\n<li data-start=\"2096\" data-end=\"2137\">\n<p data-start=\"2098\" data-end=\"2137\">I\u0161orin\u0117 med\u017eiaga: <strong data-start=\"2117\" data-end=\"2135\">100 % poliesteris &#8211; populiariausia \u017eiemini\u0173 palt\u0173 med\u017eiaga.<\/strong><\/p>\n<\/li>\n<li data-start=\"2138\" data-end=\"2226\">\n<p data-start=\"2140\" data-end=\"2226\">Izoliacija: <strong data-start=\"2151\" data-end=\"2197\">400 g perdirbto sintetinio pluo\u0161to<\/strong> &#8211; ekologi\u0161kas ir \u0161iltas pasirinkimas.<\/p>\n<\/li>\n<\/ul>\n<h3 data-start=\"2233\" data-end=\"2282\"><strong data-start=\"2237\" data-end=\"2280\">10. Ar paltas tinkamas vairuoti?<\/strong><\/h3>\n<p data-start=\"2283\" data-end=\"2429\">Taip. Ilgas kirpimas taip pat apsaugo nuo \u0161al\u010dio, kai s\u0117dite automobilyje, o d\u0117l dvipusio u\u017etrauktuko galite atsegti apatin\u0119 dal\u012f, kad b\u016bt\u0173 patogiau s\u0117d\u0117ti u\u017e vairo. <\/p>\n<h3 data-start=\"2436\" data-end=\"2483\"><strong data-start=\"2440\" data-end=\"2481\">11. Kaip greitai bus pristatytas paltas?<\/strong><\/h3>\n<p data-start=\"2484\" data-end=\"2548\">Jei paltas yra sand\u0117lyje, jis pristatomas <strong data-start=\"2525\" data-end=\"2541\">per 1-2 darbo dienas (Smartpost, Omniva arba DPD)<\/strong>.<\/p>\n<h3 data-start=\"2555\" data-end=\"2598\"><strong data-start=\"2559\" data-end=\"2596\">12. Kas atsitinka, jei dydis netinka?<\/strong><\/h3>\n<p data-start=\"2599\" data-end=\"2674\"><strong>Joki\u0173 problem\u0173! Pakeisti dyd\u012f ar spalv\u0105 <\/strong> <strong data-start=\"2644\" data-end=\"2674\">NEMOKAMAI su DPD keitimo kodu.<\/strong><\/p>\n<h3 data-start=\"2681\" data-end=\"2737\"><strong data-start=\"2685\" data-end=\"2735\">13. Ar paltas tinka ir \u0161ventin\u0117ms progoms?<\/strong><\/h3>\n<p data-start=\"2738\" data-end=\"2853\">Taip. D\u0117l ilgo ir eleganti\u0161ko kirpimo Gudrun suknel\u0117 puikiai tinka vakarui teatre, koncertui ar i\u0161kilmingam renginiui. <\/p>\n<\/div>\n<h3 data-start=\"1823\" data-end=\"1849\">Pristatymo ir keitimosi informacija<\/h3>\n<ul data-start=\"1850\" data-end=\"2030\">\n<li data-start=\"1850\" data-end=\"1899\">\n<p data-start=\"1852\" data-end=\"1899\"><strong data-start=\"1852\" data-end=\"1872\">Yra sand\u0117lyje<\/strong> &#8211; pristatymas 1-2 darbo dienos<\/p>\n<\/li>\n<li data-start=\"1900\" data-end=\"2030\">\n<p data-start=\"1902\" data-end=\"2030\"><strong data-start=\"2294\" data-end=\"2377\">Netinkamas dydis arba spalva? Nesvarbu! Prek\u0117s keitimas visada NEMOKAMAS su DPD keitimo kodu.  <\/strong><\/p>\n<\/li>\n<\/ul>\n<hr data-start=\"2032\" data-end=\"2035\">\n<p data-start=\"2037\" data-end=\"2240\">&#8222;Huppa Gudrun&#8221; moteri\u0161kas \u017eieminis paltas &#8211; puikus pasirinkimas, jei ie\u0161kote ilgo kirpimo, \u0161ilto ir oro s\u0105lygoms atsparaus palto, kur\u012f gal\u0117tum\u0117te d\u0117v\u0117ti kasdien ir i\u0161kilmingesn\u0117mis progomis &#8211; teatre, koncerte ar gimtadienio vakar\u0117lyje.<\/p>\n","protected":false},"excerpt":{"rendered":"<p>&#8222;Huppa Gudrun&#8221; moteri\u0161kas \u017eieminis paltas Gra\u017eus ilgas ir \u0161iltas moteri\u0161kas \u017eieminis paltas, kuris su\u0161ildys net \u0161al\u010diausiomis \u017eiemos dienomis.&#8222;Huppa Gudrun&#8221; yra puikus pasirinkimas, jei \u017eiem\u0105 m\u0117gstate d\u0117v\u0117ti eleganti\u0161kus ilgesnio kirpimo paltus ir norite, kad paltas apsaugot\u0173 jus nuo v\u0117jo, lietaus ir \u0161al\u010dio. Pagrindin\u0117s savyb\u0117s: \u0160ilta ir patvari &#8211; 400 g sintetinio u\u017epildo apsaugo nuo \u0161al\u010dio iki [&hellip;]<\/p>\n","protected":false},"featured_media":266091,"comment_status":"open","ping_status":"closed","template":"","meta":{"_acf_changed":false},"product_brand":[],"product_cat":[300,301],"product_tag":[],"class_list":{"0":"post-266090","1":"product","2":"type-product","3":"status-publish","4":"has-post-thumbnail","6":"product_cat-zieminiai-paltiniai","7":"product_cat-zieminiai-paltukai-iki-60","8":"product_shipping_class-tarneaeg-1-4-paeva","10":"first","11":"instock","12":"sale","13":"taxable","14":"shipping-taxable","15":"purchasable","16":"product-type-variable","17":"has-default-attributes","18":"add-to-wishlist-after_add_to_cart"},"acf":[],"_links":{"self":[{"href":"https:\/\/tellimused.stiilne.ee\/lt\/wp-json\/wp\/v2\/product\/266090","targetHints":{"allow":["GET"]}}],"collection":[{"href":"https:\/\/tellimused.stiilne.ee\/lt\/wp-json\/wp\/v2\/product"}],"about":[{"href":"https:\/\/tellimused.stiilne.ee\/lt\/wp-json\/wp\/v2\/types\/product"}],"replies":[{"embeddable":true,"href":"https:\/\/tellimused.stiilne.ee\/lt\/wp-json\/wp\/v2\/comments?post=266090"}],"wp:featuredmedia":[{"embeddable":true,"href":"https:\/\/tellimused.stiilne.ee\/lt\/wp-json\/wp\/v2\/media\/266091"}],"wp:attachment":[{"href":"https:\/\/tellimused.stiilne.ee\/lt\/wp-json\/wp\/v2\/media?parent=266090"}],"wp:term":[{"taxonomy":"product_brand","embeddable":true,"href":"https:\/\/tellimused.stiilne.ee\/lt\/wp-json\/wp\/v2\/product_brand?post=266090"},{"taxonomy":"product_cat","embeddable":true,"href":"https:\/\/tellimused.stiilne.ee\/lt\/wp-json\/wp\/v2\/product_cat?post=266090"},{"taxonomy":"product_tag","embeddable":true,"href":"https:\/\/tellimused.stiilne.ee\/lt\/wp-json\/wp\/v2\/product_tag?post=266090"}],"curies":[{"name":"wp","href":"https:\/\/api.w.org\/{rel}","templated":true}]}}