{"id":266108,"date":"2026-03-12T13:26:42","date_gmt":"2026-03-12T11:26:42","guid":{"rendered":"https:\/\/tellimused.stiilne.ee\/toode\/huppa-meeste-sugis-talvine-parka-marlo-metsaroheline140-grammise-soojustusega-tarneaeg-1-4-paeva\/"},"modified":"2026-04-07T11:08:54","modified_gmt":"2026-04-07T08:08:54","slug":"huppa-vyriska-rudens-ziemos-striuke-marlo-forest-green140-g-izoliacija-pristatymo-laikas-1-4-dienos","status":"publish","type":"product","link":"https:\/\/tellimused.stiilne.ee\/lt\/produktas\/huppa-vyriska-rudens-ziemos-striuke-marlo-forest-green140-g-izoliacija-pristatymo-laikas-1-4-dienos\/","title":{"rendered":"Huppa vyri\u0161ka rudens-\u017eiemos striuk\u0117 Marlo forest green(140 g izoliacija)- pristatymo laikas 1-4 dienos"},"content":{"rendered":"<p>&nbsp;<\/p>\n<p>Mink\u0161to, oro s\u0105lygoms atsparaus audinio rudens-\u017eiemos vyri\u0161ka striuk\u0117 &#8211; idealiai tinka d\u0117v\u0117ti \u0161alt\u0105 ruden\u012f, taip pat \u017eiem\u0105, kai \u017eiem\u0105 nenorite d\u0117v\u0117ti labai storos striuk\u0117s.<\/p>\n<p>&#8222;Huppa&#8221; vyri\u0161ka rudens-\u017eiemos parka &#8222;Marlo&#8221; funkcijos:<\/p>\n<ul>\n<li>v\u0117jo nepraleid\u017eiantis<\/li>\n<li>vanden\u012f atstumianti apdaila<\/li>\n<li>purv\u0105 atstumianti priemon\u0117<\/li>\n<li>greitai d\u017ei\u016bstantis audinys<\/li>\n<li>kv\u0117pavimas<\/li>\n<li>\u0161vies\u0105 atspindin\u010dios detal\u0117s ant rankovi\u0173, priekyje ir nugaroje<\/li>\n<li>su u\u017etrauktuku u\u017esegama priekine ki\u0161ene<\/li>\n<li>5 priekin\u0117s ki\u0161en\u0117s su u\u017eraktais<\/li>\n<li>fiksuotas, reguliuojamas gobtuvas su elastiniu dir\u017eeliu ir kam\u0161\u010diu<\/li>\n<li>u\u017etrauktukas su smakro apsauga<\/li>\n<li>mink\u0161ti \u0161onkauliai ties rankov\u0117mis, neleid\u017eiantys patekti \u0161altam orui.<\/li>\n<li>rankov\u0117s galai reguliuojami pagal rankos ilg\u012f virvele.<\/li>\n<li>\u0161vies\u0105 atspindin\u010dios detal\u0117s saugesniam vairavimui tamsoje<\/li>\n<li>nedidelis tarpas apatiniame kra\u0161te gale<\/li>\n<\/ul>\n<p>Technin\u0117s audinio specifikacijos: 10 000\/10 000 (vandens stulpelio ir atsparumo koeficientas).<\/p>\n<p>Soojustus: 140 g<\/p>\n<p>Med\u017eiaga: 100% poliesteris<\/p>\n<p>Pamu\u0161alas: 100% poliamidas<\/p>\n<p><strong>Skai\u010diai atitinka standartinius Europos dyd\u017eius &#8211; rekomenduojame rinktis savo \u012fprast\u0105 dyd\u012f, t. y. dyd\u012f, kur\u012f da\u017eniausiai ne\u0161iojate vilk\u0117dami striukes su gobtuvais<\/strong>.<\/p>\n<p>NB!Jei numeris nesutampa, visuomet i\u0161saugote teis\u0119 \u012f keitim\u0105 &#8211; su gr\u0105\u017einimo kodu keitimas yra nemokamas.<\/p>\n<p><strong>&#8222;Huppa Marlo&#8221; vyri\u0161kos striuk\u0117s gamintojo matmen\u0173 lentel\u0117<\/strong><\/p>\n<table border=\"0\" cellspacing=\"0\">\n<colgroup width=\"102\"><\/colgroup>\n<colgroup width=\"307\"><\/colgroup>\n<colgroup span=\"6\" width=\"68\"><\/colgroup>\n<colgroup width=\"64\"><\/colgroup>\n<tbody>\n<tr>\n<td align=\"left\" valign=\"middle\" bgcolor=\"#C5E0B4\" height=\"22\"><span style=\"font-family: Comic Sans MS;\">MARLO<\/span><\/td>\n<td align=\"left\" valign=\"middle\" bgcolor=\"#C5E0B4\"><span style=\"font-family: Comic Sans MS;\"> <\/span><\/td>\n<td align=\"center\" valign=\"bottom\" bgcolor=\"#C5E0B4\"><b><span style=\"font-family: Comic Sans MS;\">XS<\/span><\/b><\/td>\n<td align=\"center\" valign=\"bottom\" bgcolor=\"#C5E0B4\"><b><span style=\"color: #000000; font-family: Comic Sans MS;\">S<\/span><\/b><\/td>\n<td align=\"center\" valign=\"bottom\" bgcolor=\"#C5E0B4\"><b><span style=\"font-family: Comic Sans MS;\">M<\/span><\/b><\/td>\n<td align=\"center\" valign=\"bottom\" bgcolor=\"#C5E0B4\"><b><span style=\"color: #000000; font-family: Comic Sans MS;\">L<\/span><\/b><\/td>\n<td align=\"center\" valign=\"bottom\" bgcolor=\"#C5E0B4\"><b><span style=\"color: #000000; font-family: Comic Sans MS;\">XL<\/span><\/b><\/td>\n<td align=\"center\" valign=\"bottom\" bgcolor=\"#C5E0B4\"><b><span style=\"color: #000000; font-family: Comic Sans MS;\">XXL<\/span><\/b><\/td>\n<td align=\"center\" valign=\"bottom\" bgcolor=\"#C5E0B4\"><b><span style=\"color: #000000; font-family: Comic Sans MS;\">3XL<\/span><\/b><\/td>\n<\/tr>\n<tr>\n<td align=\"left\" valign=\"middle\" height=\"21\"><\/td>\n<td align=\"left\" valign=\"middle\">&nbsp;<\/p>\n<p><span style=\"color: #000000; font-family: Comic Sans MS;\">\u00bd jautienos<\/span><\/td>\n<td align=\"center\" valign=\"bottom\"><span style=\"color: #000000; font-family: Comic Sans MS;\">53.0<\/span><\/td>\n<td align=\"center\" valign=\"bottom\"><span style=\"color: #000000; font-family: Comic Sans MS;\">56.0<\/span><\/td>\n<td align=\"center\" valign=\"bottom\"><span style=\"color: #000000; font-family: Comic Sans MS;\">59.0<\/span><\/td>\n<td align=\"center\" valign=\"bottom\"><span style=\"color: #000000; font-family: Comic Sans MS;\">63.0<\/span><\/td>\n<td align=\"center\" valign=\"bottom\"><span style=\"color: #000000; font-family: Comic Sans MS;\">67.0<\/span><\/td>\n<td align=\"center\" valign=\"bottom\"><span style=\"color: #000000; font-family: Comic Sans MS;\">71.0<\/span><\/td>\n<td align=\"center\" valign=\"bottom\"><span style=\"color: #000000; font-family: Comic Sans MS;\">76.0<\/span><\/td>\n<\/tr>\n<tr>\n<td align=\"left\" valign=\"middle\" height=\"21\"><span style=\"color: #000000; font-family: Comic Sans MS;\">MARLO<\/span><\/td>\n<td align=\"left\" valign=\"middle\"><span style=\"font-family: Comic Sans MS;\">Pe\u010diai Rankovi\u0173 ilgis<\/span><\/td>\n<td align=\"center\" valign=\"bottom\"><span style=\"font-family: Comic Sans MS;\">83.0<\/span><\/td>\n<td align=\"center\" valign=\"bottom\"><span style=\"font-family: Comic Sans MS;\">84.5<\/span><\/td>\n<td align=\"center\" valign=\"bottom\"><span style=\"font-family: Comic Sans MS;\">86.0<\/span><\/td>\n<td align=\"center\" valign=\"bottom\"><span style=\"font-family: Comic Sans MS;\">88.0<\/span><\/td>\n<td align=\"center\" valign=\"bottom\"><span style=\"font-family: Comic Sans MS;\">90.0<\/span><\/td>\n<td align=\"center\" valign=\"bottom\"><span style=\"font-family: Comic Sans MS;\">92.0<\/span><\/td>\n<td align=\"center\" valign=\"bottom\"><span style=\"font-family: Comic Sans MS;\">95.0<\/span><\/td>\n<\/tr>\n<tr>\n<td align=\"left\" valign=\"middle\" height=\"21\"><\/td>\n<td align=\"left\" valign=\"middle\"><\/td>\n<td align=\"center\" valign=\"bottom\"><\/td>\n<td align=\"center\" valign=\"bottom\"><\/td>\n<td align=\"center\" valign=\"bottom\"><\/td>\n<td align=\"center\" valign=\"bottom\"><\/td>\n<td align=\"center\" valign=\"bottom\"><\/td>\n<td align=\"center\" valign=\"bottom\"><\/td>\n<td align=\"center\" valign=\"bottom\"><\/td>\n<\/tr>\n<tr>\n<td align=\"left\" valign=\"middle\" height=\"20\"><span style=\"color: #000000; font-family: Comic Sans MS;\">MARLO<\/span><\/td>\n<td align=\"left\" valign=\"middle\"><span style=\"color: #000000; font-family: Comic Sans MS;\">Parka ilgis Estijoje<\/span><\/td>\n<td align=\"center\" valign=\"middle\"><span style=\"font-family: Comic Sans MS;\">91.0<\/span><\/td>\n<td align=\"center\" valign=\"middle\"><span style=\"font-family: Comic Sans MS;\">92.0<\/span><\/td>\n<td align=\"center\" valign=\"middle\"><span style=\"font-family: Comic Sans MS;\">93.0<\/span><\/td>\n<td align=\"center\" valign=\"middle\"><span style=\"font-family: Comic Sans MS;\">94.0<\/span><\/td>\n<td align=\"center\" valign=\"middle\"><span style=\"font-family: Comic Sans MS;\">95.0<\/span><\/td>\n<td align=\"center\" valign=\"middle\"><span style=\"font-family: Comic Sans MS;\">96.0<\/span><\/td>\n<td align=\"center\" valign=\"middle\"><span style=\"font-family: Comic Sans MS;\">98.0<\/span><\/td>\n<\/tr>\n<tr>\n<td align=\"left\" valign=\"middle\" height=\"21\"><\/td>\n<td align=\"left\" valign=\"middle\"><span style=\"color: #000000; font-family: Comic Sans MS;\">Palaidin\u0117s ilgis nugaroje<\/span><\/td>\n<td align=\"center\" valign=\"bottom\"><span style=\"color: #000000; font-family: Comic Sans MS;\">94.0<\/span><\/td>\n<td align=\"center\" valign=\"bottom\"><span style=\"color: #000000; font-family: Comic Sans MS;\">95.0<\/span><\/td>\n<td align=\"center\" valign=\"bottom\"><span style=\"color: #000000; font-family: Comic Sans MS;\">96.0<\/span><\/td>\n<td align=\"center\" valign=\"bottom\"><span style=\"color: #000000; font-family: Comic Sans MS;\">97.0<\/span><\/td>\n<td align=\"center\" valign=\"bottom\"><span style=\"color: #000000; font-family: Comic Sans MS;\">98.0<\/span><\/td>\n<td align=\"center\" valign=\"bottom\"><span style=\"color: #000000; font-family: Comic Sans MS;\">99.0<\/span><\/td>\n<td align=\"center\" valign=\"bottom\"><span style=\"color: #000000; font-family: Comic Sans MS;\">101.0<\/span><\/td>\n<\/tr>\n<\/tbody>\n<\/table>\n<p>Stilinga ir patogi vyri\u0161ka neper\u0161lampama ir v\u0117jo nepraleid\u017eianti 140 g ap\u0161iltinta striuk\u0117 su orui pralaid\u017eiu i\u0161oriniu audiniu, tinkanti d\u0117v\u0117ti ruden\u012f\/\u017eiem\u0105, tinkanti darbui ir laisvalaikiui.<\/p>\n<div class=\"product__description\">\n<p>Rekomenduojamas d\u0117v\u0117jimo laikotarpis parke &#8211; nuo rugs\u0117jo iki baland\u017eio.<\/p>\n<\/div>\n<div class=\"product__description-icons\">\n<div class=\"product__description-icon\">\n<div class=\"product__description-content\"><\/div>\n<\/div>\n<div class=\"product__description-icon\">\n<div class=\"product__description-content\">\n<p>Huppa men&#8217;s parka Marlo pristatymo laikas 1-4 dienos<\/p>\n<\/div>\n<\/div>\n<\/div>\n","protected":false},"excerpt":{"rendered":"<p>&nbsp; Mink\u0161to, oro s\u0105lygoms atsparaus audinio rudens-\u017eiemos vyri\u0161ka striuk\u0117 &#8211; idealiai tinka d\u0117v\u0117ti \u0161alt\u0105 ruden\u012f, taip pat \u017eiem\u0105, kai \u017eiem\u0105 nenorite d\u0117v\u0117ti labai storos striuk\u0117s. &#8222;Huppa&#8221; vyri\u0161ka rudens-\u017eiemos parka &#8222;Marlo&#8221; funkcijos: v\u0117jo nepraleid\u017eiantis vanden\u012f atstumianti apdaila purv\u0105 atstumianti priemon\u0117 greitai d\u017ei\u016bstantis audinys kv\u0117pavimas \u0161vies\u0105 atspindin\u010dios detal\u0117s ant rankovi\u0173, priekyje ir nugaroje su u\u017etrauktuku u\u017esegama priekine [&hellip;]<\/p>\n","protected":false},"featured_media":266109,"comment_status":"open","ping_status":"closed","template":"","meta":{"_acf_changed":false},"product_brand":[],"product_cat":[304,362,407,406,305],"product_tag":[],"class_list":{"0":"post-266108","1":"product","2":"type-product","3":"status-publish","4":"has-post-thumbnail","6":"product_cat-huppa-vyriski-ir-berniuku-ziemos-striukes","7":"product_cat-vyrams-2","8":"product_cat-vyriski-drabuziai","9":"product_cat-vyriski-ir-berniuku-pavasario-rudens-striukes","10":"product_cat-vyriski-pavasario-ir-rudens-svarkai","11":"product_shipping_class-tarneaeg-1-4-paeva","13":"first","14":"instock","15":"sale","16":"taxable","17":"shipping-taxable","18":"purchasable","19":"product-type-variable","20":"has-default-attributes","21":"add-to-wishlist-after_add_to_cart"},"acf":[],"_links":{"self":[{"href":"https:\/\/tellimused.stiilne.ee\/lt\/wp-json\/wp\/v2\/product\/266108","targetHints":{"allow":["GET"]}}],"collection":[{"href":"https:\/\/tellimused.stiilne.ee\/lt\/wp-json\/wp\/v2\/product"}],"about":[{"href":"https:\/\/tellimused.stiilne.ee\/lt\/wp-json\/wp\/v2\/types\/product"}],"replies":[{"embeddable":true,"href":"https:\/\/tellimused.stiilne.ee\/lt\/wp-json\/wp\/v2\/comments?post=266108"}],"wp:featuredmedia":[{"embeddable":true,"href":"https:\/\/tellimused.stiilne.ee\/lt\/wp-json\/wp\/v2\/media\/266109"}],"wp:attachment":[{"href":"https:\/\/tellimused.stiilne.ee\/lt\/wp-json\/wp\/v2\/media?parent=266108"}],"wp:term":[{"taxonomy":"product_brand","embeddable":true,"href":"https:\/\/tellimused.stiilne.ee\/lt\/wp-json\/wp\/v2\/product_brand?post=266108"},{"taxonomy":"product_cat","embeddable":true,"href":"https:\/\/tellimused.stiilne.ee\/lt\/wp-json\/wp\/v2\/product_cat?post=266108"},{"taxonomy":"product_tag","embeddable":true,"href":"https:\/\/tellimused.stiilne.ee\/lt\/wp-json\/wp\/v2\/product_tag?post=266108"}],"curies":[{"name":"wp","href":"https:\/\/api.w.org\/{rel}","templated":true}]}}