{"id":266132,"date":"2026-03-12T13:24:41","date_gmt":"2026-03-12T11:24:41","guid":{"rendered":"https:\/\/tellimused.stiilne.ee\/toode\/vero-moda-ulipehme-ja-monus-soe-sugis-talvine-muts-milla-heleroosa-kohe-laos\/"},"modified":"2026-04-07T11:08:58","modified_gmt":"2026-04-07T08:08:58","slug":"vero-moda-itin-minksta-ir-jauki-silta-rudens-ziemos-kepure-milla-sviesiai-rozine-naudojama","status":"publish","type":"product","link":"https:\/\/tellimused.stiilne.ee\/lt\/produktas\/vero-moda-itin-minksta-ir-jauki-silta-rudens-ziemos-kepure-milla-sviesiai-rozine-naudojama\/","title":{"rendered":"VERO MODA itin mink\u0161ta ir jauki \u0161ilta rudens-\u017eiemos kepur\u0117 Milla \u0161viesiai ro\u017ein\u0117 &#8211; NAUDOJAMA"},"content":{"rendered":"<div class=\"relative basis-auto flex-col -mb-(--composer-overlap-px) [--composer-overlap-px:28px] grow flex\">\n<div class=\"flex flex-col text-sm pb-25\">\n<article class=\"text-token-text-primary w-full focus:outline-none [--shadow-height:45px] has-data-writing-block:pointer-events-none has-data-writing-block:-mt-(--shadow-height) has-data-writing-block:pt-(--shadow-height) [&amp;:has([data-writing-block])&gt;*]:pointer-events-auto [content-visibility:auto] supports-[content-visibility:auto]:[contain-intrinsic-size:auto_100lvh] scroll-mt-[calc(var(--header-height)+min(200px,max(70px,20svh)))]\" dir=\"auto\" tabindex=\"-1\" data-turn-id=\"1c5a566e-bdd5-483e-8352-6a0e744b9f95\" data-testid=\"conversation-turn-2\" data-scroll-anchor=\"true\" data-turn=\"assistant\">\n<div class=\"text-base my-auto mx-auto pb-10 [--thread-content-margin:--spacing(4)] @w-sm\/main:[--thread-content-margin:--spacing(6)] @w-lg\/main:[--thread-content-margin:--spacing(16)] px-(--thread-content-margin)\">\n<div class=\"[--thread-content-max-width:40rem] @w-lg\/main:[--thread-content-max-width:48rem] mx-auto max-w-(--thread-content-max-width) flex-1 group\/turn-messages focus-visible:outline-hidden relative flex w-full min-w-0 flex-col agent-turn\" tabindex=\"-1\">\n<div class=\"flex max-w-full flex-col grow\">\n<div class=\"min-h-8 text-message relative flex w-full flex-col items-end gap-2 text-start break-words whitespace-normal [.text-message+&amp;]:mt-1\" dir=\"auto\" data-message-author-role=\"assistant\" data-message-id=\"d96be33f-6471-4b2a-918a-0a7d25625f6c\" data-message-model-slug=\"gpt-5-2\">\n<div class=\"flex w-full flex-col gap-1 empty:hidden first:pt-[1px]\">\n<div class=\"markdown prose dark:prose-invert w-full wrap-break-word light markdown-new-styling\">\n<p data-start=\"0\" data-end=\"83\"><strong data-start=\"0\" data-end=\"83\">&#8222;Vero Moda&#8221; moteri\u0161ka megzta \u017eiemin\u0117 kepur\u0117 &#8211; \u0161ilta ir mink\u0161ta apsauga nuo \u0161al\u010dio ir v\u0117jo<\/strong><\/p>\n<p data-start=\"85\" data-end=\"330\">\u0160altuoju met\u0173 laiku \u0161ilta kepur\u0117 yra labai svarbi, kad k\u016bnas nesu\u0161alt\u0173 ir neprarastum\u0117te per daug \u0161ilumos. \u017diemin\u0117 kepur\u0117 apsaugo ne tik galv\u0105, bet ir ausis, kakl\u0105 ir plaukus, padeda palaikyti k\u016bno temperat\u016br\u0105 ir ma\u017eina per\u0161alimo rizik\u0105. <\/p>\n<p data-start=\"332\" data-end=\"479\">&#8222;<strong data-start=\"332\" data-end=\"362\">Vero Moda&#8221; austin\u0117 \u017eiemin\u0117 kepur\u0117<\/strong> &#8211; puikus pasirinkimas rudens ir \u017eiemos sezonui, u\u017etikrinantis patogum\u0105, \u0161ilum\u0105 ir stiling\u0105 i\u0161vaizd\u0105 kasdieniam d\u0117v\u0117jimui.<\/p>\n<hr data-start=\"481\" data-end=\"484\">\n<p data-start=\"486\" data-end=\"539\"><strong data-start=\"486\" data-end=\"539\">Mink\u0161ta ir \u0161ilta med\u017eiaga kasdieniam d\u0117v\u0117jimui<\/strong><\/p>\n<p data-start=\"541\" data-end=\"644\">Kepur\u0117 pagaminta i\u0161 kokybi\u0161kos ir mink\u0161tos med\u017eiagos:<br data-start=\"598\" data-end=\"601\">&#8211; 60 % medviln\u0117s<br data-start=\"614\" data-end=\"617\">&#8211; 30 % nailono<br data-start=\"629\" data-end=\"632\">&#8211; 10 % vilnos.<\/p>\n<p data-start=\"646\" data-end=\"802\">Rezultatas &#8211; \u0161ilta ir pralaidi orui kepur\u0117, kuri nie\u017eti ir tinka jautriai odai. Med\u017eiaga i\u0161laiko \u0161ilum\u0105 ir apsaugo nuo \u0161alto v\u0117jo. <\/p>\n<hr data-start=\"804\" data-end=\"807\">\n<p data-start=\"809\" data-end=\"854\"><strong data-start=\"809\" data-end=\"854\">Gerai prigludusi ir universali \u017eiemin\u0117 kepur\u0117<\/strong><\/p>\n<p data-start=\"856\" data-end=\"1010\">&#8211; Tinka ir mergait\u0117ms, ir moterims<br data-start=\"892\" data-end=\"895\">&#8211; Puikiai priglud\u0119s ir patogus kirpimas<br data-start=\"923\" data-end=\"926\">&#8211; Apsaugo ausis ir kakl\u0105 nuo \u0161al\u010dio<br data-start=\"962\" data-end=\"965\">&#8211; Tinka d\u0117v\u0117ti mieste ir lauke.<\/p>\n<p data-start=\"1012\" data-end=\"1091\">Klasikin\u0117 megzta kepur\u0117 puikiai dera su striuke, paltu ar \u017eiemine striuke.<\/p>\n<hr data-start=\"1093\" data-end=\"1096\">\n<p data-start=\"1098\" data-end=\"1129\"><strong data-start=\"1098\" data-end=\"1129\">Greitas pristatymas  <\/strong><\/p>\n<p data-start=\"1131\" data-end=\"1188\">Kepur\u0117 jau yra sand\u0117lyje ir jus pasieks per kelias dienas.<\/p>\n<p data-start=\"1190\" data-end=\"1265\" data-is-last-node=\"\" data-is-only-node=\"\">Pasirinkite \u0161ilt\u0105 ir patogi\u0105 \u017eiemin\u0119 kepur\u0119 ir m\u0117gaukit\u0117s \u017eiemos orais nejausdami \u0161al\u010dio.<\/p>\n<\/div>\n<\/div>\n<\/div>\n<\/div>\n<div class=\"z-0 flex min-h-[46px] justify-start\"><\/div>\n<div class=\"mt-3 w-full empty:hidden\">\n<div class=\"text-center\"><\/div>\n<\/div>\n<\/div>\n<\/div>\n<\/article>\n<\/div>\n<div class=\"pointer-events-none h-px w-px absolute bottom-0\" aria-hidden=\"true\" data-edge=\"true\"><\/div>\n<\/div>\n<div id=\"thread-bottom-container\" class=\"sticky bottom-0 group\/thread-bottom-container relative isolate z-10 w-full basis-auto has-data-has-thread-error:pt-2 has-data-has-thread-error:[box-shadow:var(--sharp-edge-bottom-shadow)] md:border-transparent md:pt-0 dark:border-white\/20 md:dark:border-transparent print:hidden content-fade single-line flex flex-col\">\n<div id=\"thread-bottom\">\n<div class=\"text-base mx-auto [--thread-content-margin:--spacing(4)] @w-sm\/main:[--thread-content-margin:--spacing(6)] @w-lg\/main:[--thread-content-margin:--spacing(16)] px-(--thread-content-margin)\">\n<div class=\"[--thread-content-max-width:40rem] @w-lg\/main:[--thread-content-max-width:48rem] mx-auto max-w-(--thread-content-max-width) flex-1 mb-4\">\n<div class=\"pointer-events-auto relative z-1 flex h-(--composer-container-height,100%) max-w-full flex-(--composer-container-flex,1) flex-col\">\n<form class=\"group\/composer w-full\" data-type=\"unified-composer\">\n<div class=\"\">\n<div class=\"bg-token-bg-primary corner-superellipse\/1.1 cursor-text overflow-clip bg-clip-padding p-2.5 contain-inline-size motion-safe:transition-colors motion-safe:duration-200 motion-safe:ease-in-out dark:bg-[#303030] grid grid-cols-[auto_1fr_auto] [grid-template-areas:'header_header_header'_'leading_primary_trailing'_'._footer_.'] group-data-expanded\/composer:[grid-template-areas:'header_header_header'_'primary_primary_primary'_'leading_footer_trailing'] shadow-short\" data-composer-surface=\"true\">\n<div class=\"flex items-center gap-2 [grid-area:trailing]\">\n<div class=\"ms-auto flex items-center gap-1.5\">\n<div>\n<div>\n<div class=\"relative\"><\/div>\n<\/div>\n<\/div>\n<\/div>\n<\/div>\n<\/div>\n<\/div>\n<\/form>\n<\/div>\n<\/div>\n<\/div>\n<\/div>\n<\/div>\n<p>&nbsp;<\/p>\n<p>&nbsp;<\/p>\n","protected":false},"excerpt":{"rendered":"<p>&#8222;Vero Moda&#8221; moteri\u0161ka megzta \u017eiemin\u0117 kepur\u0117 &#8211; \u0161ilta ir mink\u0161ta apsauga nuo \u0161al\u010dio ir v\u0117jo \u0160altuoju met\u0173 laiku \u0161ilta kepur\u0117 yra labai svarbi, kad k\u016bnas nesu\u0161alt\u0173 ir neprarastum\u0117te per daug \u0161ilumos. \u017diemin\u0117 kepur\u0117 apsaugo ne tik galv\u0105, bet ir ausis, kakl\u0105 ir plaukus, padeda palaikyti k\u016bno temperat\u016br\u0105 ir ma\u017eina per\u0161alimo rizik\u0105. &#8222;Vero Moda&#8221; austin\u0117 \u017eiemin\u0117 [&hellip;]<\/p>\n","protected":false},"featured_media":266133,"comment_status":"open","ping_status":"closed","template":"","meta":{"_acf_changed":false},"product_brand":[],"product_cat":[264],"product_tag":[],"class_list":{"0":"post-266132","1":"product","2":"type-product","3":"status-publish","4":"has-post-thumbnail","6":"product_cat-kepures-pirstines-salikai","7":"product_shipping_class-tarneaeg-1-4-paeva","9":"first","10":"instock","11":"taxable","12":"shipping-taxable","13":"purchasable","14":"product-type-variable","15":"has-default-attributes","16":"add-to-wishlist-after_add_to_cart"},"acf":[],"_links":{"self":[{"href":"https:\/\/tellimused.stiilne.ee\/lt\/wp-json\/wp\/v2\/product\/266132","targetHints":{"allow":["GET"]}}],"collection":[{"href":"https:\/\/tellimused.stiilne.ee\/lt\/wp-json\/wp\/v2\/product"}],"about":[{"href":"https:\/\/tellimused.stiilne.ee\/lt\/wp-json\/wp\/v2\/types\/product"}],"replies":[{"embeddable":true,"href":"https:\/\/tellimused.stiilne.ee\/lt\/wp-json\/wp\/v2\/comments?post=266132"}],"wp:featuredmedia":[{"embeddable":true,"href":"https:\/\/tellimused.stiilne.ee\/lt\/wp-json\/wp\/v2\/media\/266133"}],"wp:attachment":[{"href":"https:\/\/tellimused.stiilne.ee\/lt\/wp-json\/wp\/v2\/media?parent=266132"}],"wp:term":[{"taxonomy":"product_brand","embeddable":true,"href":"https:\/\/tellimused.stiilne.ee\/lt\/wp-json\/wp\/v2\/product_brand?post=266132"},{"taxonomy":"product_cat","embeddable":true,"href":"https:\/\/tellimused.stiilne.ee\/lt\/wp-json\/wp\/v2\/product_cat?post=266132"},{"taxonomy":"product_tag","embeddable":true,"href":"https:\/\/tellimused.stiilne.ee\/lt\/wp-json\/wp\/v2\/product_tag?post=266132"}],"curies":[{"name":"wp","href":"https:\/\/api.w.org\/{rel}","templated":true}]}}