{"id":266155,"date":"2026-03-12T13:23:15","date_gmt":"2026-03-12T11:23:15","guid":{"rendered":"https:\/\/tellimused.stiilne.ee\/toode\/huppa-meeste-talveparka-david-sinine-kunstkarvaga-200-grammi-soojustusega-vihma-ja-tuulekindel-kohe-laos\/"},"modified":"2026-04-07T11:08:57","modified_gmt":"2026-04-07T08:08:57","slug":"huppa-vyriska-ziemine-striuke-david-blue-with-art-karvag-200-g-apsiltinta-atspari-vejui-ir-lietui-naujai-isparduota","status":"publish","type":"product","link":"https:\/\/tellimused.stiilne.ee\/lt\/produktas\/huppa-vyriska-ziemine-striuke-david-blue-with-art-karvag-200-g-apsiltinta-atspari-vejui-ir-lietui-naujai-isparduota\/","title":{"rendered":"HUPPA vyri\u0161ka \u017eiemin\u0117 striuk\u0117 David blue WITH ART KARVAG 200 g ap\u0161iltinta, atspari v\u0117jui ir lietui &#8211; NAUJAI I\u0160PARDUOTA"},"content":{"rendered":"<p>&nbsp;<\/p>\n<p>Stilingo kirpimo ir 200 g izoliacijos \u0161i vyri\u0161ka \u017eiemin\u0117 striuk\u0117 idealiai tinka kasdieniam d\u0117v\u0117jimui tiek darbe, tiek laisvalaikiu. I\u0161orinis audinys yra atsparus v\u0117jui ir vandeniui, o u\u017eklijuotos si\u016bl\u0117s u\u017etikrins \u0161ilum\u0105 ir sausum\u0105 net tada, kai intensyviai sportuojate. Kr\u016btin\u0117s ki\u0161en\u0117s u\u017esegamos u\u017etrauktukais, o didel\u0117s priekin\u0117s ki\u0161en\u0117s turi patog\u0173 magnetin\u012f u\u017esegim\u0105. Kapi\u0161onas turi patog\u0173 nuimam\u0105 dirbtinio kailio gobtuv\u0105 su u\u017etrauktuku. Tamsoje matomum\u0105 u\u017etikrina \u0161vies\u0105 atspindin\u010dios detal\u0117s priekyje, nugaroje ir ant rankovi\u0173. &#8222;Huppa David&#8221; \u017eiemin\u0117 parka yra populiariausia ir perkamiausia \u017eiemin\u0117 parka tarp &#8222;Huppa&#8221; vyri\u0161k\u0173 modeli\u0173, nes turi visas geros parkos savybes.    <\/p>\n<p>Ger\u0105sias &#8222;Huppa&#8221; vyri\u0161kos \u017eiemin\u0117s striuk\u0117s David savybes rasite \u010dia<\/p>\n<ul>\n<li>Atsparus v\u0117jui ir lietui<\/li>\n<li>Reflektoriaus detal\u0117s trijose skirtingose vietose<\/li>\n<li>U\u017eklijuotos si\u016bl\u0117s &#8211; per si\u016bles neprasiskverbia sniegas ir lietus<\/li>\n<li>Ki\u0161en\u0117 su u\u017eraktu &#8211; patogi raktams ir mobiliajam telefonui laikyti<\/li>\n<li>Kr\u016btin\u0117s ki\u0161en\u0117s su u\u017etrauktukais<\/li>\n<li>Dvipusis u\u017eraktas &#8211; kad b\u016bt\u0173 patogiau s\u0117d\u0117ti ir vairuoti, nes u\u017erakt\u0105 galima atidaryti ir i\u0161 apa\u010dios.<\/li>\n<li>Gumin\u0117 virvel\u0117 nugar\u0117l\u0117je centro pad\u0117\u010diai reguliuoti<\/li>\n<li>Reguliuojama \u012fvor\u0117 su \u0161akute<\/li>\n<li>&#8222;Sonic&#8221; rankov\u0117s rankogalis &#8211; neleid\u017eia \u0161altam orui patekti \u012f rankov\u0119<\/li>\n<li>Atsparumas vandeniui 10 000<\/li>\n<li>Nepasitenkinimas 10 000<\/li>\n<li>Audinys 100 % poliesteris &#8211; labiausiai paplitusi med\u017eiaga \u017eiemos parkams<\/li>\n<li>Nuimamas dirbtinio kailio gobtuvas su u\u017etrauktuku<\/li>\n<li>Parka izoliacija 200 g medvilnin\u0117s vatos<\/li>\n<\/ul>\n<p>&#8222;Huppa&#8221; vyri\u0161ka ir berniuk\u0173 \u017eiemin\u0117 striuk\u0117 David Gamintojo matmen\u0173 lentel\u0117<\/p>\n<table style=\"height: 222px;\" border=\"0\" width=\"637\" cellspacing=\"0\">\n<colgroup width=\"102\"><\/colgroup>\n<colgroup width=\"307\"><\/colgroup>\n<colgroup span=\"6\" width=\"68\"><\/colgroup>\n<colgroup width=\"64\"><\/colgroup>\n<tbody>\n<tr>\n<td align=\"left\" valign=\"bottom\" bgcolor=\"#C5E0B4\" height=\"22\"><span style=\"color: #000000; font-family: Comic Sans MS;\">DAVIDAS 1<\/span><\/td>\n<td align=\"left\" valign=\"bottom\" bgcolor=\"#C5E0B4\"><span style=\"color: #000000; font-family: Comic Sans MS;\"> <\/span><\/td>\n<td align=\"center\" valign=\"bottom\" bgcolor=\"#C5E0B4\"><b><span style=\"color: #000000; font-family: Comic Sans MS;\">XS<\/span><\/b><\/td>\n<td align=\"center\" valign=\"bottom\" bgcolor=\"#C5E0B4\"><b><span style=\"color: #000000; font-family: Comic Sans MS;\">S<\/span><\/b><\/td>\n<td align=\"center\" valign=\"bottom\" bgcolor=\"#C5E0B4\"><b><span style=\"color: #000000; font-family: Comic Sans MS;\">M<\/span><\/b><\/td>\n<td align=\"center\" valign=\"bottom\" bgcolor=\"#C5E0B4\"><b><span style=\"color: #000000; font-family: Comic Sans MS;\">L<\/span><\/b><\/td>\n<td align=\"center\" valign=\"bottom\" bgcolor=\"#C5E0B4\"><b><span style=\"color: #000000; font-family: Comic Sans MS;\">XL<\/span><\/b><\/td>\n<td align=\"center\" valign=\"bottom\" bgcolor=\"#C5E0B4\"><b><span style=\"color: #000000; font-family: Comic Sans MS;\">XXL<\/span><\/b><\/td>\n<td align=\"center\" valign=\"bottom\" bgcolor=\"#C5E0B4\"><b><span style=\"color: #000000; font-family: Comic Sans MS;\">3XL<\/span><\/b><\/td>\n<\/tr>\n<tr>\n<td align=\"left\" valign=\"bottom\" height=\"21\"><span style=\"color: #000000; font-family: Comic Sans MS;\">DAVIDAS 1<\/span><\/td>\n<td align=\"left\" valign=\"bottom\"><span style=\"color: #000000; font-family: Comic Sans MS;\">\u00bd jautienos<\/span><\/td>\n<td align=\"center\" valign=\"bottom\"><span style=\"color: #000000; font-family: Comic Sans MS;\">53.5<\/span><\/td>\n<td align=\"center\" valign=\"bottom\"><span style=\"color: #000000; font-family: Comic Sans MS;\">56.5<\/span><\/td>\n<td align=\"center\" valign=\"bottom\"><span style=\"color: #000000; font-family: Comic Sans MS;\">59.5<\/span><\/td>\n<td align=\"center\" valign=\"bottom\"><span style=\"color: #000000; font-family: Comic Sans MS;\">62.5<\/span><\/td>\n<td align=\"center\" valign=\"bottom\"><span style=\"color: #000000; font-family: Comic Sans MS;\">66.5<\/span><\/td>\n<td align=\"center\" valign=\"bottom\"><span style=\"color: #000000; font-family: Comic Sans MS;\">70.5<\/span><\/td>\n<td align=\"center\" valign=\"bottom\"><span style=\"color: #000000; font-family: Comic Sans MS;\">75.5<\/span><\/td>\n<\/tr>\n<tr>\n<td align=\"left\" valign=\"bottom\" height=\"21\"><span style=\"color: #000000; font-family: Comic Sans MS;\">DAVIDAS 1<\/span><\/td>\n<td align=\"left\" valign=\"bottom\"><span style=\"color: #000000; font-family: Comic Sans MS;\">Pe\u010di\u0173 plotis<\/span><\/td>\n<td align=\"center\" valign=\"bottom\"><span style=\"color: #000000; font-family: Comic Sans MS;\">44.0<\/span><\/td>\n<td align=\"center\" valign=\"bottom\"><span style=\"color: #000000; font-family: Comic Sans MS;\">46.0<\/span><\/td>\n<td align=\"center\" valign=\"bottom\"><span style=\"color: #000000; font-family: Comic Sans MS;\">48.0<\/span><\/td>\n<td align=\"center\" valign=\"bottom\"><span style=\"color: #000000; font-family: Comic Sans MS;\">50.0<\/span><\/td>\n<td align=\"center\" valign=\"bottom\"><span style=\"color: #000000; font-family: Comic Sans MS;\">52.5<\/span><\/td>\n<td align=\"center\" valign=\"bottom\"><span style=\"color: #000000; font-family: Comic Sans MS;\">55.0<\/span><\/td>\n<td align=\"center\" valign=\"bottom\"><span style=\"color: #000000; font-family: Comic Sans MS;\">57.5<\/span><\/td>\n<\/tr>\n<tr>\n<td align=\"left\" valign=\"bottom\" height=\"21\"><span style=\"color: #000000; font-family: Comic Sans MS;\">DAVIDAS 1<\/span><\/td>\n<td align=\"left\" valign=\"bottom\"><span style=\"color: #000000; font-family: Comic Sans MS;\">Rankovi\u0173 ilgis<\/span><\/td>\n<td align=\"center\" valign=\"bottom\"><span style=\"color: #000000; font-family: Comic Sans MS;\">65.0<\/span><\/td>\n<td align=\"center\" valign=\"bottom\"><span style=\"color: #000000; font-family: Comic Sans MS;\">66.0<\/span><\/td>\n<td align=\"center\" valign=\"bottom\"><span style=\"color: #000000; font-family: Comic Sans MS;\">67.0<\/span><\/td>\n<td align=\"center\" valign=\"bottom\"><span style=\"color: #000000; font-family: Comic Sans MS;\">68.0<\/span><\/td>\n<td align=\"center\" valign=\"bottom\"><span style=\"color: #000000; font-family: Comic Sans MS;\">69.0<\/span><\/td>\n<td align=\"center\" valign=\"bottom\"><span style=\"color: #000000; font-family: Comic Sans MS;\">70.0<\/span><\/td>\n<td align=\"center\" valign=\"bottom\"><span style=\"color: #000000; font-family: Comic Sans MS;\">71.0<\/span><\/td>\n<\/tr>\n<tr>\n<td align=\"left\" valign=\"bottom\" height=\"21\"><span style=\"color: #000000; font-family: Comic Sans MS;\">DAVIDAS 1<\/span><\/td>\n<td align=\"left\" valign=\"middle\"><span style=\"color: #000000; font-family: Comic Sans MS;\">Parka ilgis<\/span><\/td>\n<td align=\"center\" valign=\"bottom\"><span style=\"color: #000000; font-family: Comic Sans MS;\">88.0<\/span><\/td>\n<td align=\"center\" valign=\"bottom\"><span style=\"color: #000000; font-family: Comic Sans MS;\">89.0<\/span><\/td>\n<td align=\"center\" valign=\"bottom\"><span style=\"color: #000000; font-family: Comic Sans MS;\">90.0<\/span><\/td>\n<td align=\"center\" valign=\"bottom\"><span style=\"color: #000000; font-family: Comic Sans MS;\">91.0<\/span><\/td>\n<td align=\"center\" valign=\"bottom\"><span style=\"color: #000000; font-family: Comic Sans MS;\">92.0<\/span><\/td>\n<td align=\"center\" valign=\"bottom\"><span style=\"color: #000000; font-family: Comic Sans MS;\">93.0<\/span><\/td>\n<td align=\"center\" valign=\"bottom\"><span style=\"color: #000000; font-family: Comic Sans MS;\">94.0<\/span><\/td>\n<\/tr>\n<tr>\n<td align=\"left\" valign=\"bottom\" height=\"21\"><span style=\"color: #000000; font-family: Comic Sans MS;\">DAVIDAS 1<\/span><\/td>\n<td align=\"left\" valign=\"middle\"><span style=\"color: #000000; font-family: Comic Sans MS;\">Parka ilgis nugaroje<\/span><\/td>\n<td align=\"center\" valign=\"bottom\"><span style=\"color: #000000; font-family: Comic Sans MS;\">93.0<\/span><\/td>\n<td align=\"center\" valign=\"bottom\"><span style=\"color: #000000; font-family: Comic Sans MS;\">94.0<\/span><\/td>\n<td align=\"center\" valign=\"bottom\"><span style=\"color: #000000; font-family: Comic Sans MS;\">95.0<\/span><\/td>\n<td align=\"center\" valign=\"bottom\"><span style=\"color: #000000; font-family: Comic Sans MS;\">96.0<\/span><\/td>\n<td align=\"center\" valign=\"bottom\"><span style=\"color: #000000; font-family: Comic Sans MS;\">97.0<\/span><\/td>\n<td align=\"center\" valign=\"bottom\"><span style=\"color: #000000; font-family: Comic Sans MS;\">98.0<\/span><\/td>\n<td align=\"center\" valign=\"bottom\"><span style=\"color: #000000; font-family: Comic Sans MS;\">99.0<\/span><\/td>\n<\/tr>\n<tr>\n<td align=\"left\" valign=\"bottom\" height=\"21\"><\/td>\n<td align=\"left\" valign=\"bottom\"><\/td>\n<td align=\"center\" valign=\"bottom\"><\/td>\n<td align=\"center\" valign=\"bottom\"><\/td>\n<td align=\"center\" valign=\"bottom\"><\/td>\n<td align=\"center\" valign=\"bottom\"><\/td>\n<td align=\"center\" valign=\"bottom\"><\/td>\n<td align=\"center\" valign=\"bottom\"><\/td>\n<td align=\"center\" valign=\"bottom\"><\/td>\n<\/tr>\n<tr>\n<td align=\"left\" valign=\"bottom\" height=\"21\"><\/td>\n<td align=\"left\" valign=\"bottom\"><\/td>\n<td align=\"center\" valign=\"bottom\"><\/td>\n<td align=\"center\" valign=\"bottom\"><\/td>\n<td align=\"center\" valign=\"bottom\"><\/td>\n<td align=\"center\" valign=\"bottom\"><\/td>\n<td align=\"center\" valign=\"bottom\"><\/td>\n<td align=\"center\" valign=\"bottom\"><\/td>\n<td align=\"center\" valign=\"bottom\"><\/td>\n<\/tr>\n<\/tbody>\n<\/table>\n<p>Stilinga ir \u0161ilta rudens-\u017eiemos sezonui skirta vyri\u0161ka \u017eiemin\u0117 striuk\u0117, gero ilgio ir tvirto kirpimo.<\/p>\n<p>&nbsp;<\/p>\n","protected":false},"excerpt":{"rendered":"<p>&nbsp; Stilingo kirpimo ir 200 g izoliacijos \u0161i vyri\u0161ka \u017eiemin\u0117 striuk\u0117 idealiai tinka kasdieniam d\u0117v\u0117jimui tiek darbe, tiek laisvalaikiu. I\u0161orinis audinys yra atsparus v\u0117jui ir vandeniui, o u\u017eklijuotos si\u016bl\u0117s u\u017etikrins \u0161ilum\u0105 ir sausum\u0105 net tada, kai intensyviai sportuojate. Kr\u016btin\u0117s ki\u0161en\u0117s u\u017esegamos u\u017etrauktukais, o didel\u0117s priekin\u0117s ki\u0161en\u0117s turi patog\u0173 magnetin\u012f u\u017esegim\u0105. Kapi\u0161onas turi patog\u0173 nuimam\u0105 dirbtinio [&hellip;]<\/p>\n","protected":false},"featured_media":266156,"comment_status":"open","ping_status":"closed","template":"","meta":{"_acf_changed":false},"product_brand":[],"product_cat":[304],"product_tag":[],"class_list":{"0":"post-266155","1":"product","2":"type-product","3":"status-publish","4":"has-post-thumbnail","6":"product_cat-huppa-vyriski-ir-berniuku-ziemos-striukes","7":"product_shipping_class-tarneaeg-5-15-paeva","9":"first","10":"instock","11":"sale","12":"taxable","13":"shipping-taxable","14":"purchasable","15":"product-type-variable","16":"has-default-attributes","17":"add-to-wishlist-after_add_to_cart"},"acf":[],"_links":{"self":[{"href":"https:\/\/tellimused.stiilne.ee\/lt\/wp-json\/wp\/v2\/product\/266155","targetHints":{"allow":["GET"]}}],"collection":[{"href":"https:\/\/tellimused.stiilne.ee\/lt\/wp-json\/wp\/v2\/product"}],"about":[{"href":"https:\/\/tellimused.stiilne.ee\/lt\/wp-json\/wp\/v2\/types\/product"}],"replies":[{"embeddable":true,"href":"https:\/\/tellimused.stiilne.ee\/lt\/wp-json\/wp\/v2\/comments?post=266155"}],"wp:featuredmedia":[{"embeddable":true,"href":"https:\/\/tellimused.stiilne.ee\/lt\/wp-json\/wp\/v2\/media\/266156"}],"wp:attachment":[{"href":"https:\/\/tellimused.stiilne.ee\/lt\/wp-json\/wp\/v2\/media?parent=266155"}],"wp:term":[{"taxonomy":"product_brand","embeddable":true,"href":"https:\/\/tellimused.stiilne.ee\/lt\/wp-json\/wp\/v2\/product_brand?post=266155"},{"taxonomy":"product_cat","embeddable":true,"href":"https:\/\/tellimused.stiilne.ee\/lt\/wp-json\/wp\/v2\/product_cat?post=266155"},{"taxonomy":"product_tag","embeddable":true,"href":"https:\/\/tellimused.stiilne.ee\/lt\/wp-json\/wp\/v2\/product_tag?post=266155"}],"curies":[{"name":"wp","href":"https:\/\/api.w.org\/{rel}","templated":true}]}}