{"id":266222,"date":"2026-03-12T13:19:15","date_gmt":"2026-03-12T11:19:15","guid":{"rendered":"https:\/\/tellimused.stiilne.ee\/toode\/vero-moda-pikkade-varrukatega-naiste-kampsun-kleit-nancy-hall-kohe-laos-super-hind\/"},"modified":"2026-04-07T11:08:52","modified_gmt":"2026-04-07T08:08:52","slug":"vero-moda-moteriskas-megztinis-su-ilgomis-rankovemis-nancy-pilka-kaip-isparduoti-skaitytojui-super-hind","status":"publish","type":"product","link":"https:\/\/tellimused.stiilne.ee\/lt\/produktas\/vero-moda-moteriskas-megztinis-su-ilgomis-rankovemis-nancy-pilka-kaip-isparduoti-skaitytojui-super-hind\/","title":{"rendered":"VERO MODA moteri\u0161kas megztinis su ilgomis rankov\u0117mis Nancy pilka &#8211; KAIP I\u0160PARDUOTI SKAITYTOJUI &#8211; SUPER KAINA"},"content":{"rendered":"<p>&nbsp;<\/p>\n<p>&nbsp;<\/p>\n<p>Geras pasirinkimas rudens-\u017eiemos sezonui, laisvalaikiui ar darbui.<\/p>\n<p>Vero Moda suknel\u0117 Nancy dabar yra sand\u0117lyje ir bus pristatyta per kelias dienas.<\/p>\n","protected":false},"excerpt":{"rendered":"<p>&nbsp; &nbsp; Geras pasirinkimas rudens-\u017eiemos sezonui, laisvalaikiui ar darbui. Vero Moda suknel\u0117 Nancy dabar yra sand\u0117lyje ir bus pristatyta per kelias dienas.<\/p>\n","protected":false},"featured_media":266223,"comment_status":"open","ping_status":"closed","template":"","meta":{"_acf_changed":false},"product_brand":[],"product_cat":[295],"product_tag":[],"class_list":{"0":"post-266222","1":"product","2":"type-product","3":"status-publish","4":"has-post-thumbnail","6":"product_cat-moteriski-megztiniai-marskineliai","7":"product_shipping_class-tarneaeg-1-4-paeva","9":"first","10":"instock","11":"sale","12":"taxable","13":"shipping-taxable","14":"purchasable","15":"product-type-variable","16":"has-default-attributes","17":"add-to-wishlist-after_add_to_cart"},"acf":[],"_links":{"self":[{"href":"https:\/\/tellimused.stiilne.ee\/lt\/wp-json\/wp\/v2\/product\/266222","targetHints":{"allow":["GET"]}}],"collection":[{"href":"https:\/\/tellimused.stiilne.ee\/lt\/wp-json\/wp\/v2\/product"}],"about":[{"href":"https:\/\/tellimused.stiilne.ee\/lt\/wp-json\/wp\/v2\/types\/product"}],"replies":[{"embeddable":true,"href":"https:\/\/tellimused.stiilne.ee\/lt\/wp-json\/wp\/v2\/comments?post=266222"}],"wp:featuredmedia":[{"embeddable":true,"href":"https:\/\/tellimused.stiilne.ee\/lt\/wp-json\/wp\/v2\/media\/266223"}],"wp:attachment":[{"href":"https:\/\/tellimused.stiilne.ee\/lt\/wp-json\/wp\/v2\/media?parent=266222"}],"wp:term":[{"taxonomy":"product_brand","embeddable":true,"href":"https:\/\/tellimused.stiilne.ee\/lt\/wp-json\/wp\/v2\/product_brand?post=266222"},{"taxonomy":"product_cat","embeddable":true,"href":"https:\/\/tellimused.stiilne.ee\/lt\/wp-json\/wp\/v2\/product_cat?post=266222"},{"taxonomy":"product_tag","embeddable":true,"href":"https:\/\/tellimused.stiilne.ee\/lt\/wp-json\/wp\/v2\/product_tag?post=266222"}],"curies":[{"name":"wp","href":"https:\/\/api.w.org\/{rel}","templated":true}]}}