{"id":266230,"date":"2026-03-12T13:19:15","date_gmt":"2026-03-12T11:19:15","guid":{"rendered":"https:\/\/tellimused.stiilne.ee\/toode\/vero-moda-soe-naiste-kampsun-hilda-sinine-kohe-laos-super-hind\/"},"modified":"2026-04-07T11:08:54","modified_gmt":"2026-04-07T08:08:54","slug":"vero-moda-siltas-moteriskas-megztinis-hilda-melynos-spalvos-wholesale-super-hind","status":"publish","type":"product","link":"https:\/\/tellimused.stiilne.ee\/lt\/produktas\/vero-moda-siltas-moteriskas-megztinis-hilda-melynos-spalvos-wholesale-super-hind\/","title":{"rendered":"VERO MODA \u0161iltas moteri\u0161kas megztinis &#8222;Hilda&#8221;, m\u0117lynos spalvos-WHOLESALE-SUPER KAINA"},"content":{"rendered":"<p>&nbsp;<\/p>\n<p>Stilingas &#8222;Vero Moda&#8221; megztinis &#8222;Hilda&#8221; puikiai tinka kasdieniam d\u0117v\u0117jimui darbe ar laisvalaikiu. Patogus megztinis apvaliu kaklu, mink\u0161tas ir \u0161iltas. Visos dienos komfortas garantuotas!<\/p>\n<p>&nbsp;<\/p>\n<p>D\u017eemperio med\u017eiaga &#8211; medviln\u0117 ir perdirbta poliesterio oda, kontrastuojanti su mink\u0161ta ir ner\u0117\u017eian\u010dia med\u017eiaga.<\/p>\n<p>Klasikinio paprasto dizaino vienspalv\u012f megztin\u012f &#8222;Hilda&#8221; patogu d\u0117v\u0117ti prie sijono ar kelni\u0173.<\/p>\n<p>Geras pasirinkimas rudens-\u017eiemos sezonui, kai reikia papildomos \u0161ilumos.<\/p>\n<p>&#8222;Vero Moda&#8221; megztinis yra sand\u0117lyje ir siunt\u0173 ma\u0161inoje atsiduria per kelias dienas &#8211; u\u017esakymai, pateikti darbo dien\u0105 prie\u0161 termin\u0105, bus i\u0161si\u0173sti t\u0105 pa\u010di\u0105 dien\u0105.<\/p>\n","protected":false},"excerpt":{"rendered":"<p>&nbsp; Stilingas &#8222;Vero Moda&#8221; megztinis &#8222;Hilda&#8221; puikiai tinka kasdieniam d\u0117v\u0117jimui darbe ar laisvalaikiu. Patogus megztinis apvaliu kaklu, mink\u0161tas ir \u0161iltas. Visos dienos komfortas garantuotas! &nbsp; D\u017eemperio med\u017eiaga &#8211; medviln\u0117 ir perdirbta poliesterio oda, kontrastuojanti su mink\u0161ta ir ner\u0117\u017eian\u010dia med\u017eiaga. Klasikinio paprasto dizaino vienspalv\u012f megztin\u012f &#8222;Hilda&#8221; patogu d\u0117v\u0117ti prie sijono ar kelni\u0173. Geras pasirinkimas rudens-\u017eiemos sezonui, [&hellip;]<\/p>\n","protected":false},"featured_media":266231,"comment_status":"open","ping_status":"closed","template":"","meta":{"_acf_changed":false},"product_brand":[],"product_cat":[295],"product_tag":[],"class_list":{"0":"post-266230","1":"product","2":"type-product","3":"status-publish","4":"has-post-thumbnail","6":"product_cat-moteriski-megztiniai-marskineliai","7":"product_shipping_class-tarneaeg-1-4-paeva","9":"first","10":"instock","11":"sale","12":"taxable","13":"shipping-taxable","14":"purchasable","15":"product-type-variable","16":"has-default-attributes","17":"add-to-wishlist-after_add_to_cart"},"acf":[],"_links":{"self":[{"href":"https:\/\/tellimused.stiilne.ee\/lt\/wp-json\/wp\/v2\/product\/266230","targetHints":{"allow":["GET"]}}],"collection":[{"href":"https:\/\/tellimused.stiilne.ee\/lt\/wp-json\/wp\/v2\/product"}],"about":[{"href":"https:\/\/tellimused.stiilne.ee\/lt\/wp-json\/wp\/v2\/types\/product"}],"replies":[{"embeddable":true,"href":"https:\/\/tellimused.stiilne.ee\/lt\/wp-json\/wp\/v2\/comments?post=266230"}],"wp:featuredmedia":[{"embeddable":true,"href":"https:\/\/tellimused.stiilne.ee\/lt\/wp-json\/wp\/v2\/media\/266231"}],"wp:attachment":[{"href":"https:\/\/tellimused.stiilne.ee\/lt\/wp-json\/wp\/v2\/media?parent=266230"}],"wp:term":[{"taxonomy":"product_brand","embeddable":true,"href":"https:\/\/tellimused.stiilne.ee\/lt\/wp-json\/wp\/v2\/product_brand?post=266230"},{"taxonomy":"product_cat","embeddable":true,"href":"https:\/\/tellimused.stiilne.ee\/lt\/wp-json\/wp\/v2\/product_cat?post=266230"},{"taxonomy":"product_tag","embeddable":true,"href":"https:\/\/tellimused.stiilne.ee\/lt\/wp-json\/wp\/v2\/product_tag?post=266230"}],"curies":[{"name":"wp","href":"https:\/\/api.w.org\/{rel}","templated":true}]}}