{"id":266295,"date":"2026-03-12T13:16:39","date_gmt":"2026-03-12T11:16:39","guid":{"rendered":"https:\/\/tellimused.stiilne.ee\/toode\/vero-moda-korge-kaelusega-naiste-kampsun-glory-sinine-kohe-laos\/"},"modified":"2026-04-07T11:08:52","modified_gmt":"2026-04-07T08:08:52","slug":"vero-moda-moteriskas-megztinis-aukstu-kaklu-glory-blue-wholder","status":"publish","type":"product","link":"https:\/\/tellimused.stiilne.ee\/lt\/produktas\/vero-moda-moteriskas-megztinis-aukstu-kaklu-glory-blue-wholder\/","title":{"rendered":"VERO MODA moteri\u0161kas megztinis auk\u0161tu kaklu Glory blue-WHOLDER"},"content":{"rendered":"<p data-start=\"244\" data-end=\"549\">&#8222;<strong data-start=\"244\" data-end=\"271\">Vero Moda Glory&#8221; megztinis<\/strong> &#8211; puikus pasirinkimas moterims, kurios vertina <strong data-start=\"310\" data-end=\"344\">paprast\u0105, klasikin\u012f stili\u0173<\/strong>, kur\u012f lengva derinti beveik prie bet kokio garderobo elemento. D\u0117l nesenstan\u010dio kirpimo ir \u0161varaus dizaino \u0161is megztinis bus m\u0117gstamas prie kelni\u0173 ar sijono &#8211; nesvarbu, ar tai b\u016bt\u0173 darbo diena, ar susitikimas, ar vakaras. <\/p>\n<p data-start=\"551\" data-end=\"790\">D\u017eemperis pagamintas i\u0161 <strong data-start=\"574\" data-end=\"616\">mink\u0161tos ir odai nekenksmingos med\u017eiagos<\/strong> (80 % viskoz\u0117s, 20 % nailono), kuri\u0105 patogu d\u0117v\u0117ti <strong data-start=\"668\" data-end=\"694\">tiesiai ant plikos odos<\/strong> ir kuri nesukelia nie\u017eulio. Med\u017eiaga gra\u017eiai krinta, i\u0161laiko form\u0105 ir u\u017etikrina patogum\u0105 vis\u0105 dien\u0105. <\/p>\n<p data-start=\"792\" data-end=\"1021\">D\u017eemperis &#8222;Glory&#8221; puikiai tinka <strong data-start=\"826\" data-end=\"854\">rudens\/\u017eiemos sezonui<\/strong> &#8211; j\u012f galima d\u0117v\u0117ti vien\u0105 arba sluoksniuoti po \u0161varku ar paltu. Klasikin\u0117s i\u0161vaizdos megztinis yra patikimas pasirinkimas, kuris nei\u0161eis i\u0161 mados ir gali b\u016bti d\u0117vimas \u012fvairiais met\u0173 laikais. <\/p>\n<p data-start=\"1023\" data-end=\"1184\">\u2714 Klasikinis ir paprastas dizainas<br data-start=\"1054\" data-end=\"1057\">\u2714 Puikiai tinka prie kelni\u0173 ir sijon\u0173<br data-start=\"1103\" data-end=\"1106\">\u2714 Mink\u0161ta ir patogi med\u017eiaga &#8211; nedirgina odos<br data-start=\"1149\" data-end=\"1152\">\u2714 Geras pasirinkimas darbui ir laisvalaikiui<\/p>\n<p data-start=\"1186\" data-end=\"1277\"> \ufe0f <strong data-start=\"1190\" data-end=\"1210\">\u0160iuo metu yra sand\u0117lyje<\/strong> &#8211; u\u017esisakykite \u0161iandien, o megztinis bus pristatytas \u012f <strong data-start=\"1242\" data-end=\"1276\">siunt\u0173 tarnyb\u0105 per kelias darbo dienas.<\/strong><\/p>\n<p data-start=\"1186\" data-end=\"1277\">U\u017esakymai, pateikti iki galutinio termino, bus i\u0161si\u0173sti t\u0105 pa\u010di\u0105 dien\u0105.<\/p>\n<p>&nbsp;<\/p>\n<p>&nbsp;<\/p>\n","protected":false},"excerpt":{"rendered":"<p>&#8222;Vero Moda Glory&#8221; megztinis &#8211; puikus pasirinkimas moterims, kurios vertina paprast\u0105, klasikin\u012f stili\u0173, kur\u012f lengva derinti beveik prie bet kokio garderobo elemento. D\u0117l nesenstan\u010dio kirpimo ir \u0161varaus dizaino \u0161is megztinis bus m\u0117gstamas prie kelni\u0173 ar sijono &#8211; nesvarbu, ar tai b\u016bt\u0173 darbo diena, ar susitikimas, ar vakaras. D\u017eemperis pagamintas i\u0161 mink\u0161tos ir odai nekenksmingos med\u017eiagos [&hellip;]<\/p>\n","protected":false},"featured_media":266296,"comment_status":"open","ping_status":"closed","template":"","meta":{"_acf_changed":false},"product_brand":[],"product_cat":[295],"product_tag":[],"class_list":{"0":"post-266295","1":"product","2":"type-product","3":"status-publish","4":"has-post-thumbnail","6":"product_cat-moteriski-megztiniai-marskineliai","7":"product_shipping_class-tarneaeg-1-4-paeva","9":"first","10":"instock","11":"sale","12":"taxable","13":"shipping-taxable","14":"purchasable","15":"product-type-variable","16":"has-default-attributes","17":"add-to-wishlist-after_add_to_cart"},"acf":[],"_links":{"self":[{"href":"https:\/\/tellimused.stiilne.ee\/lt\/wp-json\/wp\/v2\/product\/266295","targetHints":{"allow":["GET"]}}],"collection":[{"href":"https:\/\/tellimused.stiilne.ee\/lt\/wp-json\/wp\/v2\/product"}],"about":[{"href":"https:\/\/tellimused.stiilne.ee\/lt\/wp-json\/wp\/v2\/types\/product"}],"replies":[{"embeddable":true,"href":"https:\/\/tellimused.stiilne.ee\/lt\/wp-json\/wp\/v2\/comments?post=266295"}],"wp:featuredmedia":[{"embeddable":true,"href":"https:\/\/tellimused.stiilne.ee\/lt\/wp-json\/wp\/v2\/media\/266296"}],"wp:attachment":[{"href":"https:\/\/tellimused.stiilne.ee\/lt\/wp-json\/wp\/v2\/media?parent=266295"}],"wp:term":[{"taxonomy":"product_brand","embeddable":true,"href":"https:\/\/tellimused.stiilne.ee\/lt\/wp-json\/wp\/v2\/product_brand?post=266295"},{"taxonomy":"product_cat","embeddable":true,"href":"https:\/\/tellimused.stiilne.ee\/lt\/wp-json\/wp\/v2\/product_cat?post=266295"},{"taxonomy":"product_tag","embeddable":true,"href":"https:\/\/tellimused.stiilne.ee\/lt\/wp-json\/wp\/v2\/product_tag?post=266295"}],"curies":[{"name":"wp","href":"https:\/\/api.w.org\/{rel}","templated":true}]}}