{"id":266311,"date":"2026-03-12T13:14:54","date_gmt":"2026-03-12T11:14:54","guid":{"rendered":"https:\/\/tellimused.stiilne.ee\/toode\/huppa-poiste-sugis-talvine-parka-roman-tumehall140-grammise-soojustusega-tarneaeg-1-4-paeva\/"},"modified":"2026-04-07T11:08:55","modified_gmt":"2026-04-07T08:08:55","slug":"huppa-berniuku-rudens-ziemos-striuke-roman-dark-grey140-g-izoliacija-pristatymo-laikas-1-4-dienos","status":"publish","type":"product","link":"https:\/\/tellimused.stiilne.ee\/lt\/produktas\/huppa-berniuku-rudens-ziemos-striuke-roman-dark-grey140-g-izoliacija-pristatymo-laikas-1-4-dienos\/","title":{"rendered":"Huppa berniuk\u0173 rudens-\u017eiemos striuk\u0117 Roman dark grey(140 g izoliacija)-Pristatymo laikas 1-4 dienos"},"content":{"rendered":"<p>&nbsp;<\/p>\n<ul>\n<li>100% atsparus v\u0117jui ir vandeniui<\/li>\n<li>Vandeniui atsparios u\u017eklijuotos si\u016bl\u0117s<\/li>\n<li>Taftvooder<\/li>\n<li>Nuimamas gobtuvas<\/li>\n<li>Elastiniai briaunuoti rankovi\u0173 rankogaliai<\/li>\n<li>\u0160onin\u0117s ki\u0161en\u0117s<\/li>\n<li>Informacija apie reflektori\u0173\n<p>Audinys: 100% poliesteris, pamu\u0161alas: tafta. Izoliacija: 140 g. Kv\u0117puojamumas 10 000 g\/m\u00b2\/24 h, atsparumas vandeniui 10 000 mm.  <\/li>\n<\/ul>\n<p>&nbsp;<\/p>\n<p>Berniuk\u0173 140 g lietaus ir v\u0117jo nepraleid\u017eianti rudens-\u017eiemos striuk\u0117 su satino izoliacija.<\/p>\n<p>Striuk\u0117 ilgomis rankov\u0117mis turi jauk\u0173 mink\u0161t\u0105 vilnon\u012f pamu\u0161al\u0105 ant k\u016bno ir taftos pamu\u0161al\u0105 ant rankovi\u0173, kad u\u017esid\u0117jus striuk\u0119 b\u016bt\u0173 lengviau perki\u0161ti rankas. Striuk\u0117 turi nuimam\u0105 gobtuv\u0105 su u\u017etrauktuku, vandeniui atsparias u\u017eklijuotas pe\u010di\u0173 si\u016bles ir rankovi\u0173 rankogalius su briaunomis, kad b\u016bt\u0173 patogu. <\/p>\n<p>Striuk\u0117 turi \u0161vies\u0105 atspindin\u010di\u0173 detali\u0173, kad b\u016bt\u0173 saugiau d\u0117v\u0117ti.<\/p>\n<p>Patogi berniuki\u0161ka rudens-\u017eiemos sezonui skirta oro s\u0105lygoms atspari striuk\u0117.<\/p>\n<p>Parka pristatymo laikas &#8211; 1-4 dienos<\/p>\n","protected":false},"excerpt":{"rendered":"<p>&nbsp; 100% atsparus v\u0117jui ir vandeniui Vandeniui atsparios u\u017eklijuotos si\u016bl\u0117s Taftvooder Nuimamas gobtuvas Elastiniai briaunuoti rankovi\u0173 rankogaliai \u0160onin\u0117s ki\u0161en\u0117s Informacija apie reflektori\u0173 Audinys: 100% poliesteris, pamu\u0161alas: tafta. Izoliacija: 140 g. Kv\u0117puojamumas 10 000 g\/m\u00b2\/24 h, atsparumas vandeniui 10 000 mm. &nbsp; Berniuk\u0173 140 g lietaus ir v\u0117jo nepraleid\u017eianti rudens-\u017eiemos striuk\u0117 su satino izoliacija. Striuk\u0117 ilgomis [&hellip;]<\/p>\n","protected":false},"featured_media":266312,"comment_status":"open","ping_status":"closed","template":"","meta":{"_acf_changed":false},"product_brand":[],"product_cat":[406],"product_tag":[],"class_list":{"0":"post-266311","1":"product","2":"type-product","3":"status-publish","4":"has-post-thumbnail","6":"product_cat-vyriski-ir-berniuku-pavasario-rudens-striukes","7":"product_shipping_class-tarneaeg-1-4-paeva","9":"first","10":"instock","11":"sale","12":"taxable","13":"shipping-taxable","14":"purchasable","15":"product-type-variable","16":"has-default-attributes","17":"add-to-wishlist-after_add_to_cart"},"acf":[],"_links":{"self":[{"href":"https:\/\/tellimused.stiilne.ee\/lt\/wp-json\/wp\/v2\/product\/266311","targetHints":{"allow":["GET"]}}],"collection":[{"href":"https:\/\/tellimused.stiilne.ee\/lt\/wp-json\/wp\/v2\/product"}],"about":[{"href":"https:\/\/tellimused.stiilne.ee\/lt\/wp-json\/wp\/v2\/types\/product"}],"replies":[{"embeddable":true,"href":"https:\/\/tellimused.stiilne.ee\/lt\/wp-json\/wp\/v2\/comments?post=266311"}],"wp:featuredmedia":[{"embeddable":true,"href":"https:\/\/tellimused.stiilne.ee\/lt\/wp-json\/wp\/v2\/media\/266312"}],"wp:attachment":[{"href":"https:\/\/tellimused.stiilne.ee\/lt\/wp-json\/wp\/v2\/media?parent=266311"}],"wp:term":[{"taxonomy":"product_brand","embeddable":true,"href":"https:\/\/tellimused.stiilne.ee\/lt\/wp-json\/wp\/v2\/product_brand?post=266311"},{"taxonomy":"product_cat","embeddable":true,"href":"https:\/\/tellimused.stiilne.ee\/lt\/wp-json\/wp\/v2\/product_cat?post=266311"},{"taxonomy":"product_tag","embeddable":true,"href":"https:\/\/tellimused.stiilne.ee\/lt\/wp-json\/wp\/v2\/product_tag?post=266311"}],"curies":[{"name":"wp","href":"https:\/\/api.w.org\/{rel}","templated":true}]}}