{"id":266319,"date":"2026-03-12T13:14:06","date_gmt":"2026-03-12T11:14:06","guid":{"rendered":"https:\/\/tellimused.stiilne.ee\/toode\/vero-moda-beez-naiste-talvemantel-diane-kohe-laos-viimased-s-ja-m-super-hind\/"},"modified":"2026-04-07T11:08:51","modified_gmt":"2026-04-07T08:08:51","slug":"vero-moda-beez-moteriskas-zieminis-paltas-diane-wook-skaidyklese-s-ir-m-super-hind","status":"publish","type":"product","link":"https:\/\/tellimused.stiilne.ee\/lt\/produktas\/vero-moda-beez-moteriskas-zieminis-paltas-diane-wook-skaidyklese-s-ir-m-super-hind\/","title":{"rendered":"VERO MODA beez moteri\u0161kas \u017eieminis paltas Diane-WOOK SKAIDYKL\u0116SE S ir M &#8211; SUPER KAINA"},"content":{"rendered":"<p>&nbsp;<\/p>\n<p>Klasikinio, paprasto kirpimo ilgas &#8222;Vero Moda Diane&#8221; paltas puikiai tinka rudens ir \u017eiemos sezonui.<\/p>\n<p>Apsauginis d\u0117klas priekyje u\u017esegamas u\u017eraktu, kur\u012f galima atidaryti dviem kryptimis, kad b\u016bt\u0173 patogiau s\u0117d\u0117ti ir va\u017eiuoti.<\/p>\n<p>Paltas turi auk\u0161t\u0105 apykakl\u0119 ir gero dyd\u017eio gobtuv\u0105, kuris v\u0117sesniu ir v\u0117juotu oru maloniai su\u0161ildo kakl\u0105 ir galv\u0105.<\/p>\n<p>Palto med\u017eiaga yra 100 % poliesteris &#8211; vanden\u012f atstumianti med\u017eiaga.<\/p>\n<p><strong>&#8222;Vero Moda Diane&#8221; palt\u0173 dyd\u017eiai (eil\u0117s tvarka) S, M, L, XL yra tokie<\/strong><\/p>\n<p>Kr\u016btin\u0117s apimtis 104(S), 108(M), 114(L), 120(XL) cm<\/p>\n<p>Klub\u0173 apimtis matuojama po ki\u0161en\u0117mis 110, 114, 122, 128 cm.<\/p>\n<p>Palto ilgis nuo priekio iki pe\u010di\u0173 yra 91, 93, 96, 96 cm.<\/p>\n<p>Pe\u010di\u0173 plotis 40, 40, 40, 43, 43 cm<\/p>\n<p>Paltas yra sand\u0117lyje &#8211; pristatymo laikas 1-4 dienos.<\/p>\n<p>U\u017esakymai, pateikti darbo dien\u0105 prie\u0161 termin\u0105, bus i\u0161si\u0173sti t\u0105 pa\u010di\u0105 dien\u0105, o siuntinys paprastai bus pristatytas \u012f siunt\u0173 automat\u0105 kit\u0105 darbo dien\u0105.<\/p>\n<p>Jei pageidaujate, park\u0105 taip pat galite \u012fsigyti tiesiai i\u0161 m\u016bs\u0173 sand\u0117lio, esan\u010dio Kanarbiku tee 15\/3, J\u00e4rvek\u00fcla &#8211; 5 minut\u0117s kelio automobiliu nuo \u00dclemiste centro.<\/p>\n","protected":false},"excerpt":{"rendered":"<p>&nbsp; Klasikinio, paprasto kirpimo ilgas &#8222;Vero Moda Diane&#8221; paltas puikiai tinka rudens ir \u017eiemos sezonui. Apsauginis d\u0117klas priekyje u\u017esegamas u\u017eraktu, kur\u012f galima atidaryti dviem kryptimis, kad b\u016bt\u0173 patogiau s\u0117d\u0117ti ir va\u017eiuoti. Paltas turi auk\u0161t\u0105 apykakl\u0119 ir gero dyd\u017eio gobtuv\u0105, kuris v\u0117sesniu ir v\u0117juotu oru maloniai su\u0161ildo kakl\u0105 ir galv\u0105. Palto med\u017eiaga yra 100 % poliesteris [&hellip;]<\/p>\n","protected":false},"featured_media":266320,"comment_status":"open","ping_status":"closed","template":"","meta":{"_acf_changed":false},"product_brand":[],"product_cat":[300,301],"product_tag":[],"class_list":{"0":"post-266319","1":"product","2":"type-product","3":"status-publish","4":"has-post-thumbnail","6":"product_cat-zieminiai-paltiniai","7":"product_cat-zieminiai-paltukai-iki-60","8":"product_shipping_class-tarneaeg-1-4-paeva","10":"first","11":"instock","12":"sale","13":"taxable","14":"shipping-taxable","15":"purchasable","16":"product-type-variable","17":"has-default-attributes","18":"add-to-wishlist-after_add_to_cart"},"acf":[],"_links":{"self":[{"href":"https:\/\/tellimused.stiilne.ee\/lt\/wp-json\/wp\/v2\/product\/266319","targetHints":{"allow":["GET"]}}],"collection":[{"href":"https:\/\/tellimused.stiilne.ee\/lt\/wp-json\/wp\/v2\/product"}],"about":[{"href":"https:\/\/tellimused.stiilne.ee\/lt\/wp-json\/wp\/v2\/types\/product"}],"replies":[{"embeddable":true,"href":"https:\/\/tellimused.stiilne.ee\/lt\/wp-json\/wp\/v2\/comments?post=266319"}],"wp:featuredmedia":[{"embeddable":true,"href":"https:\/\/tellimused.stiilne.ee\/lt\/wp-json\/wp\/v2\/media\/266320"}],"wp:attachment":[{"href":"https:\/\/tellimused.stiilne.ee\/lt\/wp-json\/wp\/v2\/media?parent=266319"}],"wp:term":[{"taxonomy":"product_brand","embeddable":true,"href":"https:\/\/tellimused.stiilne.ee\/lt\/wp-json\/wp\/v2\/product_brand?post=266319"},{"taxonomy":"product_cat","embeddable":true,"href":"https:\/\/tellimused.stiilne.ee\/lt\/wp-json\/wp\/v2\/product_cat?post=266319"},{"taxonomy":"product_tag","embeddable":true,"href":"https:\/\/tellimused.stiilne.ee\/lt\/wp-json\/wp\/v2\/product_tag?post=266319"}],"curies":[{"name":"wp","href":"https:\/\/api.w.org\/{rel}","templated":true}]}}