{"id":266373,"date":"2026-03-12T13:07:57","date_gmt":"2026-03-12T11:07:57","guid":{"rendered":"https:\/\/tellimused.stiilne.ee\/toode\/tamaris-naturaalnahast-sooja-karvaga-pruunid-naiste-poolsaapad-kohe-laos-hea-hind\/"},"modified":"2026-04-07T11:09:03","modified_gmt":"2026-04-07T08:09:03","slug":"tamaris-rudos-spalvos-naturalios-odos-moteriskos-slepetes-su-siltu-kailiuku-naudojamos-geros-kainos","status":"publish","type":"product","link":"https:\/\/tellimused.stiilne.ee\/lt\/produktas\/tamaris-rudos-spalvos-naturalios-odos-moteriskos-slepetes-su-siltu-kailiuku-naudojamos-geros-kainos\/","title":{"rendered":"TAMARIS rudos spalvos nat\u016bralios odos moteri\u0161kos \u0161lepet\u0117s su \u0161iltu kailiuku &#8211; NAUDOJAMOS &#8211; GEROS KAINOS"},"content":{"rendered":"<p data-start=\"104\" data-end=\"180\"><strong data-start=\"104\" data-end=\"180\">Tamaris nat\u016bralios odos moteri\u0161ki pusba\u010diai  <\/strong><\/p>\n<p data-start=\"182\" data-end=\"531\">Stilingi ir patog\u016bs <strong data-start=\"202\" data-end=\"224\">&#8222;Tamaris&#8221; pusba\u010diai<\/strong> skirti moteriai, vertinan\u010diai kokyb\u0119, \u0161ilum\u0105 ir nesenstan\u010di\u0105 ger\u0105 i\u0161vaizd\u0105.<br data-start=\"298\" data-end=\"301\">Bateliai pagaminti <strong data-start=\"323\" data-end=\"346\">i\u0161 nat\u016bralios odos,<\/strong> kuri yra patvari, patogi p\u0117doms ir pralaidi orui.<\/p>\n<p data-start=\"182\" data-end=\"531\">Viduje rasite <strong data-start=\"402\" data-end=\"441\">100 % nat\u016bralios \u0117riuko vilnos pamu\u0161al\u0105<\/strong>, kuris i\u0161laikys j\u016bs\u0173 kojas \u0161iltas net per did\u017eiausius \u0161al\u010dius &#8211; puikiai tinka Estijos rudens ir \u017eiemos orams.<\/p>\n<p data-start=\"533\" data-end=\"545\"><b>Kod\u0117l verta rinktis &#8222;Tamaris&#8221; pusba\u010dius?<\/b><\/p>\n<ul>\n<li data-start=\"533\" data-end=\"545\"> <strong data-start=\"548\" data-end=\"580\">Labai \u0161iltas avies vilnos pamu\u0161alas<\/strong> &#8211; tinka -10 \u00b0C ir \u017eemesnei temperat\u016brai.<\/li>\n<li data-start=\"546\" data-end=\"612\"><strong>Nat\u016brali oda,<\/strong> kuri patogesn\u0117 ir patvaresn\u0117 j\u016bs\u0173 kojoms<\/li>\n<li data-start=\"613\" data-end=\"670\">\n<p data-start=\"615\" data-end=\"670\"><strong data-start=\"615\" data-end=\"636\">\u017demas patogus kulnas<\/strong> &#8211; tinka kasdieniam d\u0117v\u0117jimui<\/p>\n<\/li>\n<li data-start=\"671\" data-end=\"743\">\n<p data-start=\"673\" data-end=\"743\"><strong data-start=\"673\" data-end=\"703\">Didelio sukibimo padas<\/strong> &#8211; saugus net ant slid\u017ei\u0173 ir \u0161lapi\u0173 keli\u0173<\/p>\n<\/li>\n<li data-start=\"744\" data-end=\"810\">\n<p data-start=\"746\" data-end=\"810\"><strong data-start=\"746\" data-end=\"775\">Nesenstantis ir eleganti\u0161kas dizainas<\/strong> &#8211; tinka ir prie suknel\u0117s, ir prie d\u017eins\u0173<\/p>\n<\/li>\n<\/ul>\n<p data-start=\"812\" data-end=\"983\">&#8222;Tamaris&#8221; yra gerai \u017einomas Vokietijos prek\u0117s \u017eenklas, kuriuo pasitiki \u012fvairaus am\u017eiaus moterys. \u0160ie batai, kuriuose dera <strong data-start=\"895\" data-end=\"926\">patogumas, \u0161iluma ir stilius<\/strong>, yra geras pasirinkimas rudens-\u017eiemos sezonui. <\/p>\n<p data-start=\"985\" data-end=\"1120\"><strong data-start=\"985\" data-end=\"1051\">Batai sand\u0117liuojami i\u0161 karto &#8211; pristatymo laikas vidutini\u0161kai 1-2 darbo dienos.<\/strong><br data-start=\"1051\" data-end=\"1054\">Darbo dienomis iki 17.00 val. Pateikti u\u017esakymai bus i\u0161si\u0173sti t\u0105 pa\u010di\u0105 dien\u0105. <\/p>\n<p>&nbsp;<\/p>\n<p>&nbsp;<\/p>\n","protected":false},"excerpt":{"rendered":"<p>Tamaris nat\u016bralios odos moteri\u0161ki pusba\u010diai Stilingi ir patog\u016bs &#8222;Tamaris&#8221; pusba\u010diai skirti moteriai, vertinan\u010diai kokyb\u0119, \u0161ilum\u0105 ir nesenstan\u010di\u0105 ger\u0105 i\u0161vaizd\u0105.Bateliai pagaminti i\u0161 nat\u016bralios odos, kuri yra patvari, patogi p\u0117doms ir pralaidi orui. Viduje rasite 100 % nat\u016bralios \u0117riuko vilnos pamu\u0161al\u0105, kuris i\u0161laikys j\u016bs\u0173 kojas \u0161iltas net per did\u017eiausius \u0161al\u010dius &#8211; puikiai tinka Estijos rudens ir \u017eiemos [&hellip;]<\/p>\n","protected":false},"featured_media":266374,"comment_status":"open","ping_status":"closed","template":"","meta":{"_acf_changed":false},"product_brand":[],"product_cat":[321,380,381],"product_tag":[],"class_list":{"0":"post-266373","1":"product","2":"type-product","3":"status-publish","4":"has-post-thumbnail","6":"product_cat-moterims","7":"product_cat-moteriski-batai","8":"product_cat-pusbatai","9":"product_shipping_class-tarneaeg-1-4-paeva","11":"first","12":"instock","13":"sale","14":"taxable","15":"shipping-taxable","16":"purchasable","17":"product-type-variable","18":"has-default-attributes","19":"add-to-wishlist-after_add_to_cart"},"acf":[],"_links":{"self":[{"href":"https:\/\/tellimused.stiilne.ee\/lt\/wp-json\/wp\/v2\/product\/266373","targetHints":{"allow":["GET"]}}],"collection":[{"href":"https:\/\/tellimused.stiilne.ee\/lt\/wp-json\/wp\/v2\/product"}],"about":[{"href":"https:\/\/tellimused.stiilne.ee\/lt\/wp-json\/wp\/v2\/types\/product"}],"replies":[{"embeddable":true,"href":"https:\/\/tellimused.stiilne.ee\/lt\/wp-json\/wp\/v2\/comments?post=266373"}],"wp:featuredmedia":[{"embeddable":true,"href":"https:\/\/tellimused.stiilne.ee\/lt\/wp-json\/wp\/v2\/media\/266374"}],"wp:attachment":[{"href":"https:\/\/tellimused.stiilne.ee\/lt\/wp-json\/wp\/v2\/media?parent=266373"}],"wp:term":[{"taxonomy":"product_brand","embeddable":true,"href":"https:\/\/tellimused.stiilne.ee\/lt\/wp-json\/wp\/v2\/product_brand?post=266373"},{"taxonomy":"product_cat","embeddable":true,"href":"https:\/\/tellimused.stiilne.ee\/lt\/wp-json\/wp\/v2\/product_cat?post=266373"},{"taxonomy":"product_tag","embeddable":true,"href":"https:\/\/tellimused.stiilne.ee\/lt\/wp-json\/wp\/v2\/product_tag?post=266373"}],"curies":[{"name":"wp","href":"https:\/\/api.w.org\/{rel}","templated":true}]}}