{"id":266403,"date":"2026-03-12T13:06:33","date_gmt":"2026-03-12T11:06:33","guid":{"rendered":"https:\/\/tellimused.stiilne.ee\/toode\/huppa-kevad-sugis-ulemineku-hooajaks-140-gr-soojustusega-naiste-mantel-alma-sinepikollane-kohe-loas-viimane-s36-super-hind\/"},"modified":"2026-04-07T11:09:03","modified_gmt":"2026-04-07T08:09:03","slug":"huppa-pavasario-rudens-pereinamojo-sezono-140-gr-moteriskas-apsiltintas-paltas-alma-mustard-yellow-jau-greitai-pasirodys-paskutinis-s36-super-kaina","status":"publish","type":"product","link":"https:\/\/tellimused.stiilne.ee\/lt\/produktas\/huppa-pavasario-rudens-pereinamojo-sezono-140-gr-moteriskas-apsiltintas-paltas-alma-mustard-yellow-jau-greitai-pasirodys-paskutinis-s36-super-kaina\/","title":{"rendered":"Huppa pavasario-rudens pereinamojo sezono 140 gr moteri\u0161kas ap\u0161iltintas paltas Alma mustard-yellow &#8211; jau greitai pasirodys paskutinis S(36) super kaina"},"content":{"rendered":"<p>&nbsp;<\/p>\n<p>Geltona spalva spinduliuoja pozityvum\u0105 ir gyvybingum\u0105, kaip ir saul\u0117.Jei norite dien\u0105 prad\u0117ti laimingai ir energingai, vilk\u0117kite geltonus drabu\u017eius &#8211; jums garantuota \u0161viesi nuotaika ir saul\u0117tas \u017evilgsnis \u012f kiekvien\u0105 dien\u0105.<\/p>\n<div class=\"product__description\">\n<p>Huppa Alma Manti charakteristikos<\/p>\n<ul>\n<li>Atsparus v\u0117jui ir vandeniui<\/li>\n<li>Dygsniuotas audinys<\/li>\n<li>Gra\u017eus pj\u016bvis, i\u0161pjautas ant korpuso<\/li>\n<li>\u0160onin\u0117s ki\u0161en\u0117s su u\u017eraktu<\/li>\n<li>Dviej\u0173 kryp\u010di\u0173 priekinis u\u017eraktas<\/li>\n<li>Informacija apie reflektori\u0173<\/li>\n<li>Med\u017eiaga poliamidas ir poliesteris<\/li>\n<li>140 gr izoliacija<\/li>\n<li>Kv\u0117puojamumas 5000 g\/m2<\/li>\n<li>Rekomenduojama d\u0117v\u0117jimo temperat\u016bra nuo 5\u00b0C iki -10\u00b0C<\/li>\n<\/ul>\n<p>&nbsp;<\/p>\n<p>Moteri\u0161kas neper\u0161lampamas ir v\u0117jo nepraleid\u017eiantis 140 g ap\u0161iltintas paltas idealiai tinka d\u0117v\u0117ti pavasar\u012f, ruden\u012f ir \u0161iltesniu \u017eiemos oru.I\u0161orinis audinys pagamintas i\u0161 perdirbto pluo\u0161to &#8211; audinys yra pralaidus orui, lengvas ir atsparus UV spinduliams.<\/p>\n<p>Puikus paltas su moteri\u0161ku liemens kirpimu, kuris ypa\u010d tinka toms, kurios nori d\u0117v\u0117ti suknel\u0119 ir sijon\u0105 \u0161altesniu oru.Taip pat geras pasirinkimas einant \u012f teatr\u0105, koncertus ir gimtadienio vakar\u0117lius.Palt\u0105 galima d\u0117v\u0117ti su dir\u017eu arba be jo.<\/p>\n<div class=\"product__description\">\n<p>&#8222;Huppa Alma&#8221; paltas puikiai tinka standartiniams europieti\u0161kiems dyd\u017eiams &#8211; rekomenduojame rinktis \u012fprast\u0105 dyd\u012f.<\/p>\n<p>Tiksl\u016bs &#8222;Huppa Alma&#8221; palto i\u0161matavimai pagal dyd\u012f yra tokie: XS, S, M, L, XL ir XXL.<\/p>\n<p>Kr\u016btin\u0117s apimtis 92, 98, 104, 110, 118, 126 cm<\/p>\n<p>Pe\u010di\u0173 plotis 39, 40, 41, 42, 43, 45 cm<\/p>\n<p>I\u0161orinis rankov\u0117s ilgis 63, 64, 65, 66, 67, 68 cm<\/p>\n<p>Bendras mak\u0161ties ilgis 119, 121, 123, 125, 127, 129 cm<\/p>\n<p><strong>D\u0116MESIO!Palto dyd\u017eio ir spalvos keitimas visada NEMOKAMAS su DPD gr\u0105\u017einimo kodu.<\/strong><\/p>\n<p>&#8222;Huppa Alma&#8221; paltas dabar yra sand\u0117lyje &#8211; pristatymas per kelias dienas.<\/p>\n<p>U\u017esakymai, pateikti darbo dien\u0105 prie\u0161 nuorod\u0105, bus i\u0161si\u0173sti t\u0105 pa\u010di\u0105 dien\u0105.<\/p>\n<p>Jei pageidaujate, paltus taip pat galite \u012fsigyti tiesiai i\u0161 m\u016bs\u0173 sand\u0117lio adresu Kanarbiku tee 15\/3, J\u00e4rvek\u00fcla, darbo dienomis nuo 12.00 iki 17.00 val. o kitu laiku &#8211; i\u0161 anksto paskambinus telefonu 51 45 245. <\/p>\n<\/div>\n<p>&nbsp;<\/p>\n<\/div>\n","protected":false},"excerpt":{"rendered":"<p>&nbsp; Geltona spalva spinduliuoja pozityvum\u0105 ir gyvybingum\u0105, kaip ir saul\u0117.Jei norite dien\u0105 prad\u0117ti laimingai ir energingai, vilk\u0117kite geltonus drabu\u017eius &#8211; jums garantuota \u0161viesi nuotaika ir saul\u0117tas \u017evilgsnis \u012f kiekvien\u0105 dien\u0105. Huppa Alma Manti charakteristikos Atsparus v\u0117jui ir vandeniui Dygsniuotas audinys Gra\u017eus pj\u016bvis, i\u0161pjautas ant korpuso \u0160onin\u0117s ki\u0161en\u0117s su u\u017eraktu Dviej\u0173 kryp\u010di\u0173 priekinis u\u017eraktas Informacija apie [&hellip;]<\/p>\n","protected":false},"featured_media":266404,"comment_status":"open","ping_status":"closed","template":"","meta":{"_acf_changed":false},"product_brand":[],"product_cat":[300,270,301],"product_tag":[],"class_list":{"0":"post-266403","1":"product","2":"type-product","3":"status-publish","4":"has-post-thumbnail","6":"product_cat-zieminiai-paltiniai","7":"product_cat-pavasario-ir-rudens-striukes-bei-svarkai","8":"product_cat-zieminiai-paltukai-iki-60","9":"product_shipping_class-tarneaeg-1-4-paeva","11":"first","12":"instock","13":"sale","14":"taxable","15":"shipping-taxable","16":"purchasable","17":"product-type-variable","18":"has-default-attributes","19":"add-to-wishlist-after_add_to_cart"},"acf":[],"_links":{"self":[{"href":"https:\/\/tellimused.stiilne.ee\/lt\/wp-json\/wp\/v2\/product\/266403","targetHints":{"allow":["GET"]}}],"collection":[{"href":"https:\/\/tellimused.stiilne.ee\/lt\/wp-json\/wp\/v2\/product"}],"about":[{"href":"https:\/\/tellimused.stiilne.ee\/lt\/wp-json\/wp\/v2\/types\/product"}],"replies":[{"embeddable":true,"href":"https:\/\/tellimused.stiilne.ee\/lt\/wp-json\/wp\/v2\/comments?post=266403"}],"wp:featuredmedia":[{"embeddable":true,"href":"https:\/\/tellimused.stiilne.ee\/lt\/wp-json\/wp\/v2\/media\/266404"}],"wp:attachment":[{"href":"https:\/\/tellimused.stiilne.ee\/lt\/wp-json\/wp\/v2\/media?parent=266403"}],"wp:term":[{"taxonomy":"product_brand","embeddable":true,"href":"https:\/\/tellimused.stiilne.ee\/lt\/wp-json\/wp\/v2\/product_brand?post=266403"},{"taxonomy":"product_cat","embeddable":true,"href":"https:\/\/tellimused.stiilne.ee\/lt\/wp-json\/wp\/v2\/product_cat?post=266403"},{"taxonomy":"product_tag","embeddable":true,"href":"https:\/\/tellimused.stiilne.ee\/lt\/wp-json\/wp\/v2\/product_tag?post=266403"}],"curies":[{"name":"wp","href":"https:\/\/api.w.org\/{rel}","templated":true}]}}