{"id":266409,"date":"2026-03-12T13:06:33","date_gmt":"2026-03-12T11:06:33","guid":{"rendered":"https:\/\/tellimused.stiilne.ee\/toode\/huppa-ulemineku-hooajaks-naiste-mantel-alma-tumesinine140gr-soojustusega-kohe-laos-viimane-s36super-hind\/"},"modified":"2026-04-07T11:09:03","modified_gmt":"2026-04-07T08:09:03","slug":"huppa-pereinamojo-sezono-moteriskas-paltas-alma-tamsiai-melynas-140gr-apsiltintas-beveik-sandelyje-paskutinis-s36super-kaina","status":"publish","type":"product","link":"https:\/\/tellimused.stiilne.ee\/lt\/produktas\/huppa-pereinamojo-sezono-moteriskas-paltas-alma-tamsiai-melynas-140gr-apsiltintas-beveik-sandelyje-paskutinis-s36super-kaina\/","title":{"rendered":"Huppa pereinamojo sezono moteri\u0161kas paltas Alma tamsiai m\u0117lynas (140gr ap\u0161iltintas) &#8211; beveik sand\u0117lyje paskutinis S(36)super kaina."},"content":{"rendered":"<p>&nbsp;<\/p>\n<div class=\"product__description\">\n<p>Huppa Alma Manti charakteristikos<\/p>\n<ul>\n<li>Atsparus v\u0117jui ir vandeniui<\/li>\n<li>Dygsniuotas audinys<\/li>\n<li>Gra\u017eus pj\u016bvis, i\u0161pjautas ant korpuso<\/li>\n<li>\u0160onin\u0117s ki\u0161en\u0117s su u\u017eraktu<\/li>\n<li>Dviej\u0173 kryp\u010di\u0173 priekinis u\u017eraktas<\/li>\n<li>Informacija apie reflektori\u0173<\/li>\n<li>Med\u017eiaga poliamidas ir poliesteris<\/li>\n<li>140 gr izoliacija<\/li>\n<li>Kv\u0117puojamumas 5000 g\/m2<\/li>\n<li>Rekomenduojama d\u0117v\u0117jimo temperat\u016bra nuo 5\u00b0C iki -10\u00b0C<\/li>\n<\/ul>\n<p>&nbsp;<\/p>\n<p>Moteri\u0161kas neper\u0161lampamas ir v\u0117jo nepraleid\u017eiantis 140 g ap\u0161iltintas paltas puikiai tinka d\u0117v\u0117ti \u0161iltesniu oru pavasar\u012f, ruden\u012f ir \u017eiem\u0105.I\u0161orinis audinys pagamintas i\u0161 perdirbto pluo\u0161to &#8211; kv\u0117puojantis, lengvas ir atsparus UV spinduliams.<\/p>\n<p>Puikus paltas su moteri\u0161ku liemens kirpimu, ypa\u010d tinkantis toms, kurios nori d\u0117v\u0117ti suknel\u0119 ir sijon\u0105 \u0161altesniu oru.Taip pat geras pasirinkimas teatrui, koncertams ir gimtadienio vakar\u0117liams.<\/p>\n<p>&#8222;Huppa Alma&#8221; paltas puikiai tinka standartiniams europieti\u0161kiems dyd\u017eiams &#8211; rekomenduojame rinktis \u012fprast\u0105 dyd\u012f.<\/p>\n<p>Tiksl\u016bs &#8222;Huppa Alma&#8221; palto i\u0161matavimai pagal dyd\u012f yra tokie: XS, S, M, L, XL ir XXL.<\/p>\n<p>Kr\u016btin\u0117s apimtis 92, 98, 104, 110, 118, 126 cm<\/p>\n<p>Pe\u010di\u0173 plotis 39, 40, 41, 42, 43, 45 cm<\/p>\n<p>I\u0161orinis rankov\u0117s ilgis 63, 64, 65, 66, 67, 68 cm<\/p>\n<p>Bendras mak\u0161ties ilgis 119, 121, 123, 125, 127, 129 cm<\/p>\n<p><strong>D\u0116MESIO!Palto dyd\u017eio ir spalvos keitimas visada NEMOKAMAS su DPD gr\u0105\u017einimo kodu.<\/strong><\/p>\n<p>&#8222;Huppa Alma&#8221; paltas dabar yra sand\u0117lyje &#8211; pristatymas per kelias dienas.<\/p>\n<p>U\u017esakymai, pateikti darbo dien\u0105 prie\u0161 nuorod\u0105, bus i\u0161si\u0173sti t\u0105 pa\u010di\u0105 dien\u0105.<\/p>\n<p>Jei pageidaujate, paltus taip pat galite \u012fsigyti tiesiai i\u0161 m\u016bs\u0173 sand\u0117lio adresu Kanarbiku tee 15\/3, J\u00e4rvek\u00fcla, darbo dienomis nuo 12.00 iki 17.00 val. o kitu laiku &#8211; i\u0161 anksto paskambinus telefonu 51 45 245. <\/p>\n<\/div>\n<p>&nbsp;<\/p>\n","protected":false},"excerpt":{"rendered":"<p>&nbsp; Huppa Alma Manti charakteristikos Atsparus v\u0117jui ir vandeniui Dygsniuotas audinys Gra\u017eus pj\u016bvis, i\u0161pjautas ant korpuso \u0160onin\u0117s ki\u0161en\u0117s su u\u017eraktu Dviej\u0173 kryp\u010di\u0173 priekinis u\u017eraktas Informacija apie reflektori\u0173 Med\u017eiaga poliamidas ir poliesteris 140 gr izoliacija Kv\u0117puojamumas 5000 g\/m2 Rekomenduojama d\u0117v\u0117jimo temperat\u016bra nuo 5\u00b0C iki -10\u00b0C &nbsp; Moteri\u0161kas neper\u0161lampamas ir v\u0117jo nepraleid\u017eiantis 140 g ap\u0161iltintas paltas puikiai [&hellip;]<\/p>\n","protected":false},"featured_media":266410,"comment_status":"open","ping_status":"closed","template":"","meta":{"_acf_changed":false},"product_brand":[],"product_cat":[300,270,301],"product_tag":[],"class_list":{"0":"post-266409","1":"product","2":"type-product","3":"status-publish","4":"has-post-thumbnail","6":"product_cat-zieminiai-paltiniai","7":"product_cat-pavasario-ir-rudens-striukes-bei-svarkai","8":"product_cat-zieminiai-paltukai-iki-60","9":"product_shipping_class-tarneaeg-1-4-paeva","11":"first","12":"instock","13":"sale","14":"taxable","15":"shipping-taxable","16":"purchasable","17":"product-type-variable","18":"has-default-attributes","19":"add-to-wishlist-after_add_to_cart"},"acf":[],"_links":{"self":[{"href":"https:\/\/tellimused.stiilne.ee\/lt\/wp-json\/wp\/v2\/product\/266409","targetHints":{"allow":["GET"]}}],"collection":[{"href":"https:\/\/tellimused.stiilne.ee\/lt\/wp-json\/wp\/v2\/product"}],"about":[{"href":"https:\/\/tellimused.stiilne.ee\/lt\/wp-json\/wp\/v2\/types\/product"}],"replies":[{"embeddable":true,"href":"https:\/\/tellimused.stiilne.ee\/lt\/wp-json\/wp\/v2\/comments?post=266409"}],"wp:featuredmedia":[{"embeddable":true,"href":"https:\/\/tellimused.stiilne.ee\/lt\/wp-json\/wp\/v2\/media\/266410"}],"wp:attachment":[{"href":"https:\/\/tellimused.stiilne.ee\/lt\/wp-json\/wp\/v2\/media?parent=266409"}],"wp:term":[{"taxonomy":"product_brand","embeddable":true,"href":"https:\/\/tellimused.stiilne.ee\/lt\/wp-json\/wp\/v2\/product_brand?post=266409"},{"taxonomy":"product_cat","embeddable":true,"href":"https:\/\/tellimused.stiilne.ee\/lt\/wp-json\/wp\/v2\/product_cat?post=266409"},{"taxonomy":"product_tag","embeddable":true,"href":"https:\/\/tellimused.stiilne.ee\/lt\/wp-json\/wp\/v2\/product_tag?post=266409"}],"curies":[{"name":"wp","href":"https:\/\/api.w.org\/{rel}","templated":true}]}}