{"id":266420,"date":"2026-03-12T13:05:58","date_gmt":"2026-03-12T11:05:58","guid":{"rendered":"https:\/\/tellimused.stiilne.ee\/toode\/live-in-style-naturaalnahast-klassikaline-must-unisexsobib-nii-naistele-kui-meestele-arvuti-kott-kohe-laos-super-hind\/"},"modified":"2026-04-07T11:09:02","modified_gmt":"2026-04-07T08:09:02","slug":"live-in-style-naturalios-odos-klasikinis-juodas-unisex-tinka-tiek-vyrams-tiek-moterims-kompiuterio-krepsys-naudojamas-didele-kaina","status":"publish","type":"product","link":"https:\/\/tellimused.stiilne.ee\/lt\/produktas\/live-in-style-naturalios-odos-klasikinis-juodas-unisex-tinka-tiek-vyrams-tiek-moterims-kompiuterio-krepsys-naudojamas-didele-kaina\/","title":{"rendered":"&#8222;Live in Style&#8221; nat\u016bralios odos klasikinis juodas unisex (tinka tiek vyrams, tiek moterims) kompiuterio krep\u0161ys &#8211; NAUDOJAMAS &#8211; DIDEL\u0116 KAINA"},"content":{"rendered":"<h3><strong>Nesenstantis ir prakti\u0161kas nat\u016bralios odos kompiuterio krep\u0161ys &#8211; puikus unisex modelis darbui ir mokyklai<\/strong>  \u2728<\/h3>\n<p data-start=\"372\" data-end=\"735\">\u0160is eleganti\u0161kas ir klasikinio dizaino <strong data-start=\"408\" data-end=\"429\">odinis kompiuterio krep\u0161ys<\/strong> yra puikus kasdieni\u0173 kelioni\u0173 palydovas. Pagamintas i\u0161 auk\u0161tos kokyb\u0117s juodos nat\u016bralios odos, \u0161is krep\u0161ys suderina ir profesionali\u0105 i\u0161vaizd\u0105, ir prakti\u0161kum\u0105. Nesenstantis stilius puikiai tinka ir <strong data-start=\"641\" data-end=\"666\">vyrams, ir moterims,<\/strong> tod\u0117l tai universalus pasirinkimas einant \u012f darb\u0105, mokykl\u0105 ar verslo susitikimus.  <\/p>\n<hr data-start=\"737\" data-end=\"740\">\n<h2 data-start=\"742\" data-end=\"805\"><strong data-start=\"745\" data-end=\"805\">Auk\u0161tos kokyb\u0117s nat\u016brali oda &#8211; patvari ir prabangi  <\/strong><\/h2>\n<p data-start=\"807\" data-end=\"1054\">Krep\u0161ys pagamintas <strong data-start=\"827\" data-end=\"875\">i\u0161 mink\u0161tos ir kokybi\u0161kos nat\u016bralios odos,<\/strong> kuri u\u017etikrina ilgaam\u017ei\u0161kum\u0105 ir eleganti\u0161k\u0105 i\u0161vaizd\u0105. Juoda oda yra klasikin\u0117 ir lengvai derinama tiek prie oficialios, tiek prie laisvalaikio aprangos, visada sudaranti profesionalumo \u012fsp\u016bd\u012f. <\/p>\n<hr data-start=\"1056\" data-end=\"1059\">\n<h2 data-start=\"1061\" data-end=\"1120\"><strong data-start=\"1064\" data-end=\"1120\">Puikus dydis ne\u0161iojamajam kompiuteriui ir \u012frankiams  \ufe0f <\/strong><\/h2>\n<p data-start=\"1122\" data-end=\"1282\">38 \u00d7 31 cm dyd\u017eio <strong data-start=\"1142\" data-end=\"1160\">ne\u0161iojamojo kompiuterio krep\u0161yje<\/strong> patogiai telpa dauguma standartinio dyd\u017eio kompiuteri\u0173 ir b\u016btiniausi\u0173 \u012franki\u0173. Viduje sumaniai suskirstytas, tod\u0117l: <\/p>\n<ul data-start=\"1284\" data-end=\"1423\">\n<li data-start=\"1284\" data-end=\"1306\">\n<p data-start=\"1286\" data-end=\"1306\">Pagrindinis stal\u010dius su u\u017eraktu<\/p>\n<\/li>\n<li data-start=\"1307\" data-end=\"1381\">\n<p data-start=\"1309\" data-end=\"1381\">Kelios ma\u017eesn\u0117s vidin\u0117s ki\u0161en\u0117s \u012fkrovikliui, ra\u0161ikliams ir kitiems priedams<\/p>\n<\/li>\n<li data-start=\"1382\" data-end=\"1423\">\n<p data-start=\"1384\" data-end=\"1423\">Saugus ir organizuotas i\u0161d\u0117stymas<\/p>\n<\/li>\n<\/ul>\n<p data-start=\"1425\" data-end=\"1469\">Viskas, ko reikia, visada po ranka ir apsaugota.<\/p>\n<hr data-start=\"1471\" data-end=\"1474\">\n<h2 data-start=\"1476\" data-end=\"1521\"><strong data-start=\"1479\" data-end=\"1521\">Patogu ne\u0161ioti &#8211; ant rankos arba per pet\u012f  <\/strong><\/h2>\n<p data-start=\"1523\" data-end=\"1766\">Krep\u0161ys turi <strong data-start=\"1540\" data-end=\"1570\">reguliuojam\u0105 ilg\u0105 dir\u017e\u0105 per pet\u012f<\/strong>, kad b\u016bt\u0173 patogu ne\u0161ioti per pet\u012f. Jei pageidaujate, galite naudoti ir \u012fprastas rankenas. Tod\u0117l krep\u0161ys idealiai tinka kasdieniam naudojimui, taip pat kelion\u0117ms ir keliavimui po miest\u0105.  <\/p>\n<p data-start=\"1768\" data-end=\"1904\">Be to, i\u0161or\u0117je yra <strong data-start=\"1790\" data-end=\"1811\">didel\u0117 u\u017etrauktuku u\u017esegama ki\u0161en\u0117<\/strong>, \u012f kuri\u0105 galima \u012fd\u0117ti daiktus, kuriuos reikia greitai pasiekti &#8211; telefon\u0105, u\u017era\u0161\u0173 knygut\u0119, raktus ir kt.<\/p>\n<hr data-start=\"1906\" data-end=\"1909\">\n<h2 data-start=\"1911\" data-end=\"1956\"><strong data-start=\"1914\" data-end=\"1956\">Greitas pristatymas &#8211; mai\u0161elis sand\u0117lyje  <\/strong><\/h2>\n<p data-start=\"1958\" data-end=\"2217\">Kompiuterio krep\u0161ys <strong data-start=\"1972\" data-end=\"1989\">i\u0161 karto turimas sand\u0117lyje<\/strong>, tod\u0117l paprastai \u012f j\u016bs\u0173 siunt\u0173 skyri\u0173 atkeliauja <strong data-start=\"2040\" data-end=\"2057\">per kelias dienas.<\/strong> Reikia jo grei\u010diau? Jei pageidaujate, galite atsiimti krep\u0161\u012f i\u0161 m\u016bs\u0173 sand\u0117lio:  <br data-start=\"2119\" data-end=\"2122\"><strong data-start=\"2122\" data-end=\"2155\">Kanarbiku tee 15\/3, J\u00e4rvek\u00fcla<\/strong> &#8211; vos u\u017e 5 minu\u010di\u0173 kelio automobiliu nuo \u00dclemiste centro.<\/p>\n<hr data-start=\"2219\" data-end=\"2222\">\n<h2 data-start=\"2224\" data-end=\"2280\"><strong data-start=\"2227\" data-end=\"2280\">Kod\u0117l verta rinktis \u0161\u012f nat\u016bralios odos unisex kompiuterio krep\u0161\u012f?<\/strong><\/h2>\n<p data-start=\"2282\" data-end=\"2502\">\u2714 Auk\u0161tos kokyb\u0117s nat\u016brali oda<br data-start=\"2311\" data-end=\"2314\">\u2714 Nesenstanti ir eleganti\u0161ka i\u0161vaizda<br data-start=\"2342\" data-end=\"2345\">\u2714 Tinka tiek vyrams, tiek moterims<br data-start=\"2378\" data-end=\"2381\">\u2714 Puikus dydis ne\u0161iojamajam kompiuteriui<br data-start=\"2411\" data-end=\"2414\">\u2714 Daugyb\u0117 prakti\u0161k\u0173 ki\u0161eni\u0173<br data-start=\"2440\" data-end=\"2443\">\u2714 Patogu ne\u0161ioti rankoje arba per pet\u012f<br data-start=\"2473\" data-end=\"2476\">\u2714 Greitas pristatymas tiesiai i\u0161 sand\u0117lio<\/p>\n<p data-start=\"794\" data-end=\"1024\">\n","protected":false},"excerpt":{"rendered":"<p>Nesenstantis ir prakti\u0161kas nat\u016bralios odos kompiuterio krep\u0161ys &#8211; puikus unisex modelis darbui ir mokyklai \u2728 \u0160is eleganti\u0161kas ir klasikinio dizaino odinis kompiuterio krep\u0161ys yra puikus kasdieni\u0173 kelioni\u0173 palydovas. Pagamintas i\u0161 auk\u0161tos kokyb\u0117s juodos nat\u016bralios odos, \u0161is krep\u0161ys suderina ir profesionali\u0105 i\u0161vaizd\u0105, ir prakti\u0161kum\u0105. Nesenstantis stilius puikiai tinka ir vyrams, ir moterims, tod\u0117l tai universalus pasirinkimas [&hellip;]<\/p>\n","protected":false},"featured_media":266421,"comment_status":"open","ping_status":"closed","template":"","meta":{"_acf_changed":false},"product_brand":[],"product_cat":[316,341,362],"product_tag":[],"class_list":{"0":"post-266420","1":"product","2":"type-product","3":"status-publish","4":"has-post-thumbnail","6":"product_cat-dovanos-vyrams","7":"product_cat-kuprines","8":"product_cat-vyrams-2","9":"product_shipping_class-tarneaeg-1-4-paeva","11":"first","12":"instock","13":"sale","14":"taxable","15":"shipping-taxable","16":"purchasable","17":"product-type-variable","18":"has-default-attributes","19":"add-to-wishlist-after_add_to_cart"},"acf":[],"_links":{"self":[{"href":"https:\/\/tellimused.stiilne.ee\/lt\/wp-json\/wp\/v2\/product\/266420","targetHints":{"allow":["GET"]}}],"collection":[{"href":"https:\/\/tellimused.stiilne.ee\/lt\/wp-json\/wp\/v2\/product"}],"about":[{"href":"https:\/\/tellimused.stiilne.ee\/lt\/wp-json\/wp\/v2\/types\/product"}],"replies":[{"embeddable":true,"href":"https:\/\/tellimused.stiilne.ee\/lt\/wp-json\/wp\/v2\/comments?post=266420"}],"wp:featuredmedia":[{"embeddable":true,"href":"https:\/\/tellimused.stiilne.ee\/lt\/wp-json\/wp\/v2\/media\/266421"}],"wp:attachment":[{"href":"https:\/\/tellimused.stiilne.ee\/lt\/wp-json\/wp\/v2\/media?parent=266420"}],"wp:term":[{"taxonomy":"product_brand","embeddable":true,"href":"https:\/\/tellimused.stiilne.ee\/lt\/wp-json\/wp\/v2\/product_brand?post=266420"},{"taxonomy":"product_cat","embeddable":true,"href":"https:\/\/tellimused.stiilne.ee\/lt\/wp-json\/wp\/v2\/product_cat?post=266420"},{"taxonomy":"product_tag","embeddable":true,"href":"https:\/\/tellimused.stiilne.ee\/lt\/wp-json\/wp\/v2\/product_tag?post=266420"}],"curies":[{"name":"wp","href":"https:\/\/api.w.org\/{rel}","templated":true}]}}