{"id":266475,"date":"2026-03-12T13:03:58","date_gmt":"2026-03-12T11:03:58","guid":{"rendered":"https:\/\/tellimused.stiilne.ee\/toode\/vero-moda-naiste-kampsun-doffy-beez-kohe-laos-super-hind-xs-sobib-ka-s-suurusele\/"},"modified":"2026-04-07T11:08:59","modified_gmt":"2026-04-07T08:08:59","slug":"vero-moda-moteriskas-megztinis-doffy-beez-kohe-sklaidyse-super-hind-xs-taip-pat-tinka-s-dydziui","status":"publish","type":"product","link":"https:\/\/tellimused.stiilne.ee\/lt\/produktas\/vero-moda-moteriskas-megztinis-doffy-beez-kohe-sklaidyse-super-hind-xs-taip-pat-tinka-s-dydziui\/","title":{"rendered":"VERO MODA moteri\u0161kas megztinis Doffy beez-KOHE SKLAIDYSE-SUPER KAINA-XS taip pat tinka S dyd\u017eiui"},"content":{"rendered":"<p data-start=\"123\" data-end=\"204\"><strong data-start=\"123\" data-end=\"204\">&#8222;Vero Moda Doffy&#8221; laisvas ilgas megztinis &#8211; stilinga papildoma \u0161iluma bet kuriam sezonui<\/strong><\/p>\n<p data-start=\"206\" data-end=\"537\">&#8222;Vero Moda Doffy&#8221; ilgas laisvas megztinis priekyje yra prakti\u0161kas ir nesenstantis drabu\u017eis, kuris suteiks papildomos \u0161ilumos v\u0117siais vasaros vakarais ir rudens-\u017eiemos sezono metu. D\u0117l paprasto ir \u0161varaus dizaino \u0161\u012f megztin\u012f ypa\u010d lengva derinti &#8211; d\u0117v\u0117kite j\u012f prie suknel\u0117s, kelni\u0173 ar sijono, tiesiog taip, kaip reikia j\u016bs\u0173 dienai.<\/p>\n<p data-start=\"539\" data-end=\"777\">Lengvas, bet \u0161iltas med\u017eiag\u0173 (poliesterio, nailono ir elastano) mi\u0161inys u\u017etikrina patog\u0173 d\u0117v\u0117jim\u0105 ir pakankam\u0105 \u0161ilum\u0105, ta\u010diau nedidina svorio. Idealiai tinka d\u0117v\u0117ti kasdien arba darbo aplinkoje, kai norite b\u016bti stilingi ir kartu prakti\u0161ki.<\/p>\n<p data-start=\"779\" data-end=\"993\">\u2714 Suteikia papildomos \u0161ilumos \u0161altesniu ir v\u0117sesniu oru<br data-start=\"833\" data-end=\"836\" \/>\u2714 Tinka d\u0117v\u0117ti ant sukneli\u0173 ir kelni\u0173<br data-start=\"885\" data-end=\"888\" \/>\u2714 Nesenstantis ir paprastas dizainas &#8211; lengva priderinti prie \u012fvairi\u0173 drabu\u017ei\u0173<br data-start=\"952\" data-end=\"955\" \/>\u2714 Geras pasirinkimas rudens-\u017eiemos sezonui.<\/p>\n<p data-start=\"779\" data-end=\"993\">NB!Kadangi megztinis priekyje yra laisvas, XS dydis puikiai tinka ir S dyd\u017eio drabu\u017eius ne\u0161iojan\u010dioms moterims.<\/p>\n<p data-start=\"995\" data-end=\"1134\">&#8222;Vero Moda&#8221; megztinis &#8222;Doffy&#8221; <strong data-start=\"1022\" data-end=\"1042\">jau yra sand\u0117lyje<\/strong> ir bus pristatytas \u012f siunt\u0173 skyri\u0173 vos per kelias dienas &#8211; patogus ir greitas pasirinkimas kasdieniam d\u0117v\u0117jimui.<\/p>\n<p>&nbsp;<\/p>\n<p>&nbsp;<\/p>\n","protected":false},"excerpt":{"rendered":"<p>&#8222;Vero Moda Doffy&#8221; laisvas ilgas megztinis &#8211; stilinga papildoma \u0161iluma bet kuriam sezonui &#8222;Vero Moda Doffy&#8221; ilgas laisvas megztinis priekyje yra prakti\u0161kas ir nesenstantis drabu\u017eis, kuris suteiks papildomos \u0161ilumos v\u0117siais vasaros vakarais ir rudens-\u017eiemos sezono metu. D\u0117l paprasto ir \u0161varaus dizaino \u0161\u012f megztin\u012f ypa\u010d lengva derinti &#8211; d\u0117v\u0117kite j\u012f prie suknel\u0117s, kelni\u0173 ar sijono, tiesiog [&hellip;]<\/p>\n","protected":false},"featured_media":266476,"comment_status":"open","ping_status":"closed","template":"","meta":{"_acf_changed":false},"product_brand":[],"product_cat":[295],"product_tag":[],"class_list":{"0":"post-266475","1":"product","2":"type-product","3":"status-publish","4":"has-post-thumbnail","6":"product_cat-moteriski-megztiniai-marskineliai","7":"product_shipping_class-tarneaeg-1-4-paeva","9":"first","10":"instock","11":"sale","12":"taxable","13":"shipping-taxable","14":"purchasable","15":"product-type-variable","16":"has-default-attributes","17":"add-to-wishlist-after_add_to_cart"},"acf":[],"_links":{"self":[{"href":"https:\/\/tellimused.stiilne.ee\/lt\/wp-json\/wp\/v2\/product\/266475","targetHints":{"allow":["GET"]}}],"collection":[{"href":"https:\/\/tellimused.stiilne.ee\/lt\/wp-json\/wp\/v2\/product"}],"about":[{"href":"https:\/\/tellimused.stiilne.ee\/lt\/wp-json\/wp\/v2\/types\/product"}],"replies":[{"embeddable":true,"href":"https:\/\/tellimused.stiilne.ee\/lt\/wp-json\/wp\/v2\/comments?post=266475"}],"wp:featuredmedia":[{"embeddable":true,"href":"https:\/\/tellimused.stiilne.ee\/lt\/wp-json\/wp\/v2\/media\/266476"}],"wp:attachment":[{"href":"https:\/\/tellimused.stiilne.ee\/lt\/wp-json\/wp\/v2\/media?parent=266475"}],"wp:term":[{"taxonomy":"product_brand","embeddable":true,"href":"https:\/\/tellimused.stiilne.ee\/lt\/wp-json\/wp\/v2\/product_brand?post=266475"},{"taxonomy":"product_cat","embeddable":true,"href":"https:\/\/tellimused.stiilne.ee\/lt\/wp-json\/wp\/v2\/product_cat?post=266475"},{"taxonomy":"product_tag","embeddable":true,"href":"https:\/\/tellimused.stiilne.ee\/lt\/wp-json\/wp\/v2\/product_tag?post=266475"}],"curies":[{"name":"wp","href":"https:\/\/api.w.org\/{rel}","templated":true}]}}