{"id":266496,"date":"2026-03-12T13:01:46","date_gmt":"2026-03-12T11:01:46","guid":{"rendered":"https:\/\/tellimused.stiilne.ee\/toode\/vero-moda-metsaroheline-100-puuvillasest-longast-naiste-dsemper-care-kohe-laos-super-hind\/"},"modified":"2026-04-07T11:08:59","modified_gmt":"2026-04-07T08:08:59","slug":"vero-moda-misko-zalia-100-vilnos-balm-moteriskas-dzemperis-prieziura-kur-jums-to-reikia-saliausia-kaina","status":"publish","type":"product","link":"https:\/\/tellimused.stiilne.ee\/lt\/produktas\/vero-moda-misko-zalia-100-vilnos-balm-moteriskas-dzemperis-prieziura-kur-jums-to-reikia-saliausia-kaina\/","title":{"rendered":"VERO MODA Mi\u0161ko \u017ealia 100% vilnos BALM moteri\u0161kas d\u017eemperis Prie\u017ei\u016bra-KUR JUMS TO REIKIA-\u0160ALIAUSIA KAINA"},"content":{"rendered":"<p>&nbsp;<\/p>\n<p>D\u017eemperio med\u017eiaga &#8211; 100 % medviln\u0117, kuri yra odai nekenksminga med\u017eiaga &#8211; nuo jos oda neskaud\u0117s ir neprakaituos.<\/p>\n<p>Stilingo ir paprasto dizaino d\u017eemper\u012f lengva d\u0117v\u0117ti ant sijono ar kelni\u0173.<\/p>\n<p>&#8222;Vero Moda&#8221; d\u017eemperis dabar yra sand\u0117lyje ir gali b\u016bti pristatytas \u012f siunt\u0173 skyri\u0173 vos per kelias dienas.<\/p>\n<p>Geras pasirinkimas rudens-\u017eiemos sezonui &#8211; laisvalaikiui ar darbui.<\/p>\n","protected":false},"excerpt":{"rendered":"<p>&nbsp; D\u017eemperio med\u017eiaga &#8211; 100 % medviln\u0117, kuri yra odai nekenksminga med\u017eiaga &#8211; nuo jos oda neskaud\u0117s ir neprakaituos. Stilingo ir paprasto dizaino d\u017eemper\u012f lengva d\u0117v\u0117ti ant sijono ar kelni\u0173. &#8222;Vero Moda&#8221; d\u017eemperis dabar yra sand\u0117lyje ir gali b\u016bti pristatytas \u012f siunt\u0173 skyri\u0173 vos per kelias dienas. Geras pasirinkimas rudens-\u017eiemos sezonui &#8211; laisvalaikiui ar darbui.<\/p>\n","protected":false},"featured_media":266497,"comment_status":"open","ping_status":"closed","template":"","meta":{"_acf_changed":false},"product_brand":[],"product_cat":[295],"product_tag":[],"class_list":{"0":"post-266496","1":"product","2":"type-product","3":"status-publish","4":"has-post-thumbnail","6":"product_cat-moteriski-megztiniai-marskineliai","7":"product_shipping_class-tarneaeg-1-4-paeva","9":"first","10":"instock","11":"sale","12":"taxable","13":"shipping-taxable","14":"purchasable","15":"product-type-variable","16":"has-default-attributes","17":"add-to-wishlist-after_add_to_cart"},"acf":[],"_links":{"self":[{"href":"https:\/\/tellimused.stiilne.ee\/lt\/wp-json\/wp\/v2\/product\/266496","targetHints":{"allow":["GET"]}}],"collection":[{"href":"https:\/\/tellimused.stiilne.ee\/lt\/wp-json\/wp\/v2\/product"}],"about":[{"href":"https:\/\/tellimused.stiilne.ee\/lt\/wp-json\/wp\/v2\/types\/product"}],"replies":[{"embeddable":true,"href":"https:\/\/tellimused.stiilne.ee\/lt\/wp-json\/wp\/v2\/comments?post=266496"}],"wp:featuredmedia":[{"embeddable":true,"href":"https:\/\/tellimused.stiilne.ee\/lt\/wp-json\/wp\/v2\/media\/266497"}],"wp:attachment":[{"href":"https:\/\/tellimused.stiilne.ee\/lt\/wp-json\/wp\/v2\/media?parent=266496"}],"wp:term":[{"taxonomy":"product_brand","embeddable":true,"href":"https:\/\/tellimused.stiilne.ee\/lt\/wp-json\/wp\/v2\/product_brand?post=266496"},{"taxonomy":"product_cat","embeddable":true,"href":"https:\/\/tellimused.stiilne.ee\/lt\/wp-json\/wp\/v2\/product_cat?post=266496"},{"taxonomy":"product_tag","embeddable":true,"href":"https:\/\/tellimused.stiilne.ee\/lt\/wp-json\/wp\/v2\/product_tag?post=266496"}],"curies":[{"name":"wp","href":"https:\/\/api.w.org\/{rel}","templated":true}]}}