{"id":266504,"date":"2026-03-12T13:01:46","date_gmt":"2026-03-12T11:01:46","guid":{"rendered":"https:\/\/tellimused.stiilne.ee\/toode\/vero-moda-tume-kollane-puuvillasest-longast-naiste-dsemper-care-kohe-laos-hea-hind-100-puuvill\/"},"modified":"2026-04-07T11:09:00","modified_gmt":"2026-04-07T08:09:00","slug":"vero-moda-moteriski-tamsiai-geltonos-spalvos-medvilniniai-marskineliai-is-trikotazo-care-kainuojamos-kainos-100-medvilne","status":"publish","type":"product","link":"https:\/\/tellimused.stiilne.ee\/lt\/produktas\/vero-moda-moteriski-tamsiai-geltonos-spalvos-medvilniniai-marskineliai-is-trikotazo-care-kainuojamos-kainos-100-medvilne\/","title":{"rendered":"VERO MODA moteri\u0161ki tamsiai geltonos spalvos medvilniniai mar\u0161kin\u0117liai i\u0161 trikota\u017eo Care &#8211; KAINUOJAMOS KAINOS &#8211; 100 % medviln\u0117"},"content":{"rendered":"<p>&nbsp;<\/p>\n<p>D\u017eemperio med\u017eiaga &#8211; 100 % medviln\u0117, kuri yra \u0161velni odai &#8211; oda neskaud\u0117s ir neprakaituos.<\/p>\n<p>Stilingo ir paprasto dizaino d\u017eemper\u012f lengva d\u0117v\u0117ti prie sijono ar kelni\u0173.<\/p>\n<p>&#8222;Vero Moda&#8221; d\u017eemperis dabar yra sand\u0117lyje ir gali b\u016bti pristatytas per kelias dienas.<\/p>\n<p>Puikus pasirinkimas rudeniui, \u017eiemai ir pavasariui &#8211; laisvalaikiui ar darbui.<\/p>\n","protected":false},"excerpt":{"rendered":"<p>&nbsp; D\u017eemperio med\u017eiaga &#8211; 100 % medviln\u0117, kuri yra \u0161velni odai &#8211; oda neskaud\u0117s ir neprakaituos. Stilingo ir paprasto dizaino d\u017eemper\u012f lengva d\u0117v\u0117ti prie sijono ar kelni\u0173. &#8222;Vero Moda&#8221; d\u017eemperis dabar yra sand\u0117lyje ir gali b\u016bti pristatytas per kelias dienas. Puikus pasirinkimas rudeniui, \u017eiemai ir pavasariui &#8211; laisvalaikiui ar darbui.<\/p>\n","protected":false},"featured_media":266505,"comment_status":"open","ping_status":"closed","template":"","meta":{"_acf_changed":false},"product_brand":[],"product_cat":[295],"product_tag":[],"class_list":{"0":"post-266504","1":"product","2":"type-product","3":"status-publish","4":"has-post-thumbnail","6":"product_cat-moteriski-megztiniai-marskineliai","7":"product_shipping_class-tarneaeg-1-4-paeva","9":"first","10":"instock","11":"sale","12":"taxable","13":"shipping-taxable","14":"purchasable","15":"product-type-variable","16":"has-default-attributes","17":"add-to-wishlist-after_add_to_cart"},"acf":[],"_links":{"self":[{"href":"https:\/\/tellimused.stiilne.ee\/lt\/wp-json\/wp\/v2\/product\/266504","targetHints":{"allow":["GET"]}}],"collection":[{"href":"https:\/\/tellimused.stiilne.ee\/lt\/wp-json\/wp\/v2\/product"}],"about":[{"href":"https:\/\/tellimused.stiilne.ee\/lt\/wp-json\/wp\/v2\/types\/product"}],"replies":[{"embeddable":true,"href":"https:\/\/tellimused.stiilne.ee\/lt\/wp-json\/wp\/v2\/comments?post=266504"}],"wp:featuredmedia":[{"embeddable":true,"href":"https:\/\/tellimused.stiilne.ee\/lt\/wp-json\/wp\/v2\/media\/266505"}],"wp:attachment":[{"href":"https:\/\/tellimused.stiilne.ee\/lt\/wp-json\/wp\/v2\/media?parent=266504"}],"wp:term":[{"taxonomy":"product_brand","embeddable":true,"href":"https:\/\/tellimused.stiilne.ee\/lt\/wp-json\/wp\/v2\/product_brand?post=266504"},{"taxonomy":"product_cat","embeddable":true,"href":"https:\/\/tellimused.stiilne.ee\/lt\/wp-json\/wp\/v2\/product_cat?post=266504"},{"taxonomy":"product_tag","embeddable":true,"href":"https:\/\/tellimused.stiilne.ee\/lt\/wp-json\/wp\/v2\/product_tag?post=266504"}],"curies":[{"name":"wp","href":"https:\/\/api.w.org\/{rel}","templated":true}]}}