{"id":266530,"date":"2026-03-12T12:58:33","date_gmt":"2026-03-12T10:58:33","guid":{"rendered":"https:\/\/tellimused.stiilne.ee\/toode\/armas-tumesinine-tikandiga-pusa-kummel-kohe-laos-viimane-suurus-m38-40\/"},"modified":"2026-04-07T11:09:44","modified_gmt":"2026-04-07T08:09:44","slug":"miela-tamsiai-melyna-siuvineta-palaidine-kummel-paskutinis-m38-40-dydis-sandelyje","status":"publish","type":"product","link":"https:\/\/tellimused.stiilne.ee\/lt\/produktas\/miela-tamsiai-melyna-siuvineta-palaidine-kummel-paskutinis-m38-40-dydis-sandelyje\/","title":{"rendered":"Miela tamsiai m\u0117lyna siuvin\u0117ta palaidin\u0117 Kummel &#8211; paskutinis M(38-40) dydis sand\u0117lyje."},"content":{"rendered":"<p><strong>&#8222;Yemi Design&#8221; megztiniai ir megztin\u0117s suknel\u0117s<\/strong> &#8211; patog\u016bs, mink\u0161ti ir jauk\u016bs<\/p>\n<div class=\"relative basis-auto flex-col -mb-(--composer-overlap-px) [--composer-overlap-px:28px] grow flex overflow-hidden\">\n<div class=\"relative h-full\">\n<div class=\"flex h-full flex-col overflow-y-auto [scrollbar-gutter:stable_both-edges] thread-xl:pt-(--header-height)\">\n<div class=\"flex flex-col text-sm thread-xl:pt-header-height pb-25\">\n<article class=\"text-token-text-primary w-full focus:outline-none scroll-mt-[calc(var(--header-height)+min(200px,max(70px,20svh)))]\" dir=\"auto\" tabindex=\"-1\" data-turn-id=\"ea5d345f-5bba-4ebb-ae06-1728f29cc64a\" data-testid=\"conversation-turn-2\" data-scroll-anchor=\"true\" data-turn=\"assistant\">\n<div class=\"text-base my-auto mx-auto pb-10 [--thread-content-margin:--spacing(4)] thread-sm:[--thread-content-margin:--spacing(6)] thread-lg:[--thread-content-margin:--spacing(16)] px-(--thread-content-margin)\">\n<div class=\"[--thread-content-max-width:40rem] thread-sm:[--thread-content-max-width:40rem] thread-lg:[--thread-content-max-width:48rem] mx-auto max-w-(--thread-content-max-width) flex-1 group\/turn-messages focus-visible:outline-hidden relative flex w-full min-w-0 flex-col agent-turn\" tabindex=\"-1\">\n<div class=\"flex max-w-full flex-col grow\">\n<div class=\"min-h-8 text-message relative flex w-full flex-col items-end gap-2 text-start break-words whitespace-normal [.text-message+&amp;]:mt-5\" dir=\"auto\" data-message-author-role=\"assistant\" data-message-id=\"122c2a78-8a37-4161-9832-b9b894803df7\" data-message-model-slug=\"gpt-5\">\n<div class=\"flex w-full flex-col gap-1 empty:hidden first:pt-[3px]\">\n<div class=\"markdown prose dark:prose-invert w-full break-words light markdown-new-styling\">\n<p data-start=\"206\" data-end=\"410\">&#8222;Yemi Design&#8221; palaidin\u0117s ir palaidini\u0173 suknel\u0117s sukurtos atsi\u017evelgiant \u012f patogum\u0105, gro\u017e\u012f ir prakti\u0161kum\u0105. Estijoje rank\u0173 darbo, jos tinka d\u0117v\u0117ti bet kuriuo met\u0173 laiku &#8211; darbe, namuose ar laisvalaikiu. <\/p>\n<p data-start=\"412\" data-end=\"461\"><strong data-start=\"412\" data-end=\"459\">Kod\u0117l verta rinktis &#8222;Yemi Design&#8221; palaidin\u0119 arba palaidin\u0117s suknel\u0119?<\/strong><\/p>\n<ul data-start=\"462\" data-end=\"816\">\n<li data-start=\"462\" data-end=\"526\">\n<p data-start=\"464\" data-end=\"526\"><strong data-start=\"464\" data-end=\"488\">Patogus ir universalus<\/strong> &#8211; tinka visiems keturiems met\u0173 laikams<\/p>\n<\/li>\n<li data-start=\"527\" data-end=\"646\">\n<p data-start=\"529\" data-end=\"646\"><strong data-start=\"529\" data-end=\"554\">Mink\u0161tas ir draugi\u0161kas odai<\/strong> &#8211; pagamintas tik i\u0161 Oeko-Tex 100 sertifikuot\u0173 medvilnini\u0173 audini\u0173, tinkam\u0173 alergi\u0161kiems \u017emon\u0117ms.<\/p>\n<\/li>\n<li data-start=\"647\" data-end=\"732\">\n<p data-start=\"649\" data-end=\"732\"><strong data-start=\"649\" data-end=\"663\">Prakti\u0161kas<\/strong> &#8211; idealiai tinka ir kasdieniam darbui, ir laisvalaikiui<\/p>\n<\/li>\n<li data-start=\"733\" data-end=\"816\">\n<p data-start=\"735\" data-end=\"816\"><strong data-start=\"735\" data-end=\"756\">Naminis meistri\u0161kumas<\/strong> &#8211; visos palaidin\u0117s ir suknel\u0117s sukurtos ir rankomis pagamintos Estijoje.<\/p>\n<\/li>\n<\/ul>\n<p data-start=\"818\" data-end=\"989\"><strong data-start=\"818\" data-end=\"831\">Audinys<\/strong><br data-start=\"831\" data-end=\"834\">95 % medviln\u0117s ir 5 % elastano &#8211; elastingas, mink\u0161tas ir patvarus.<\/p>\n<p data-start=\"818\" data-end=\"989\">Visi audiniai turi &#8222;Oeko-Tex 100&#8221; sertifikat\u0105, o tai rei\u0161kia, kad jie saug\u016bs ir jautriai odai.<\/p>\n<p data-start=\"991\" data-end=\"1006\"><strong data-start=\"991\" data-end=\"1004\">Pristatymo laikas<\/strong><\/p>\n<ul data-start=\"1007\" data-end=\"1194\">\n<li data-start=\"1007\" data-end=\"1114\">\n<p data-start=\"1009\" data-end=\"1114\"><strong data-start=\"1009\" data-end=\"1038\">Dyd\u017eiai sand\u0117lyje<\/strong>: 1-4 dienos (u\u017esakymai, pateikti darbo dien\u0105 iki 17:00, bus i\u0161si\u0173sti t\u0105 pa\u010di\u0105 dien\u0105).<\/p>\n<\/li>\n<li data-start=\"1115\" data-end=\"1194\">\n<p data-start=\"1117\" data-end=\"1194\"><strong data-start=\"1117\" data-end=\"1140\">Dyd\u017eiai pagal u\u017esakym\u0105<\/strong>: iki 15 darbo dien\u0173 (siuntiniai da\u017enai pristatomi grei\u010diau).<\/p>\n<\/li>\n<\/ul>\n<p data-start=\"1437\" data-end=\"1606\"><strong data-start=\"1437\" data-end=\"1452\">Patarimas, kaip greitai apsirengti<\/strong><br data-start=\"1452\" data-end=\"1455\">I\u0161sirinkite m\u0117gstam\u0105 ra\u0161tuot\u0105 palaidin\u0119 ir derinkite j\u0105 su keln\u0117mis arba vienspalviu sijonu &#8211; taip greitai susikursite patogi\u0105 ir stiling\u0105 aprang\u0105 naujai dienai.<\/p>\n<p data-start=\"1608\" data-end=\"1623\"><strong data-start=\"1608\" data-end=\"1621\">Daugiau informacijos<\/strong><\/p>\n<ul data-start=\"1624\" data-end=\"1830\">\n<li data-start=\"1624\" data-end=\"1722\">\n<p data-start=\"1626\" data-end=\"1722\">S\u0117dmenys atitinka standartinius dyd\u017eius. Jei norite erdvesni\u0173 kelnai\u010di\u0173, rinkit\u0117s vienu dyd\u017eiu didesnes. <\/p>\n<\/li>\n<\/ul>\n<p><strong>&#8222;Yemi Design&#8221; matmen\u0173 lentel\u0117 (cm)  <\/strong><\/p>\n<table style=\"height: 272px;\" width=\"741\">\n<thead>\n<tr>\n<th>Matavimai<\/th>\n<th>XS<\/th>\n<th>S<\/th>\n<th>M<\/th>\n<th>L<\/th>\n<th>XL<\/th>\n<th>2XL<\/th>\n<th>3XL<\/th>\n<\/tr>\n<\/thead>\n<tbody>\n<tr>\n<td><strong>Kr\u016btin\u0117s l\u0105stos apimtis<\/strong><\/td>\n<td>83<\/td>\n<td>89<\/td>\n<td>95<\/td>\n<td>101<\/td>\n<td>107<\/td>\n<td>113<\/td>\n<td>119<\/td>\n<\/tr>\n<tr>\n<td><strong>Klub\u0173 apimtis<\/strong><\/td>\n<td>86.6<\/td>\n<td>92.6<\/td>\n<td>98.6<\/td>\n<td>104.6<\/td>\n<td>110.6<\/td>\n<td>116.6<\/td>\n<td>122.6<\/td>\n<\/tr>\n<tr>\n<td><strong>Nugaros ilgis su briauna<\/strong><\/td>\n<td>61.2<\/td>\n<td>62.7<\/td>\n<td>64.2<\/td>\n<td>65.7<\/td>\n<td>67.2<\/td>\n<td>68.7<\/td>\n<td>70.2<\/td>\n<\/tr>\n<tr>\n<td><strong>Rankov\u0117s plotis ties pa\u017eastimi<\/strong><\/td>\n<td>34.0<\/td>\n<td>35.7<\/td>\n<td>37.4<\/td>\n<td>39.1<\/td>\n<td>40.8<\/td>\n<td>42.5<\/td>\n<td>44.2<\/td>\n<\/tr>\n<tr>\n<td><strong>Rankov\u0117s ilgis su rankogaliu<\/strong><\/td>\n<td>58.9<\/td>\n<td>60.4<\/td>\n<td>61.9<\/td>\n<td>63.4<\/td>\n<td>64.9<\/td>\n<td>65.9<\/td>\n<td>66.9<\/td>\n<\/tr>\n<\/tbody>\n<\/table>\n<ul data-start=\"1624\" data-end=\"1830\">\n<li data-start=\"1723\" data-end=\"1830\">\n<p data-start=\"1725\" data-end=\"1830\">  Est\u0173 rank\u0173 darbo palaidin\u0117 taip pat yra puiki dovana sau arba mylimam \u017emogui &#8211; draugei, mamai, seseriai ar dukrai.<\/p>\n<\/li>\n<\/ul>\n<p data-start=\"1933\" data-end=\"2023\">  Rinkit\u0117s vietoje ir u\u017esisakykite &#8222;Yemi Design&#8221; palaidin\u0119 &#8211; patogi\u0105, stiling\u0105 ir ilgaam\u017e\u0119.<\/p>\n<hr data-start=\"2025\" data-end=\"2028\">\n<\/div>\n<\/div>\n<\/div>\n<\/div>\n<div class=\"flex min-h-[46px] justify-start\"><\/div>\n<\/div>\n<\/div>\n<\/article>\n<\/div>\n<\/div>\n<\/div>\n<\/div>\n<p>&nbsp;<\/p>\n","protected":false},"excerpt":{"rendered":"<p>&#8222;Yemi Design&#8221; megztiniai ir megztin\u0117s suknel\u0117s &#8211; patog\u016bs, mink\u0161ti ir jauk\u016bs &#8222;Yemi Design&#8221; palaidin\u0117s ir palaidini\u0173 suknel\u0117s sukurtos atsi\u017evelgiant \u012f patogum\u0105, gro\u017e\u012f ir prakti\u0161kum\u0105. Estijoje rank\u0173 darbo, jos tinka d\u0117v\u0117ti bet kuriuo met\u0173 laiku &#8211; darbe, namuose ar laisvalaikiu. Kod\u0117l verta rinktis &#8222;Yemi Design&#8221; palaidin\u0119 arba palaidin\u0117s suknel\u0119? Patogus ir universalus &#8211; tinka visiems keturiems [&hellip;]<\/p>\n","protected":false},"featured_media":266531,"comment_status":"open","ping_status":"closed","template":"","meta":{"_acf_changed":false},"product_brand":[],"product_cat":[278],"product_tag":[],"class_list":{"0":"post-266530","1":"product","2":"type-product","3":"status-publish","4":"has-post-thumbnail","6":"product_cat-yemi-disain-ranku-darbo-megztiniai","7":"product_shipping_class-tarneaeg-1-4-paeva","9":"first","10":"instock","11":"taxable","12":"shipping-taxable","13":"purchasable","14":"product-type-variable","15":"has-default-attributes","16":"add-to-wishlist-after_add_to_cart"},"acf":[],"_links":{"self":[{"href":"https:\/\/tellimused.stiilne.ee\/lt\/wp-json\/wp\/v2\/product\/266530","targetHints":{"allow":["GET"]}}],"collection":[{"href":"https:\/\/tellimused.stiilne.ee\/lt\/wp-json\/wp\/v2\/product"}],"about":[{"href":"https:\/\/tellimused.stiilne.ee\/lt\/wp-json\/wp\/v2\/types\/product"}],"replies":[{"embeddable":true,"href":"https:\/\/tellimused.stiilne.ee\/lt\/wp-json\/wp\/v2\/comments?post=266530"}],"wp:featuredmedia":[{"embeddable":true,"href":"https:\/\/tellimused.stiilne.ee\/lt\/wp-json\/wp\/v2\/media\/266531"}],"wp:attachment":[{"href":"https:\/\/tellimused.stiilne.ee\/lt\/wp-json\/wp\/v2\/media?parent=266530"}],"wp:term":[{"taxonomy":"product_brand","embeddable":true,"href":"https:\/\/tellimused.stiilne.ee\/lt\/wp-json\/wp\/v2\/product_brand?post=266530"},{"taxonomy":"product_cat","embeddable":true,"href":"https:\/\/tellimused.stiilne.ee\/lt\/wp-json\/wp\/v2\/product_cat?post=266530"},{"taxonomy":"product_tag","embeddable":true,"href":"https:\/\/tellimused.stiilne.ee\/lt\/wp-json\/wp\/v2\/product_tag?post=266530"}],"curies":[{"name":"wp","href":"https:\/\/api.w.org\/{rel}","templated":true}]}}