{"id":266547,"date":"2026-03-12T12:58:06","date_gmt":"2026-03-12T10:58:06","guid":{"rendered":"https:\/\/tellimused.stiilne.ee\/toode\/duffy-korvalt-lukuga-ja-seest-soojema-karvaga-mustad-naiste-poolsaapad-kohe-laos-viimased-jaanud\/"},"modified":"2026-04-07T11:08:59","modified_gmt":"2026-04-07T08:08:59","slug":"duffy-juodi-moteriski-pusbaciai-su-soniniu-uztrauktuku-ir-pasiltintu-kailiu-viduje-kadai-nebuvo-isparduoti-paskutiniais-metais","status":"publish","type":"product","link":"https:\/\/tellimused.stiilne.ee\/lt\/produktas\/duffy-juodi-moteriski-pusbaciai-su-soniniu-uztrauktuku-ir-pasiltintu-kailiu-viduje-kadai-nebuvo-isparduoti-paskutiniais-metais\/","title":{"rendered":"DUFFY juodi moteri\u0161ki pusba\u010diai su \u0161oniniu u\u017etrauktuku ir pa\u0161iltintu kailiu viduje &#8211; KADAI NEBUVO I\u0160PARDUOTI PASKUTINIAIS METAIS"},"content":{"rendered":"<p>&nbsp;<\/p>\n<p>Stilingi &#8222;Duffy&#8221; moteri\u0161ki pusba\u010diai &#8211; geras pasirinkimas rudens-\u017eiemos sezonui.<\/p>\n<p>Batus lengva derinti prie kelni\u0173 ar sukneli\u0173, nes klasikinio dizaino pusba\u010diai puikiai tinka ir prie vien\u0173, ir prie kit\u0173.<\/p>\n<p>Batai pagaminti i\u0161 mink\u0161tos vanden\u012f atstumian\u010dios dirbtin\u0117s zom\u0161os, o j\u0173 viduje yra patogus atidaromas u\u017esegimas, tod\u0117l juos lengva apsiauti.<\/p>\n<p>Batai jau sand\u0117lyje &#8211; pristatymo laikas &#8211; kelios dienos &#8211; u\u017esakymai, pateikti likus darbo dienai iki termino pabaigos, bus i\u0161si\u0173sti t\u0105 pa\u010di\u0105 dien\u0105.<\/p>\n","protected":false},"excerpt":{"rendered":"<p>&nbsp; Stilingi &#8222;Duffy&#8221; moteri\u0161ki pusba\u010diai &#8211; geras pasirinkimas rudens-\u017eiemos sezonui. Batus lengva derinti prie kelni\u0173 ar sukneli\u0173, nes klasikinio dizaino pusba\u010diai puikiai tinka ir prie vien\u0173, ir prie kit\u0173. Batai pagaminti i\u0161 mink\u0161tos vanden\u012f atstumian\u010dios dirbtin\u0117s zom\u0161os, o j\u0173 viduje yra patogus atidaromas u\u017esegimas, tod\u0117l juos lengva apsiauti. Batai jau sand\u0117lyje &#8211; pristatymo laikas &#8211; [&hellip;]<\/p>\n","protected":false},"featured_media":266548,"comment_status":"open","ping_status":"closed","template":"","meta":{"_acf_changed":false},"product_brand":[],"product_cat":[381],"product_tag":[],"class_list":{"0":"post-266547","1":"product","2":"type-product","3":"status-publish","4":"has-post-thumbnail","6":"product_cat-pusbatai","7":"product_shipping_class-tarneaeg-1-4-paeva","9":"first","10":"instock","11":"sale","12":"taxable","13":"shipping-taxable","14":"purchasable","15":"product-type-variable","16":"has-default-attributes","17":"add-to-wishlist-after_add_to_cart"},"acf":[],"_links":{"self":[{"href":"https:\/\/tellimused.stiilne.ee\/lt\/wp-json\/wp\/v2\/product\/266547","targetHints":{"allow":["GET"]}}],"collection":[{"href":"https:\/\/tellimused.stiilne.ee\/lt\/wp-json\/wp\/v2\/product"}],"about":[{"href":"https:\/\/tellimused.stiilne.ee\/lt\/wp-json\/wp\/v2\/types\/product"}],"replies":[{"embeddable":true,"href":"https:\/\/tellimused.stiilne.ee\/lt\/wp-json\/wp\/v2\/comments?post=266547"}],"wp:featuredmedia":[{"embeddable":true,"href":"https:\/\/tellimused.stiilne.ee\/lt\/wp-json\/wp\/v2\/media\/266548"}],"wp:attachment":[{"href":"https:\/\/tellimused.stiilne.ee\/lt\/wp-json\/wp\/v2\/media?parent=266547"}],"wp:term":[{"taxonomy":"product_brand","embeddable":true,"href":"https:\/\/tellimused.stiilne.ee\/lt\/wp-json\/wp\/v2\/product_brand?post=266547"},{"taxonomy":"product_cat","embeddable":true,"href":"https:\/\/tellimused.stiilne.ee\/lt\/wp-json\/wp\/v2\/product_cat?post=266547"},{"taxonomy":"product_tag","embeddable":true,"href":"https:\/\/tellimused.stiilne.ee\/lt\/wp-json\/wp\/v2\/product_tag?post=266547"}],"curies":[{"name":"wp","href":"https:\/\/api.w.org\/{rel}","templated":true}]}}