{"id":266612,"date":"2026-03-12T12:55:04","date_gmt":"2026-03-12T10:55:04","guid":{"rendered":"https:\/\/tellimused.stiilne.ee\/toode\/stiilne-puuvillasest-kangast-bomberjakk-monstera-kohe-laos-viimased-suuruses-m38-40\/"},"modified":"2026-03-31T17:55:06","modified_gmt":"2026-03-31T14:55:06","slug":"stilinga-medvilnine-striuke-bomber-monstera-naudojame-seven-dydzio-m-38-40","status":"publish","type":"product","link":"https:\/\/tellimused.stiilne.ee\/lt\/produktas\/stilinga-medvilnine-striuke-bomber-monstera-naudojame-seven-dydzio-m-38-40\/","title":{"rendered":"Stilinga medvilnin\u0117 striuk\u0117 &#8222;bomber&#8221; Monstera &#8211; NAUDOJAME SEVEN dyd\u017eio M (38-40)"},"content":{"rendered":"<p>&nbsp;<\/p>\n<p>Patogi\u0105 mink\u0161to medvilninio audinio striuk\u0119 &#8222;bomber&#8221; puikiai tinka d\u0117v\u0117ti vasar\u0105 &#8211; derinkite j\u0105 prie kelni\u0173 ar vasarini\u0173 sukneli\u0173, kai vasaros orai v\u0117juoti arba saul\u0117 u\u017eklysta u\u017e debes\u0173.<\/p>\n<p>Taip pat puikiai tinka d\u0117v\u0117ti patalpose \u0161altesniais rudens ir \u017eiemos m\u0117nesiais.<\/p>\n<p>Striuk\u0119 &#8222;bomber&#8221; patogu \u012fsimesti \u012f rankin\u0119 ryte, nes d\u0117l savo dyd\u017eio ji neu\u017eima daug vietos.<\/p>\n<p>Bomber striuk\u0117 pasi\u016bta i\u0161 mink\u0161to ir odai malonaus audinio, kur\u012f sudaro 95 % medviln\u0117s ir 5 % elastano<\/p>\n<p>Bomber striuk\u0117 yra visi\u0161kai ra\u0161tuota<\/p>\n<p>Sand\u0117lyje esan\u010di\u0173 dyd\u017ei\u0173 u\u017esakym\u0173 pristatymo laikas yra pora dien\u0173 &#8211; u\u017esakymai, pateikti darbo dien\u0105 prie\u0161 termin\u0105, bus i\u0161si\u0173sti t\u0105 pa\u010di\u0105 dien\u0105<\/p>\n<p>Bomber striuk\u0117s dyd\u017ei\u0173 lentel\u0119 rasite po papildomomis nuotraukomis<\/p>\n<p>Visi &#8222;Yemi Design&#8221; gaminiai yra rank\u0173 darbo Estijoje.<\/p>\n<p>&nbsp;<\/p>\n","protected":false},"excerpt":{"rendered":"<p>&nbsp; Patogi\u0105 mink\u0161to medvilninio audinio striuk\u0119 &#8222;bomber&#8221; puikiai tinka d\u0117v\u0117ti vasar\u0105 &#8211; derinkite j\u0105 prie kelni\u0173 ar vasarini\u0173 sukneli\u0173, kai vasaros orai v\u0117juoti arba saul\u0117 u\u017eklysta u\u017e debes\u0173. Taip pat puikiai tinka d\u0117v\u0117ti patalpose \u0161altesniais rudens ir \u017eiemos m\u0117nesiais. Striuk\u0119 &#8222;bomber&#8221; patogu \u012fsimesti \u012f rankin\u0119 ryte, nes d\u0117l savo dyd\u017eio ji neu\u017eima daug vietos. Bomber [&hellip;]<\/p>\n","protected":false},"featured_media":266613,"comment_status":"open","ping_status":"closed","template":"","meta":{"_acf_changed":false},"product_brand":[],"product_cat":[396],"product_tag":[],"class_list":{"0":"post-266612","1":"product","2":"type-product","3":"status-publish","4":"has-post-thumbnail","6":"product_cat-yemi-striukes","7":"product_shipping_class-tarneaeg-1-4-paeva","9":"first","10":"instock","11":"sale","12":"taxable","13":"shipping-taxable","14":"purchasable","15":"product-type-variable","16":"has-default-attributes","17":"add-to-wishlist-after_add_to_cart"},"acf":[],"_links":{"self":[{"href":"https:\/\/tellimused.stiilne.ee\/lt\/wp-json\/wp\/v2\/product\/266612","targetHints":{"allow":["GET"]}}],"collection":[{"href":"https:\/\/tellimused.stiilne.ee\/lt\/wp-json\/wp\/v2\/product"}],"about":[{"href":"https:\/\/tellimused.stiilne.ee\/lt\/wp-json\/wp\/v2\/types\/product"}],"replies":[{"embeddable":true,"href":"https:\/\/tellimused.stiilne.ee\/lt\/wp-json\/wp\/v2\/comments?post=266612"}],"wp:featuredmedia":[{"embeddable":true,"href":"https:\/\/tellimused.stiilne.ee\/lt\/wp-json\/wp\/v2\/media\/266613"}],"wp:attachment":[{"href":"https:\/\/tellimused.stiilne.ee\/lt\/wp-json\/wp\/v2\/media?parent=266612"}],"wp:term":[{"taxonomy":"product_brand","embeddable":true,"href":"https:\/\/tellimused.stiilne.ee\/lt\/wp-json\/wp\/v2\/product_brand?post=266612"},{"taxonomy":"product_cat","embeddable":true,"href":"https:\/\/tellimused.stiilne.ee\/lt\/wp-json\/wp\/v2\/product_cat?post=266612"},{"taxonomy":"product_tag","embeddable":true,"href":"https:\/\/tellimused.stiilne.ee\/lt\/wp-json\/wp\/v2\/product_tag?post=266612"}],"curies":[{"name":"wp","href":"https:\/\/api.w.org\/{rel}","templated":true}]}}