{"id":266628,"date":"2026-03-12T12:53:35","date_gmt":"2026-03-12T10:53:35","guid":{"rendered":"https:\/\/tellimused.stiilne.ee\/toode\/sesamill-mugavad-pehmed-sinised-kummist-suveplatud-kohe-laos\/"},"modified":"2026-04-07T11:09:05","modified_gmt":"2026-04-07T08:09:05","slug":"sesamill-patogios-minkstos-melynos-spalvos-gumines-vasarines-slepetes-naudojamos","status":"publish","type":"product","link":"https:\/\/tellimused.stiilne.ee\/lt\/produktas\/sesamill-patogios-minkstos-melynos-spalvos-gumines-vasarines-slepetes-naudojamos\/","title":{"rendered":"SESAMILL patogios mink\u0161tos m\u0117lynos spalvos gumin\u0117s vasarin\u0117s \u0161lepet\u0117s &#8211; NAUDOJAMOS"},"content":{"rendered":"<p>&nbsp;<\/p>\n<p>Patogios gumin\u0117s vasarin\u0117s \u0161lepet\u0117s storesniu padu yra puikus pasirinkimas vasaros sezonui &#8211; u\u017esimaukite mink\u0161tas \u0161lepetes ir b\u016bsite pasiruo\u0161\u0119 vasaros nuotykiams<\/p>\n<p>\u0160lepet\u0117s jau sand\u0117lyje &#8211; pristatymas per kelias dienas.<\/p>\n","protected":false},"excerpt":{"rendered":"<p>&nbsp; Patogios gumin\u0117s vasarin\u0117s \u0161lepet\u0117s storesniu padu yra puikus pasirinkimas vasaros sezonui &#8211; u\u017esimaukite mink\u0161tas \u0161lepetes ir b\u016bsite pasiruo\u0161\u0119 vasaros nuotykiams \u0160lepet\u0117s jau sand\u0117lyje &#8211; pristatymas per kelias dienas.<\/p>\n","protected":false},"featured_media":266629,"comment_status":"open","ping_status":"closed","template":"","meta":{"_acf_changed":false},"product_brand":[],"product_cat":[389,395],"product_tag":[],"class_list":{"0":"post-266628","1":"product","2":"type-product","3":"status-publish","4":"has-post-thumbnail","6":"product_cat-atviruosius-vasarinius-batus","7":"product_cat-plokstes-ir-dirzeliai","8":"product_shipping_class-tarneaeg-1-4-paeva","10":"first","11":"instock","12":"sale","13":"taxable","14":"shipping-taxable","15":"purchasable","16":"product-type-variable","17":"has-default-attributes","18":"add-to-wishlist-after_add_to_cart"},"acf":[],"_links":{"self":[{"href":"https:\/\/tellimused.stiilne.ee\/lt\/wp-json\/wp\/v2\/product\/266628","targetHints":{"allow":["GET"]}}],"collection":[{"href":"https:\/\/tellimused.stiilne.ee\/lt\/wp-json\/wp\/v2\/product"}],"about":[{"href":"https:\/\/tellimused.stiilne.ee\/lt\/wp-json\/wp\/v2\/types\/product"}],"replies":[{"embeddable":true,"href":"https:\/\/tellimused.stiilne.ee\/lt\/wp-json\/wp\/v2\/comments?post=266628"}],"wp:featuredmedia":[{"embeddable":true,"href":"https:\/\/tellimused.stiilne.ee\/lt\/wp-json\/wp\/v2\/media\/266629"}],"wp:attachment":[{"href":"https:\/\/tellimused.stiilne.ee\/lt\/wp-json\/wp\/v2\/media?parent=266628"}],"wp:term":[{"taxonomy":"product_brand","embeddable":true,"href":"https:\/\/tellimused.stiilne.ee\/lt\/wp-json\/wp\/v2\/product_brand?post=266628"},{"taxonomy":"product_cat","embeddable":true,"href":"https:\/\/tellimused.stiilne.ee\/lt\/wp-json\/wp\/v2\/product_cat?post=266628"},{"taxonomy":"product_tag","embeddable":true,"href":"https:\/\/tellimused.stiilne.ee\/lt\/wp-json\/wp\/v2\/product_tag?post=266628"}],"curies":[{"name":"wp","href":"https:\/\/api.w.org\/{rel}","templated":true}]}}