{"id":266634,"date":"2026-03-12T12:52:48","date_gmt":"2026-03-12T10:52:48","guid":{"rendered":"https:\/\/tellimused.stiilne.ee\/toode\/chic-mic-termospudel-500ml-bioloco-loop-heleroosa-kohe-laos\/"},"modified":"2026-04-07T11:09:04","modified_gmt":"2026-04-07T08:09:04","slug":"chic-mic-termosas-500ml-bioloco-loop-sviesiai-rozines-spalvos-jau-yra-sandelyje","status":"publish","type":"product","link":"https:\/\/tellimused.stiilne.ee\/lt\/produktas\/chic-mic-termosas-500ml-bioloco-loop-sviesiai-rozines-spalvos-jau-yra-sandelyje\/","title":{"rendered":"CHIC MIC Termosas 500ml Bioloco Loop \u0161viesiai ro\u017ein\u0117s spalvos &#8211; jau yra sand\u0117lyje!"},"content":{"rendered":"<h3 data-start=\"259\" data-end=\"346\"><strong data-start=\"263\" data-end=\"346\">CHIC.MIC Bioloco Loop 500 ml termosas &#8211; stilingas ir patvarus kasdienis draugas  <\/strong><\/h3>\n<p data-start=\"348\" data-end=\"614\">&#8222;CHIC.MIC Bioloco Loop&#8221; 500 ml talpos buteliukai pagaminti i\u0161 auk\u0161tos kokyb\u0117s dvisienio ner\u016bdijan\u010diojo plieno, kuris puikiai i\u0161laiko temperat\u016br\u0105 ir ilgai tarnauja. Gra\u017eios ir eleganti\u0161kos formos buteliukas idealiai tinka darbui, treniruot\u0117ms ar kasdieniam ne\u0161iojimui. <\/p>\n<h3 data-start=\"616\" data-end=\"674\"><strong data-start=\"620\" data-end=\"672\">G\u0117rimus i\u0161laiko \u0161iltus iki 18 val. ir \u0161altus iki 12 val. \u2744\ufe0f <\/strong><\/h3>\n<p data-start=\"675\" data-end=\"839\">Dvigubos sienel\u0117s u\u017etikrina, kad kar\u0161ti g\u0117rimai i\u0161likt\u0173 \u0161ilti iki 18 valand\u0173, o \u0161alti &#8211; at\u0161aldyti iki 12 valand\u0173. Puikiai tinka kelion\u0117ms, automobiliui, biurui ar kaip dovana. <\/p>\n<h3 data-start=\"841\" data-end=\"886\"><strong data-start=\"845\" data-end=\"884\">Madingas dizainas ir patogus naudojimas \u2728<\/strong><\/h3>\n<p data-start=\"887\" data-end=\"1065\">Buteliukas ypa\u010d traukia ak\u012f d\u0117l u\u017esukamo medinio dangtelio su patogia silikonine ranken\u0117le. Tod\u0117l buteliuk\u0105 lengva pasiimti su savimi, kad ir kur eitum\u0117te, ir jis visada atrodo stilingai. <\/p>\n<h3 data-start=\"1067\" data-end=\"1113\"><strong data-start=\"1071\" data-end=\"1111\">Saugus ir draugi\u0161kas gamtai pasirinkimas  <\/strong><\/h3>\n<p data-start=\"1114\" data-end=\"1298\">&#8222;Bioloco Loop&#8221; buteliuke n\u0117ra BPA, toksin\u0173 ir ftalat\u0173. \u0160is buteliukas yra daugkartinio naudojimo ir padeda ma\u017einti vienkartini\u0173 plastikini\u0173 buteliuk\u0173 naudojim\u0105 &#8211; tai geresnis pasirinkimas jums ir aplinkai. <\/p>\n<hr data-start=\"1300\" data-end=\"1303\">\n<h3 data-start=\"1305\" data-end=\"1366\"><strong data-start=\"1309\" data-end=\"1364\">Pagrindin\u0117s &#8222;Bioloco Loop&#8221; 500 ml termoso savyb\u0117s:<\/strong><\/h3>\n<p data-start=\"1367\" data-end=\"1669\">&#8211; Dvigubas ner\u016bdijan\u010dio plieno indelis<br data-start=\"1401\" data-end=\"1404\">&#8211; i\u0161laiko \u0161ilum\u0105 iki 18 val.<br data-start=\"1427\" data-end=\"1430\">&#8211; i\u0161laiko \u0161alt\u012f iki 12 val.<br data-start=\"1453\" data-end=\"1456\">&#8211; talpa 500 ml<br data-start=\"1472\" data-end=\"1475\">&#8211; perdirbamas ir ekologi\u0161kas<br data-start=\"1511\" data-end=\"1514\">&#8211; rekomenduojama plauti tik rankomis<br data-start=\"1542\" data-end=\"1545\">&#8211; madingas u\u017esukamas medinis dangtelis<br data-start=\"1574\" data-end=\"1577\">&#8211; silikonin\u0117 rankena patogiam ne\u0161iojimui<br data-start=\"1624\" data-end=\"1627\">&#8211; be BPA, toksin\u0173, ftalat\u0173.<\/p>\n<hr data-start=\"1671\" data-end=\"1674\">\n<h3 data-start=\"1676\" data-end=\"1727\"><strong data-start=\"1680\" data-end=\"1725\">Puiki ir ekologi\u0161ka dovana  <\/strong><\/h3>\n<p data-start=\"1728\" data-end=\"1872\">&#8222;Bioloco Loop&#8221; termosas yra puiki dovana sau ir savo artimiesiems. Tai stilingas, prakti\u0161kas ir ekologi\u0161kas pasirinkimas, kuris d\u017eiugins kiekvien\u0105 dien\u0105. <\/p>\n<p data-start=\"1728\" data-end=\"1872\">Termosas yra sand\u0117lyje &#8211; pristatymo laikas 1-4 dienos.<\/p>\n<p>&nbsp;<\/p>\n<p>&nbsp;<\/p>\n","protected":false},"excerpt":{"rendered":"<p>CHIC.MIC Bioloco Loop 500 ml termosas &#8211; stilingas ir patvarus kasdienis draugas &#8222;CHIC.MIC Bioloco Loop&#8221; 500 ml talpos buteliukai pagaminti i\u0161 auk\u0161tos kokyb\u0117s dvisienio ner\u016bdijan\u010diojo plieno, kuris puikiai i\u0161laiko temperat\u016br\u0105 ir ilgai tarnauja. Gra\u017eios ir eleganti\u0161kos formos buteliukas idealiai tinka darbui, treniruot\u0117ms ar kasdieniam ne\u0161iojimui. G\u0117rimus i\u0161laiko \u0161iltus iki 18 val. ir \u0161altus iki 12 [&hellip;]<\/p>\n","protected":false},"featured_media":266635,"comment_status":"open","ping_status":"closed","template":"","meta":{"_acf_changed":false},"product_brand":[],"product_cat":[364,319],"product_tag":[],"class_list":{"0":"post-266634","1":"product","2":"type-product","3":"status-publish","4":"has-post-thumbnail","6":"product_cat-dovanos","7":"product_cat-dovanos-moterims","8":"product_shipping_class-tarneaeg-1-4-paeva","10":"first","11":"instock","12":"taxable","13":"shipping-taxable","14":"purchasable","15":"product-type-simple","16":"add-to-wishlist-after_add_to_cart"},"acf":[],"_links":{"self":[{"href":"https:\/\/tellimused.stiilne.ee\/lt\/wp-json\/wp\/v2\/product\/266634","targetHints":{"allow":["GET"]}}],"collection":[{"href":"https:\/\/tellimused.stiilne.ee\/lt\/wp-json\/wp\/v2\/product"}],"about":[{"href":"https:\/\/tellimused.stiilne.ee\/lt\/wp-json\/wp\/v2\/types\/product"}],"replies":[{"embeddable":true,"href":"https:\/\/tellimused.stiilne.ee\/lt\/wp-json\/wp\/v2\/comments?post=266634"}],"wp:featuredmedia":[{"embeddable":true,"href":"https:\/\/tellimused.stiilne.ee\/lt\/wp-json\/wp\/v2\/media\/266635"}],"wp:attachment":[{"href":"https:\/\/tellimused.stiilne.ee\/lt\/wp-json\/wp\/v2\/media?parent=266634"}],"wp:term":[{"taxonomy":"product_brand","embeddable":true,"href":"https:\/\/tellimused.stiilne.ee\/lt\/wp-json\/wp\/v2\/product_brand?post=266634"},{"taxonomy":"product_cat","embeddable":true,"href":"https:\/\/tellimused.stiilne.ee\/lt\/wp-json\/wp\/v2\/product_cat?post=266634"},{"taxonomy":"product_tag","embeddable":true,"href":"https:\/\/tellimused.stiilne.ee\/lt\/wp-json\/wp\/v2\/product_tag?post=266634"}],"curies":[{"name":"wp","href":"https:\/\/api.w.org\/{rel}","templated":true}]}}