{"id":266685,"date":"2026-03-12T12:48:48","date_gmt":"2026-03-12T10:48:48","guid":{"rendered":"https:\/\/tellimused.stiilne.ee\/toode\/nagaba-vegan-nahast-naiste-suveplatud-beezid-hea-hind-kiire-tarne\/"},"modified":"2026-04-07T11:09:44","modified_gmt":"2026-04-07T08:09:44","slug":"nagaba-vegan-odos-moteriskos-vasarines-slepetes-beez-gera-kaina-skubus-uzsakymas","status":"publish","type":"product","link":"https:\/\/tellimused.stiilne.ee\/lt\/produktas\/nagaba-vegan-odos-moteriskos-vasarines-slepetes-beez-gera-kaina-skubus-uzsakymas\/","title":{"rendered":"NAGABA Vegan odos moteri\u0161kos vasarin\u0117s \u0161lepet\u0117s beez &#8211; GERA KAINA &#8211; Skubus u\u017esakymas"},"content":{"rendered":"<p>&nbsp;<\/p>\n<p>Nat\u016bralios odos &#8222;Nagaba&#8221; moteri\u0161ki vasariniai sandalai yra geras pasirinkimas tiek vasaros laisvalaikiui, tiek einant \u012f darb\u0105.<\/p>\n<p>I\u0161or\u0117s med\u017eiaga &#8211; nat\u016brali oda, o vidpadis turi ergonomi\u0161k\u0105 patog\u0173 pad\u0105.<\/p>\n<p>Puiki ir patogi avalyn\u0117 vasaros nuotykiams.<\/p>\n<p>I\u0161kart sand\u0117lyje dyd\u017eiai pristatymo laikas yra pora dien\u0173 &#8211; u\u017esakymai, pateikti darbo dien\u0105 prie\u0161 v\u0117lavim\u0105, bus i\u0161si\u0173sti t\u0105 pa\u010di\u0105 dien\u0105.<\/p>\n<p>U\u017esakyt\u0173 dyd\u017ei\u0173 batai pristatomi per 15 darbo dien\u0173 &#8211; batai siuvami rankomis Europoje pagal j\u016bs\u0173 pasirinkt\u0105 odos spalv\u0105 ir dyd\u012f.<\/p>\n<p>Ar \u017einojote, kad daugiau nei pus\u0117 vis\u0173 pasaulyje parduodam\u0173 bat\u0173 yra pagaminti Kinijoje:(<\/p>\n<p>Pasirinkite aplinkai draugi\u0161k\u0105 sprendim\u0105 ir u\u017esisakykite Europoje pagamint\u0105 avalyn\u0119, kuri pad\u0117s u\u017etikrinti, kad Europos avalyn\u0117 b\u016bt\u0173 gaminama ir ateityje.<\/p>\n<p>&nbsp;<\/p>\n<p>Modelis gerai atitinka standartinius Europos dyd\u017eius<\/p>\n<p>Vidiniai matmenys yra tokie:<\/p>\n<p>36-23,4 cm<\/p>\n<p>37-24 cm<\/p>\n<p>38-24,7 cm<\/p>\n<p>39-25,4 cm<\/p>\n<p>40-26 cm<\/p>\n<p>41-26,7 cm<\/p>\n<p>&nbsp;<\/p>\n","protected":false},"excerpt":{"rendered":"<p>&nbsp; Nat\u016bralios odos &#8222;Nagaba&#8221; moteri\u0161ki vasariniai sandalai yra geras pasirinkimas tiek vasaros laisvalaikiui, tiek einant \u012f darb\u0105. I\u0161or\u0117s med\u017eiaga &#8211; nat\u016brali oda, o vidpadis turi ergonomi\u0161k\u0105 patog\u0173 pad\u0105. Puiki ir patogi avalyn\u0117 vasaros nuotykiams. I\u0161kart sand\u0117lyje dyd\u017eiai pristatymo laikas yra pora dien\u0173 &#8211; u\u017esakymai, pateikti darbo dien\u0105 prie\u0161 v\u0117lavim\u0105, bus i\u0161si\u0173sti t\u0105 pa\u010di\u0105 dien\u0105. U\u017esakyt\u0173 [&hellip;]<\/p>\n","protected":false},"featured_media":266686,"comment_status":"open","ping_status":"closed","template":"","meta":{"_acf_changed":false},"product_brand":[],"product_cat":[389,395],"product_tag":[],"class_list":{"0":"post-266685","1":"product","2":"type-product","3":"status-publish","4":"has-post-thumbnail","6":"product_cat-atviruosius-vasarinius-batus","7":"product_cat-plokstes-ir-dirzeliai","8":"product_shipping_class-tarneaeg-1-4-paeva","10":"first","11":"instock","12":"sale","13":"taxable","14":"shipping-taxable","15":"purchasable","16":"product-type-variable","17":"has-default-attributes","18":"add-to-wishlist-after_add_to_cart"},"acf":[],"_links":{"self":[{"href":"https:\/\/tellimused.stiilne.ee\/lt\/wp-json\/wp\/v2\/product\/266685","targetHints":{"allow":["GET"]}}],"collection":[{"href":"https:\/\/tellimused.stiilne.ee\/lt\/wp-json\/wp\/v2\/product"}],"about":[{"href":"https:\/\/tellimused.stiilne.ee\/lt\/wp-json\/wp\/v2\/types\/product"}],"replies":[{"embeddable":true,"href":"https:\/\/tellimused.stiilne.ee\/lt\/wp-json\/wp\/v2\/comments?post=266685"}],"wp:featuredmedia":[{"embeddable":true,"href":"https:\/\/tellimused.stiilne.ee\/lt\/wp-json\/wp\/v2\/media\/266686"}],"wp:attachment":[{"href":"https:\/\/tellimused.stiilne.ee\/lt\/wp-json\/wp\/v2\/media?parent=266685"}],"wp:term":[{"taxonomy":"product_brand","embeddable":true,"href":"https:\/\/tellimused.stiilne.ee\/lt\/wp-json\/wp\/v2\/product_brand?post=266685"},{"taxonomy":"product_cat","embeddable":true,"href":"https:\/\/tellimused.stiilne.ee\/lt\/wp-json\/wp\/v2\/product_cat?post=266685"},{"taxonomy":"product_tag","embeddable":true,"href":"https:\/\/tellimused.stiilne.ee\/lt\/wp-json\/wp\/v2\/product_tag?post=266685"}],"curies":[{"name":"wp","href":"https:\/\/api.w.org\/{rel}","templated":true}]}}