{"id":266696,"date":"2026-03-12T12:47:50","date_gmt":"2026-03-12T10:47:50","guid":{"rendered":"https:\/\/tellimused.stiilne.ee\/toode\/nagaba-vegan-nahast-naiste-suveplatud-mustad-kohe-laos-suurused-38-hea-hind-kiire-tarne\/"},"modified":"2026-04-07T11:09:43","modified_gmt":"2026-04-07T08:09:43","slug":"nagaba-vegan-odos-moteriskos-vasarines-slepetes-juodos-spalvos-beveik-sandelyje-dydziai-38-hea-geros-kainos-vandens-ispardavimas","status":"publish","type":"product","link":"https:\/\/tellimused.stiilne.ee\/lt\/produktas\/nagaba-vegan-odos-moteriskos-vasarines-slepetes-juodos-spalvos-beveik-sandelyje-dydziai-38-hea-geros-kainos-vandens-ispardavimas\/","title":{"rendered":"NAGABA Vegan odos moteri\u0161kos vasarin\u0117s \u0161lepet\u0117s juodos spalvos &#8211; beveik sand\u0117lyje dyd\u017eiai 38-HEA GEROS KAINOS &#8211; VANDENS I\u0160PARDAVIMAS"},"content":{"rendered":"<p>&nbsp;<\/p>\n<p>Nagaba Vegan odos moteri\u0161ki vasariniai sandalai yra geras pasirinkimas vasaros laisvalaikiui ar einant \u012f darb\u0105.<\/p>\n<p>Vegani\u0161kos arba nat\u016bralios med\u017eiagos i\u0161or\u0117 ir vidpadis su ergonomi\u0161ku patogiu padu.<\/p>\n<p>Puiki ir patogi avalyn\u0117 vasaros nuotykiams.<\/p>\n<p>I\u0161kart sand\u0117lyje dyd\u017eiai pristatymo laikas yra pora dien\u0173 &#8211; u\u017esakymai, pateikti darbo dien\u0105 prie\u0161 v\u0117lavim\u0105, bus i\u0161si\u0173sti t\u0105 pa\u010di\u0105 dien\u0105.<\/p>\n<p>&nbsp;<\/p>\n<p>Modelis gerai atitinka standartinius Europos dyd\u017eius<\/p>\n<p>Vidiniai matmenys yra tokie:<\/p>\n<p>36-23,4 cm<\/p>\n<p>37-24 cm<\/p>\n<p>38-24,7 cm<\/p>\n<p>39-25,4 cm<\/p>\n<p>40-26 cm<\/p>\n<p>41-26,7 cm<\/p>\n<p>&nbsp;<\/p>\n","protected":false},"excerpt":{"rendered":"<p>&nbsp; Nagaba Vegan odos moteri\u0161ki vasariniai sandalai yra geras pasirinkimas vasaros laisvalaikiui ar einant \u012f darb\u0105. Vegani\u0161kos arba nat\u016bralios med\u017eiagos i\u0161or\u0117 ir vidpadis su ergonomi\u0161ku patogiu padu. Puiki ir patogi avalyn\u0117 vasaros nuotykiams. I\u0161kart sand\u0117lyje dyd\u017eiai pristatymo laikas yra pora dien\u0173 &#8211; u\u017esakymai, pateikti darbo dien\u0105 prie\u0161 v\u0117lavim\u0105, bus i\u0161si\u0173sti t\u0105 pa\u010di\u0105 dien\u0105. &nbsp; Modelis [&hellip;]<\/p>\n","protected":false},"featured_media":266697,"comment_status":"open","ping_status":"closed","template":"","meta":{"_acf_changed":false},"product_brand":[],"product_cat":[389,395],"product_tag":[],"class_list":{"0":"post-266696","1":"product","2":"type-product","3":"status-publish","4":"has-post-thumbnail","6":"product_cat-atviruosius-vasarinius-batus","7":"product_cat-plokstes-ir-dirzeliai","8":"product_shipping_class-tarneaeg-1-4-paeva","10":"first","11":"instock","12":"sale","13":"taxable","14":"shipping-taxable","15":"purchasable","16":"product-type-variable","17":"has-default-attributes","18":"add-to-wishlist-after_add_to_cart"},"acf":[],"_links":{"self":[{"href":"https:\/\/tellimused.stiilne.ee\/lt\/wp-json\/wp\/v2\/product\/266696","targetHints":{"allow":["GET"]}}],"collection":[{"href":"https:\/\/tellimused.stiilne.ee\/lt\/wp-json\/wp\/v2\/product"}],"about":[{"href":"https:\/\/tellimused.stiilne.ee\/lt\/wp-json\/wp\/v2\/types\/product"}],"replies":[{"embeddable":true,"href":"https:\/\/tellimused.stiilne.ee\/lt\/wp-json\/wp\/v2\/comments?post=266696"}],"wp:featuredmedia":[{"embeddable":true,"href":"https:\/\/tellimused.stiilne.ee\/lt\/wp-json\/wp\/v2\/media\/266697"}],"wp:attachment":[{"href":"https:\/\/tellimused.stiilne.ee\/lt\/wp-json\/wp\/v2\/media?parent=266696"}],"wp:term":[{"taxonomy":"product_brand","embeddable":true,"href":"https:\/\/tellimused.stiilne.ee\/lt\/wp-json\/wp\/v2\/product_brand?post=266696"},{"taxonomy":"product_cat","embeddable":true,"href":"https:\/\/tellimused.stiilne.ee\/lt\/wp-json\/wp\/v2\/product_cat?post=266696"},{"taxonomy":"product_tag","embeddable":true,"href":"https:\/\/tellimused.stiilne.ee\/lt\/wp-json\/wp\/v2\/product_tag?post=266696"}],"curies":[{"name":"wp","href":"https:\/\/api.w.org\/{rel}","templated":true}]}}