{"id":266731,"date":"2026-03-12T12:45:12","date_gmt":"2026-03-12T10:45:12","guid":{"rendered":"https:\/\/tellimused.stiilne.ee\/toode\/naturaalsest-nahast-eestis-kasitoona-valminud-omaking-vabaaja-jalatsid-kuutsid-tumerohelised-kohe-laos-hea-hind\/"},"modified":"2026-04-07T11:09:42","modified_gmt":"2026-04-07T08:09:42","slug":"omaking-laisvalaikio-batai-pagaminti-estijoje-is-naturalios-odos-tamsiai-zalios-spalvos-naujai-isparduoti-didele-kaina","status":"publish","type":"product","link":"https:\/\/tellimused.stiilne.ee\/lt\/produktas\/omaking-laisvalaikio-batai-pagaminti-estijoje-is-naturalios-odos-tamsiai-zalios-spalvos-naujai-isparduoti-didele-kaina\/","title":{"rendered":"&#8222;Omaking&#8221; laisvalaikio batai, pagaminti Estijoje i\u0161 nat\u016bralios odos, tamsiai \u017ealios spalvos &#8211; NAUJAI I\u0160PARDUOTI &#8211; DIDEL\u0116 KAINA"},"content":{"rendered":"<p>Pirmieji &#8222;OmaKinga&#8221; batai, kuriuos \u012fkv\u0117p\u0117 \u0161lepe\u010di\u0173 paprastumas &#8211; \u0161i\u0173 bat\u0173 \u0161\u016bkis yra &#8222;patogumas gatv\u0117je&#8221;.<\/p>\n<p>\u0160e\u0161tojo matmens savyb\u0117s:<\/p>\n<ul>\n<li>Vir\u0161utinis pavir\u0161ius &#8211; mink\u0161ta nubuko oda<\/li>\n<li>Vidinis padas &#8211; ergonomi\u0161kas, zom\u0161a dengtas latekso padas.<\/li>\n<li>Nuimamas dugnas<\/li>\n<li>Padas pagamintas i\u0161 lengvos EVA gumos<\/li>\n<li>Rank\u0173 darbo Estijoje<\/li>\n<\/ul>\n<p>Patog\u016bs ir stilingi nat\u016bralios odos batai pavasariui, vasarai ir rudeniui &#8211; lengvai derinami prie kelni\u0173 ir vasarini\u0173 sukneli\u0173.<\/p>\n<p>Pristatymo laikas &#8211; kelios dienos &#8211; produktas i\u0161 karto yra sand\u0117lyje.<\/p>\n<p>&nbsp;<\/p>\n","protected":false},"excerpt":{"rendered":"<p>Pirmieji &#8222;OmaKinga&#8221; batai, kuriuos \u012fkv\u0117p\u0117 \u0161lepe\u010di\u0173 paprastumas &#8211; \u0161i\u0173 bat\u0173 \u0161\u016bkis yra &#8222;patogumas gatv\u0117je&#8221;. \u0160e\u0161tojo matmens savyb\u0117s: Vir\u0161utinis pavir\u0161ius &#8211; mink\u0161ta nubuko oda Vidinis padas &#8211; ergonomi\u0161kas, zom\u0161a dengtas latekso padas. Nuimamas dugnas Padas pagamintas i\u0161 lengvos EVA gumos Rank\u0173 darbo Estijoje Patog\u016bs ir stilingi nat\u016bralios odos batai pavasariui, vasarai ir rudeniui &#8211; lengvai derinami [&hellip;]<\/p>\n","protected":false},"featured_media":266732,"comment_status":"open","ping_status":"closed","template":"","meta":{"_acf_changed":false},"product_brand":[],"product_cat":[357],"product_tag":[],"class_list":{"0":"post-266731","1":"product","2":"type-product","3":"status-publish","4":"has-post-thumbnail","6":"product_cat-laisvalaikio-avalyne","7":"product_shipping_class-tarneaeg-1-4-paeva","9":"first","10":"instock","11":"sale","12":"taxable","13":"shipping-taxable","14":"purchasable","15":"product-type-variable","16":"has-default-attributes","17":"add-to-wishlist-after_add_to_cart"},"acf":[],"_links":{"self":[{"href":"https:\/\/tellimused.stiilne.ee\/lt\/wp-json\/wp\/v2\/product\/266731","targetHints":{"allow":["GET"]}}],"collection":[{"href":"https:\/\/tellimused.stiilne.ee\/lt\/wp-json\/wp\/v2\/product"}],"about":[{"href":"https:\/\/tellimused.stiilne.ee\/lt\/wp-json\/wp\/v2\/types\/product"}],"replies":[{"embeddable":true,"href":"https:\/\/tellimused.stiilne.ee\/lt\/wp-json\/wp\/v2\/comments?post=266731"}],"wp:featuredmedia":[{"embeddable":true,"href":"https:\/\/tellimused.stiilne.ee\/lt\/wp-json\/wp\/v2\/media\/266732"}],"wp:attachment":[{"href":"https:\/\/tellimused.stiilne.ee\/lt\/wp-json\/wp\/v2\/media?parent=266731"}],"wp:term":[{"taxonomy":"product_brand","embeddable":true,"href":"https:\/\/tellimused.stiilne.ee\/lt\/wp-json\/wp\/v2\/product_brand?post=266731"},{"taxonomy":"product_cat","embeddable":true,"href":"https:\/\/tellimused.stiilne.ee\/lt\/wp-json\/wp\/v2\/product_cat?post=266731"},{"taxonomy":"product_tag","embeddable":true,"href":"https:\/\/tellimused.stiilne.ee\/lt\/wp-json\/wp\/v2\/product_tag?post=266731"}],"curies":[{"name":"wp","href":"https:\/\/api.w.org\/{rel}","templated":true}]}}