{"id":266742,"date":"2026-03-12T12:44:18","date_gmt":"2026-03-12T10:44:18","guid":{"rendered":"https:\/\/tellimused.stiilne.ee\/toode\/naturaalsest-nahast-eestis-kasitoona-valminud-omaking-slip-on-kuutsid-uudis-kohe-laos\/"},"modified":"2026-04-07T11:09:43","modified_gmt":"2026-04-07T08:09:43","slug":"omaking-slip-is-naturalios-odos-ranku-darbo-estijoje-naujiena-naudojama","status":"publish","type":"product","link":"https:\/\/tellimused.stiilne.ee\/lt\/produktas\/omaking-slip-is-naturalios-odos-ranku-darbo-estijoje-naujiena-naudojama\/","title":{"rendered":"&#8222;Omaking slip&#8221; i\u0161 nat\u016bralios odos, rank\u0173 darbo Estijoje &#8211; NAUJIENA NAUDOJAMA"},"content":{"rendered":"<p>Pirmieji &#8222;OmaKinga&#8221; batai, kuriuos \u012fkv\u0117p\u0117 \u0161lepe\u010di\u0173 paprastumas &#8211; \u0161i\u0173 bat\u0173 \u0161\u016bkis yra &#8222;patogumas gatv\u0117je&#8221;.<\/p>\n<p>\u0160e\u0161tojo matmens savyb\u0117s:<\/p>\n<ul>\n<li>Vir\u0161utinis pavir\u0161ius &#8211; mink\u0161ta nubuko oda<\/li>\n<li>Vidinis padas &#8211; ergonomi\u0161kas, zom\u0161a dengtas latekso padas.<\/li>\n<li>Nuimamas dugnas<\/li>\n<li>Padas pagamintas i\u0161 lengvos EVA gumos<\/li>\n<li>Rank\u0173 darbo Estijoje<\/li>\n<\/ul>\n<p>Patog\u016bs ir stilingi nat\u016bralios odos batai pavasariui, vasarai ir rudeniui &#8211; lengvai derinami prie kelni\u0173 ir vasarini\u0173 sukneli\u0173.<\/p>\n<p>\u0160e\u0161tadali\u0173 pristatymo laikas &#8211; 1-4 dienos<\/p>\n<p>&nbsp;<\/p>\n","protected":false},"excerpt":{"rendered":"<p>Pirmieji &#8222;OmaKinga&#8221; batai, kuriuos \u012fkv\u0117p\u0117 \u0161lepe\u010di\u0173 paprastumas &#8211; \u0161i\u0173 bat\u0173 \u0161\u016bkis yra &#8222;patogumas gatv\u0117je&#8221;. \u0160e\u0161tojo matmens savyb\u0117s: Vir\u0161utinis pavir\u0161ius &#8211; mink\u0161ta nubuko oda Vidinis padas &#8211; ergonomi\u0161kas, zom\u0161a dengtas latekso padas. Nuimamas dugnas Padas pagamintas i\u0161 lengvos EVA gumos Rank\u0173 darbo Estijoje Patog\u016bs ir stilingi nat\u016bralios odos batai pavasariui, vasarai ir rudeniui &#8211; lengvai derinami [&hellip;]<\/p>\n","protected":false},"featured_media":266743,"comment_status":"open","ping_status":"closed","template":"","meta":{"_acf_changed":false},"product_brand":[],"product_cat":[357],"product_tag":[],"class_list":{"0":"post-266742","1":"product","2":"type-product","3":"status-publish","4":"has-post-thumbnail","6":"product_cat-laisvalaikio-avalyne","7":"product_shipping_class-tarneaeg-1-4-paeva","9":"first","10":"instock","11":"taxable","12":"shipping-taxable","13":"product-type-variable","14":"has-default-attributes","15":"add-to-wishlist-after_add_to_cart"},"acf":[],"_links":{"self":[{"href":"https:\/\/tellimused.stiilne.ee\/lt\/wp-json\/wp\/v2\/product\/266742","targetHints":{"allow":["GET"]}}],"collection":[{"href":"https:\/\/tellimused.stiilne.ee\/lt\/wp-json\/wp\/v2\/product"}],"about":[{"href":"https:\/\/tellimused.stiilne.ee\/lt\/wp-json\/wp\/v2\/types\/product"}],"replies":[{"embeddable":true,"href":"https:\/\/tellimused.stiilne.ee\/lt\/wp-json\/wp\/v2\/comments?post=266742"}],"wp:featuredmedia":[{"embeddable":true,"href":"https:\/\/tellimused.stiilne.ee\/lt\/wp-json\/wp\/v2\/media\/266743"}],"wp:attachment":[{"href":"https:\/\/tellimused.stiilne.ee\/lt\/wp-json\/wp\/v2\/media?parent=266742"}],"wp:term":[{"taxonomy":"product_brand","embeddable":true,"href":"https:\/\/tellimused.stiilne.ee\/lt\/wp-json\/wp\/v2\/product_brand?post=266742"},{"taxonomy":"product_cat","embeddable":true,"href":"https:\/\/tellimused.stiilne.ee\/lt\/wp-json\/wp\/v2\/product_cat?post=266742"},{"taxonomy":"product_tag","embeddable":true,"href":"https:\/\/tellimused.stiilne.ee\/lt\/wp-json\/wp\/v2\/product_tag?post=266742"}],"curies":[{"name":"wp","href":"https:\/\/api.w.org\/{rel}","templated":true}]}}