{"id":266752,"date":"2026-03-12T12:43:48","date_gmt":"2026-03-12T10:43:48","guid":{"rendered":"https:\/\/tellimused.stiilne.ee\/toode\/vero-moda-hall-pehmest-kangast-pintsak-jakk-verina-kohe-laos-viimane-m\/"},"modified":"2026-04-07T11:09:41","modified_gmt":"2026-04-07T08:09:41","slug":"vero-moda-pilka-minksto-audinio-striuke-striuke-verina-beveik-sandelyje-paskutine-m","status":"publish","type":"product","link":"https:\/\/tellimused.stiilne.ee\/lt\/produktas\/vero-moda-pilka-minksto-audinio-striuke-striuke-verina-beveik-sandelyje-paskutine-m\/","title":{"rendered":"VERO MODA pilka mink\u0161to audinio striuk\u0117 striuk\u0117 Verina &#8211; beveik sand\u0117lyje paskutin\u0117 M"},"content":{"rendered":"<p data-start=\"176\" data-end=\"275\"><strong data-start=\"176\" data-end=\"275\">&#8222;Vero Moda&#8221; moteri\u0161kas \u0161varkas &#8211; stilingas pasirinkimas v\u0117sioms vasaros dienoms ir eleganti\u0161kiems laisvalaikio drabu\u017eiams<\/strong><\/p>\n<p data-start=\"277\" data-end=\"552\">Gra\u017eus ir moteri\u0161kas &#8222;Vero Moda&#8221; \u0161varkas &#8222;Jacket Jacket&#8221; yra puikus drabu\u017eis, kuris akimirksniu suteiks bet kokiai aprangai madingumo. Laisvo stiliaus, bet tvirto silueto \u0161vark\u0105 galima d\u0117v\u0117ti i\u0161tisus metus &#8211; puikiai tinka v\u0117siomis vasaros dienomis, pavasario dienomis ar bet kuriuo kitu metu, kai reikia lengvo ir eleganti\u0161ko vir\u0161utinio sluoksnio. <\/p>\n<p data-start=\"554\" data-end=\"848\">\u0160is universalus \u0161varkas &#8211; puikus pasirinkimas <strong data-start=\"600\" data-end=\"630\">eleganti\u0161kai laisvalaikio darbo aprangai<\/strong>, kai norite atrodyti eleganti\u0161kai ir reprezentatyviai, bet jaustis patogiai. Laisvalaikio dienomis vilk\u0117kite j\u012f su d\u017einsais ir sportba\u010diais, o \u012f darb\u0105 &#8211; su suknele, \u0161varku ar sijonu &#8211; rezultatas visada bus stilingas ir subalansuotas. <\/p>\n<p data-start=\"850\" data-end=\"1095\">D\u0117l mink\u0161to audinio med\u017eiagos striuk\u0119 lengva ir patogu d\u0117v\u0117ti, o \u0161velniai pamink\u0161tinti pe\u010diai suteikia strukt\u016bros ir atrodo solid\u017eiau. D\u0117l sud\u0117tyje esan\u010dio elastano striuk\u0117 gerai priglunda ir nevar\u017eo judesi\u0173. <\/p>\n<p data-start=\"1097\" data-end=\"1409\">\u2714 Idealiai tinka v\u0117sioms vasaros dienoms ir d\u0117v\u0117ti i\u0161tisus metus <br data-start=\"1148\" data-end=\"1151\">\u2714 Eleganti\u0161kas laisvalaikio stilius darbui, mokyklai ir laisvalaikiui<br data-start=\"1217\" data-end=\"1220\">\u2714 Lengva derinti su d\u017einsais, suknel\u0117mis, pinafore keln\u0117mis ir sijonais<br data-start=\"1287\" data-end=\"1290\">\u2714 Mink\u0161tas audinys ir dizainas be sag\u0173, kad b\u016bt\u0173 patogu d\u0117v\u0117ti<br data-start=\"1344\" data-end=\"1347\">\u2714 \u0160velniai pamink\u0161tinti pe\u010diai suteikia form\u0105 ir moteri\u0161kas linijas.<\/p>\n<p data-start=\"1411\" data-end=\"1491\"><strong data-start=\"1411\" data-end=\"1425\">Informacija apie gamin\u012f<\/strong><br data-start=\"1425\" data-end=\"1428\">&#8211; Bendras ilgis 83,5 cm<br data-start=\"1448\" data-end=\"1451\">&#8211; Med\u017eiaga 95% poliesteris, 5% elastanas.<\/p>\n<p data-start=\"1493\" data-end=\"1674\">&#8222;Vero Moda&#8221; striuk\u0117 &#8222;Jacket Jacket&#8221; <strong data-start=\"1519\" data-end=\"1539\">yra sand\u0117lyje<\/strong> ir \u012f j\u016bs\u0173 siunt\u0173 skyri\u0173 atkeliaus vos per kelias dienas &#8211; puikus pasirinkimas, jei ie\u0161kote universalios ir stilingos striuk\u0117s kasdieniam ne\u0161iojimui.<\/p>\n<p>&nbsp;<\/p>\n<p>&nbsp;<\/p>\n","protected":false},"excerpt":{"rendered":"<p>&#8222;Vero Moda&#8221; moteri\u0161kas \u0161varkas &#8211; stilingas pasirinkimas v\u0117sioms vasaros dienoms ir eleganti\u0161kiems laisvalaikio drabu\u017eiams Gra\u017eus ir moteri\u0161kas &#8222;Vero Moda&#8221; \u0161varkas &#8222;Jacket Jacket&#8221; yra puikus drabu\u017eis, kuris akimirksniu suteiks bet kokiai aprangai madingumo. Laisvo stiliaus, bet tvirto silueto \u0161vark\u0105 galima d\u0117v\u0117ti i\u0161tisus metus &#8211; puikiai tinka v\u0117siomis vasaros dienomis, pavasario dienomis ar bet kuriuo kitu metu, [&hellip;]<\/p>\n","protected":false},"featured_media":266753,"comment_status":"open","ping_status":"closed","template":"","meta":{"_acf_changed":false},"product_brand":[],"product_cat":[295],"product_tag":[],"class_list":{"0":"post-266752","1":"product","2":"type-product","3":"status-publish","4":"has-post-thumbnail","6":"product_cat-moteriski-megztiniai-marskineliai","7":"product_shipping_class-tarneaeg-1-4-paeva","9":"first","10":"instock","11":"sale","12":"taxable","13":"shipping-taxable","14":"purchasable","15":"product-type-variable","16":"has-default-attributes","17":"add-to-wishlist-after_add_to_cart"},"acf":[],"_links":{"self":[{"href":"https:\/\/tellimused.stiilne.ee\/lt\/wp-json\/wp\/v2\/product\/266752","targetHints":{"allow":["GET"]}}],"collection":[{"href":"https:\/\/tellimused.stiilne.ee\/lt\/wp-json\/wp\/v2\/product"}],"about":[{"href":"https:\/\/tellimused.stiilne.ee\/lt\/wp-json\/wp\/v2\/types\/product"}],"replies":[{"embeddable":true,"href":"https:\/\/tellimused.stiilne.ee\/lt\/wp-json\/wp\/v2\/comments?post=266752"}],"wp:featuredmedia":[{"embeddable":true,"href":"https:\/\/tellimused.stiilne.ee\/lt\/wp-json\/wp\/v2\/media\/266753"}],"wp:attachment":[{"href":"https:\/\/tellimused.stiilne.ee\/lt\/wp-json\/wp\/v2\/media?parent=266752"}],"wp:term":[{"taxonomy":"product_brand","embeddable":true,"href":"https:\/\/tellimused.stiilne.ee\/lt\/wp-json\/wp\/v2\/product_brand?post=266752"},{"taxonomy":"product_cat","embeddable":true,"href":"https:\/\/tellimused.stiilne.ee\/lt\/wp-json\/wp\/v2\/product_cat?post=266752"},{"taxonomy":"product_tag","embeddable":true,"href":"https:\/\/tellimused.stiilne.ee\/lt\/wp-json\/wp\/v2\/product_tag?post=266752"}],"curies":[{"name":"wp","href":"https:\/\/api.w.org\/{rel}","templated":true}]}}