{"id":266763,"date":"2026-03-12T12:43:18","date_gmt":"2026-03-12T10:43:18","guid":{"rendered":"https:\/\/tellimused.stiilne.ee\/toode\/efektsed-kollased-naiste-kummikud-nbsoovitame-valida-tavaparasest-number-vaiksema-suuruse-kohe-laos-kiire-tarne\/"},"modified":"2026-04-07T11:09:40","modified_gmt":"2026-04-07T08:09:40","slug":"stilingi-geltoni-moteriski-guminiai-batai-nbrekomenduojame-rinktis-mazesni-dydi-nei-iprastai-dabar-naujai-isparduoti-galima-pasirasyti","status":"publish","type":"product","link":"https:\/\/tellimused.stiilne.ee\/lt\/produktas\/stilingi-geltoni-moteriski-guminiai-batai-nbrekomenduojame-rinktis-mazesni-dydi-nei-iprastai-dabar-naujai-isparduoti-galima-pasirasyti\/","title":{"rendered":"Stilingi geltoni moteri\u0161ki guminiai batai -NB!Rekomenduojame rinktis ma\u017eesn\u012f dyd\u012f nei \u012fprastai- DABAR NAUJAI I\u0160PARDUOTI -GALIMA PASIRA\u0160YTI!"},"content":{"rendered":"<p>K\u016bgio <b>auk\u0161tis: <\/b>0 cm &#8211; 3 cm<br \/>\n<b>I\u0161orin\u0117 med\u017eiaga: <\/b>Guma<br \/>\n Vidin\u0117 med\u017eiaga: Tekstil\u0117<br \/>\n Nosies<b>tipas: <\/b>U\u017edara<br \/>\n Pamu\u0161alas<b>: <\/b>Sagos<br \/>\n<b>Stilius: <\/b>Laisvas<\/p>\n<p><b>Pristatymo laikas: 1-4 dienos &#8211; N\u0116RA sand\u0117lyje<\/b><\/p>\n","protected":false},"excerpt":{"rendered":"<p>K\u016bgio auk\u0161tis: 0 cm &#8211; 3 cm I\u0161orin\u0117 med\u017eiaga: Guma Vidin\u0117 med\u017eiaga: Tekstil\u0117 Nosiestipas: U\u017edara Pamu\u0161alas: Sagos Stilius: Laisvas Pristatymo laikas: 1-4 dienos &#8211; N\u0116RA sand\u0117lyje<\/p>\n","protected":false},"featured_media":266764,"comment_status":"closed","ping_status":"closed","template":"","meta":{"_acf_changed":false},"product_brand":[],"product_cat":[321,380,348],"product_tag":[],"class_list":{"0":"post-266763","1":"product","2":"type-product","3":"status-publish","4":"has-post-thumbnail","6":"product_cat-moterims","7":"product_cat-moteriski-batai","8":"product_cat-moteriskos-gumines","9":"product_shipping_class-tarneaeg-1-4-paeva","11":"first","12":"instock","13":"taxable","14":"shipping-taxable","15":"purchasable","16":"product-type-variable","17":"has-default-attributes","18":"add-to-wishlist-after_add_to_cart"},"acf":[],"_links":{"self":[{"href":"https:\/\/tellimused.stiilne.ee\/lt\/wp-json\/wp\/v2\/product\/266763","targetHints":{"allow":["GET"]}}],"collection":[{"href":"https:\/\/tellimused.stiilne.ee\/lt\/wp-json\/wp\/v2\/product"}],"about":[{"href":"https:\/\/tellimused.stiilne.ee\/lt\/wp-json\/wp\/v2\/types\/product"}],"replies":[{"embeddable":true,"href":"https:\/\/tellimused.stiilne.ee\/lt\/wp-json\/wp\/v2\/comments?post=266763"}],"wp:featuredmedia":[{"embeddable":true,"href":"https:\/\/tellimused.stiilne.ee\/lt\/wp-json\/wp\/v2\/media\/266764"}],"wp:attachment":[{"href":"https:\/\/tellimused.stiilne.ee\/lt\/wp-json\/wp\/v2\/media?parent=266763"}],"wp:term":[{"taxonomy":"product_brand","embeddable":true,"href":"https:\/\/tellimused.stiilne.ee\/lt\/wp-json\/wp\/v2\/product_brand?post=266763"},{"taxonomy":"product_cat","embeddable":true,"href":"https:\/\/tellimused.stiilne.ee\/lt\/wp-json\/wp\/v2\/product_cat?post=266763"},{"taxonomy":"product_tag","embeddable":true,"href":"https:\/\/tellimused.stiilne.ee\/lt\/wp-json\/wp\/v2\/product_tag?post=266763"}],"curies":[{"name":"wp","href":"https:\/\/api.w.org\/{rel}","templated":true}]}}