{"id":266770,"date":"2026-03-12T12:42:52","date_gmt":"2026-03-12T10:42:52","guid":{"rendered":"https:\/\/tellimused.stiilne.ee\/toode\/mugav-venivast-kangast-tudrukute-retuusid-emily-suurus-122-cm-kohe-laos\/"},"modified":"2026-04-07T11:09:42","modified_gmt":"2026-04-07T08:09:42","slug":"patogaus-elastingo-audinio-mergaiciu-retriveris-emily-122-cm-dydzio-dar-sandelyje","status":"publish","type":"product","link":"https:\/\/tellimused.stiilne.ee\/lt\/produktas\/patogaus-elastingo-audinio-mergaiciu-retriveris-emily-122-cm-dydzio-dar-sandelyje\/","title":{"rendered":"Patogaus elastingo audinio mergai\u010di\u0173 retriveris Emily 122 cm dyd\u017eio &#8211; dar sand\u0117lyje"},"content":{"rendered":"<p>&nbsp;<\/p>\n<p>Gra\u017e\u016bs g\u0117li\u0173 ra\u0161tais marginti retriveriai pagaminti i\u0161 elastingo medvilninio retriveri\u0173 audinio &#8211; retriveriai tinka sportui arba kasdieniam d\u0117v\u0117jimui namuose ar laisvalaikiu<\/p>\n<p>Visi &#8222;Yemi Design&#8221; gaminiai yra sukurti ir gaminami Estijoje ir yra 100 % rank\u0173 darbo<\/p>\n<p>Retriveriai jau yra sand\u0117lyje &#8211; pristatymo laikas &#8211; kelios dienos.<\/p>\n","protected":false},"excerpt":{"rendered":"<p>&nbsp; Gra\u017e\u016bs g\u0117li\u0173 ra\u0161tais marginti retriveriai pagaminti i\u0161 elastingo medvilninio retriveri\u0173 audinio &#8211; retriveriai tinka sportui arba kasdieniam d\u0117v\u0117jimui namuose ar laisvalaikiu Visi &#8222;Yemi Design&#8221; gaminiai yra sukurti ir gaminami Estijoje ir yra 100 % rank\u0173 darbo Retriveriai jau yra sand\u0117lyje &#8211; pristatymo laikas &#8211; kelios dienos.<\/p>\n","protected":false},"featured_media":266771,"comment_status":"open","ping_status":"closed","template":"","meta":{"_acf_changed":false},"product_brand":[],"product_cat":[442],"product_tag":[],"class_list":{"0":"post-266770","1":"product","2":"type-product","3":"status-publish","4":"has-post-thumbnail","6":"product_cat-yemi-disain-retusai","7":"product_shipping_class-tarneaeg-1-4-paeva","9":"first","10":"instock","11":"taxable","12":"shipping-taxable","13":"purchasable","14":"product-type-variable","15":"has-default-attributes","16":"add-to-wishlist-after_add_to_cart"},"acf":[],"_links":{"self":[{"href":"https:\/\/tellimused.stiilne.ee\/lt\/wp-json\/wp\/v2\/product\/266770","targetHints":{"allow":["GET"]}}],"collection":[{"href":"https:\/\/tellimused.stiilne.ee\/lt\/wp-json\/wp\/v2\/product"}],"about":[{"href":"https:\/\/tellimused.stiilne.ee\/lt\/wp-json\/wp\/v2\/types\/product"}],"replies":[{"embeddable":true,"href":"https:\/\/tellimused.stiilne.ee\/lt\/wp-json\/wp\/v2\/comments?post=266770"}],"wp:featuredmedia":[{"embeddable":true,"href":"https:\/\/tellimused.stiilne.ee\/lt\/wp-json\/wp\/v2\/media\/266771"}],"wp:attachment":[{"href":"https:\/\/tellimused.stiilne.ee\/lt\/wp-json\/wp\/v2\/media?parent=266770"}],"wp:term":[{"taxonomy":"product_brand","embeddable":true,"href":"https:\/\/tellimused.stiilne.ee\/lt\/wp-json\/wp\/v2\/product_brand?post=266770"},{"taxonomy":"product_cat","embeddable":true,"href":"https:\/\/tellimused.stiilne.ee\/lt\/wp-json\/wp\/v2\/product_cat?post=266770"},{"taxonomy":"product_tag","embeddable":true,"href":"https:\/\/tellimused.stiilne.ee\/lt\/wp-json\/wp\/v2\/product_tag?post=266770"}],"curies":[{"name":"wp","href":"https:\/\/api.w.org\/{rel}","templated":true}]}}