{"id":266776,"date":"2026-03-12T12:42:51","date_gmt":"2026-03-12T10:42:51","guid":{"rendered":"https:\/\/tellimused.stiilne.ee\/toode\/mugav-venivast-kangast-retuuside-komplekt-ounapuuoied-emalesuurus-l-ja-tutrelesuurus-122-cm-kohe-laos\/"},"modified":"2026-04-07T11:09:39","modified_gmt":"2026-04-07T08:09:39","slug":"patogus-elastinio-audinio-rankiniu-rinkinys-mamai-l-dydis-ir-dukrai-122-cm-dydis-kompleksas-pasiulyme","status":"publish","type":"product","link":"https:\/\/tellimused.stiilne.ee\/lt\/produktas\/patogus-elastinio-audinio-rankiniu-rinkinys-mamai-l-dydis-ir-dukrai-122-cm-dydis-kompleksas-pasiulyme\/","title":{"rendered":"Patogus elastinio audinio rankini\u0173 rinkinys mamai (L dydis) ir dukrai (122 cm dydis) &#8211; KOMPLEKSAS PASI\u016aLYME"},"content":{"rendered":"<p>&nbsp;<\/p>\n<p>Mielos g\u0117li\u0173 ra\u0161tais margintos rankin\u0117s pagamintos i\u0161 plonesnio elastingo medvilninio audinio &#8211; tinka sportui, kasdieniam ne\u0161iojimui namuose ar laisvalaikiui<\/p>\n<p>Visi &#8222;Yemi Design&#8221; gaminiai sukurti ir pagaminti Estijoje ir yra 100 % rank\u0173 darbo<\/p>\n<p>Rankini\u0173 rinkinys mamai ir dukrai yra sand\u0117lyje ir bus pristatytas per kelias dienas &#8211; rinkin\u012f sudaro 2 poros L ir 122 cm dyd\u017eio rankini\u0173.<\/p>\n<p>&nbsp;<\/p>\n","protected":false},"excerpt":{"rendered":"<p>&nbsp; Mielos g\u0117li\u0173 ra\u0161tais margintos rankin\u0117s pagamintos i\u0161 plonesnio elastingo medvilninio audinio &#8211; tinka sportui, kasdieniam ne\u0161iojimui namuose ar laisvalaikiui Visi &#8222;Yemi Design&#8221; gaminiai sukurti ir pagaminti Estijoje ir yra 100 % rank\u0173 darbo Rankini\u0173 rinkinys mamai ir dukrai yra sand\u0117lyje ir bus pristatytas per kelias dienas &#8211; rinkin\u012f sudaro 2 poros L ir 122 [&hellip;]<\/p>\n","protected":false},"featured_media":266777,"comment_status":"open","ping_status":"closed","template":"","meta":{"_acf_changed":false},"product_brand":[],"product_cat":[442],"product_tag":[],"class_list":{"0":"post-266776","1":"product","2":"type-product","3":"status-publish","4":"has-post-thumbnail","6":"product_cat-yemi-disain-retusai","7":"product_shipping_class-tarneaeg-1-4-paeva","9":"first","10":"instock","11":"taxable","12":"shipping-taxable","13":"purchasable","14":"product-type-variable","15":"has-default-attributes","16":"add-to-wishlist-after_add_to_cart"},"acf":[],"_links":{"self":[{"href":"https:\/\/tellimused.stiilne.ee\/lt\/wp-json\/wp\/v2\/product\/266776","targetHints":{"allow":["GET"]}}],"collection":[{"href":"https:\/\/tellimused.stiilne.ee\/lt\/wp-json\/wp\/v2\/product"}],"about":[{"href":"https:\/\/tellimused.stiilne.ee\/lt\/wp-json\/wp\/v2\/types\/product"}],"replies":[{"embeddable":true,"href":"https:\/\/tellimused.stiilne.ee\/lt\/wp-json\/wp\/v2\/comments?post=266776"}],"wp:featuredmedia":[{"embeddable":true,"href":"https:\/\/tellimused.stiilne.ee\/lt\/wp-json\/wp\/v2\/media\/266777"}],"wp:attachment":[{"href":"https:\/\/tellimused.stiilne.ee\/lt\/wp-json\/wp\/v2\/media?parent=266776"}],"wp:term":[{"taxonomy":"product_brand","embeddable":true,"href":"https:\/\/tellimused.stiilne.ee\/lt\/wp-json\/wp\/v2\/product_brand?post=266776"},{"taxonomy":"product_cat","embeddable":true,"href":"https:\/\/tellimused.stiilne.ee\/lt\/wp-json\/wp\/v2\/product_cat?post=266776"},{"taxonomy":"product_tag","embeddable":true,"href":"https:\/\/tellimused.stiilne.ee\/lt\/wp-json\/wp\/v2\/product_tag?post=266776"}],"curies":[{"name":"wp","href":"https:\/\/api.w.org\/{rel}","templated":true}]}}