{"id":266785,"date":"2026-03-12T12:42:10","date_gmt":"2026-03-12T10:42:10","guid":{"rendered":"https:\/\/tellimused.stiilne.ee\/toode\/puuvillasest-kangast-yemi-disain-peapaela-ja-patsikummi-komplekt-kohe-laos\/"},"modified":"2026-04-07T11:09:40","modified_gmt":"2026-04-07T08:09:40","slug":"medvilninis-audinys-yemi-dizainas-galvos-juosta-ir-lopeteliu-rinkinys-he-ispardavimas","status":"publish","type":"product","link":"https:\/\/tellimused.stiilne.ee\/lt\/produktas\/medvilninis-audinys-yemi-dizainas-galvos-juosta-ir-lopeteliu-rinkinys-he-ispardavimas\/","title":{"rendered":"Medvilninis audinys Yemi Dizainas galvos juosta ir lopet\u0117li\u0173 rinkinys -HE I\u0160PARDAVIMAS"},"content":{"rendered":"<p>&nbsp;<\/p>\n<p>Galvos juosta ir lopin\u0117lis yra pagaminti i\u0161 mink\u0161to elastingo audinio &#8211; 95 % medviln\u0117s ir 5 % elastano<\/p>\n<p>Abu gaminiai yra rank\u0173 darbo Estijoje i\u0161 ma\u017e\u0173 audinio gabal\u0117li\u0173, likusi\u0173 nuo m\u016bs\u0173 gamybos<\/p>\n<p>Tinka baland\u017eio-rugs\u0117jo m\u0117nesiams<\/p>\n<p>Rinkinys jau sand\u0117lyje &#8211; pristatymas per kelias dienas.<\/p>\n<p>&nbsp;<\/p>\n","protected":false},"excerpt":{"rendered":"<p>&nbsp; Galvos juosta ir lopin\u0117lis yra pagaminti i\u0161 mink\u0161to elastingo audinio &#8211; 95 % medviln\u0117s ir 5 % elastano Abu gaminiai yra rank\u0173 darbo Estijoje i\u0161 ma\u017e\u0173 audinio gabal\u0117li\u0173, likusi\u0173 nuo m\u016bs\u0173 gamybos Tinka baland\u017eio-rugs\u0117jo m\u0117nesiams Rinkinys jau sand\u0117lyje &#8211; pristatymas per kelias dienas. &nbsp;<\/p>\n","protected":false},"featured_media":266786,"comment_status":"open","ping_status":"closed","template":"","meta":{"_acf_changed":false},"product_brand":[],"product_cat":[444],"product_tag":[],"class_list":{"0":"post-266785","1":"product","2":"type-product","3":"status-publish","4":"has-post-thumbnail","6":"product_cat-yemi-disain-peapaelad","7":"product_shipping_class-tarneaeg-1-4-paeva","9":"first","10":"instock","11":"sale","12":"taxable","13":"shipping-taxable","14":"purchasable","15":"product-type-variable","16":"has-default-attributes","17":"add-to-wishlist-after_add_to_cart"},"acf":[],"_links":{"self":[{"href":"https:\/\/tellimused.stiilne.ee\/lt\/wp-json\/wp\/v2\/product\/266785","targetHints":{"allow":["GET"]}}],"collection":[{"href":"https:\/\/tellimused.stiilne.ee\/lt\/wp-json\/wp\/v2\/product"}],"about":[{"href":"https:\/\/tellimused.stiilne.ee\/lt\/wp-json\/wp\/v2\/types\/product"}],"replies":[{"embeddable":true,"href":"https:\/\/tellimused.stiilne.ee\/lt\/wp-json\/wp\/v2\/comments?post=266785"}],"wp:featuredmedia":[{"embeddable":true,"href":"https:\/\/tellimused.stiilne.ee\/lt\/wp-json\/wp\/v2\/media\/266786"}],"wp:attachment":[{"href":"https:\/\/tellimused.stiilne.ee\/lt\/wp-json\/wp\/v2\/media?parent=266785"}],"wp:term":[{"taxonomy":"product_brand","embeddable":true,"href":"https:\/\/tellimused.stiilne.ee\/lt\/wp-json\/wp\/v2\/product_brand?post=266785"},{"taxonomy":"product_cat","embeddable":true,"href":"https:\/\/tellimused.stiilne.ee\/lt\/wp-json\/wp\/v2\/product_cat?post=266785"},{"taxonomy":"product_tag","embeddable":true,"href":"https:\/\/tellimused.stiilne.ee\/lt\/wp-json\/wp\/v2\/product_tag?post=266785"}],"curies":[{"name":"wp","href":"https:\/\/api.w.org\/{rel}","templated":true}]}}