{"id":266820,"date":"2026-03-12T12:38:41","date_gmt":"2026-03-12T10:38:41","guid":{"rendered":"https:\/\/tellimused.stiilne.ee\/toode\/nagaba-naturaalnahast-naiste-sandaalid-punased-kohe-laos-super-hind-viimased-jaanud\/"},"modified":"2026-04-07T11:09:38","modified_gmt":"2026-04-07T08:09:38","slug":"nagaba-natural-leather-moteriski-sandalai-raudonos-spalvos-naujos-pasiulymo-kainos-perduoti-parduoti","status":"publish","type":"product","link":"https:\/\/tellimused.stiilne.ee\/lt\/produktas\/nagaba-natural-leather-moteriski-sandalai-raudonos-spalvos-naujos-pasiulymo-kainos-perduoti-parduoti\/","title":{"rendered":"NAGABA NATURAL LEATHER moteri\u0161ki sandalai raudonos spalvos &#8211; NAUJOS PASI\u016aLYMO KAINOS &#8211; PERDUOTI PARDUOTI"},"content":{"rendered":"<p>&nbsp;<\/p>\n<p>&#8222;Nagaba&#8221; moteri\u0161ki nat\u016bralios odos sandalai &#8211; geras pasirinkimas vasarai, tiek laisvalaikiui, tiek einant \u012f darb\u0105.<\/p>\n<p>Med\u017eiaga pagaminta i\u0161 nat\u016bralios odos tiek viduje, tiek i\u0161or\u0117je.<\/p>\n<p>Sandalai labai patog\u016bs p\u0117dai d\u0117l auk\u0161tesn\u0117s kulno dalies &#8211; be to, spustel\u0117jimu galite reguliuoti galvos, kulno ir skliauto dal\u012f, kad puikiai tikt\u0173 j\u016bs\u0173 p\u0117dai.<\/p>\n<p>Puik\u016bs ir patog\u016bs batai vasaros nuotykiams<\/p>\n<p><strong>I\u0161kart sand\u0117lyje dyd\u017eiai pristatymo laikas kelios dienos-<\/strong> u\u017esakymai pateikti darbo dien\u0105 prie\u0161 v\u0117lavim\u0105, mes i\u0161si\u0173sime t\u0105 pa\u010di\u0105 dien\u0105.<\/p>\n<p><strong>3,5 cm auk\u0161tis ties u\u017epakaline p\u0117dos dalimi &#8211; tai<\/strong> geras patogus auk\u0161tis, nes jis nevargina p\u0117d\u0173 net ir ilgiau d\u0117vint.<\/p>\n<p>Modelis puikiai atitinka standartinius europieti\u0161kus numerius &#8211; rekomenduojame u\u017esisakyti savo \u012fprast\u0105 dyd\u012f.<\/p>\n<p>Vidiniai matmenys yra tokie:<\/p>\n<p>36-23,4 cm<\/p>\n<p>37-24 cm<\/p>\n<p>38-24,7 cm<\/p>\n<p>39-25,4 cm<\/p>\n<p>40-26 cm<\/p>\n<p>41-26,7 cm<\/p>\n<p>&nbsp;<\/p>\n","protected":false},"excerpt":{"rendered":"<p>&nbsp; &#8222;Nagaba&#8221; moteri\u0161ki nat\u016bralios odos sandalai &#8211; geras pasirinkimas vasarai, tiek laisvalaikiui, tiek einant \u012f darb\u0105. Med\u017eiaga pagaminta i\u0161 nat\u016bralios odos tiek viduje, tiek i\u0161or\u0117je. Sandalai labai patog\u016bs p\u0117dai d\u0117l auk\u0161tesn\u0117s kulno dalies &#8211; be to, spustel\u0117jimu galite reguliuoti galvos, kulno ir skliauto dal\u012f, kad puikiai tikt\u0173 j\u016bs\u0173 p\u0117dai. Puik\u016bs ir patog\u016bs batai vasaros nuotykiams [&hellip;]<\/p>\n","protected":false},"featured_media":266821,"comment_status":"open","ping_status":"closed","template":"","meta":{"_acf_changed":false},"product_brand":[],"product_cat":[389,395],"product_tag":[],"class_list":{"0":"post-266820","1":"product","2":"type-product","3":"status-publish","4":"has-post-thumbnail","6":"product_cat-atviruosius-vasarinius-batus","7":"product_cat-plokstes-ir-dirzeliai","8":"product_shipping_class-tarneaeg-1-4-paeva","10":"first","11":"instock","12":"sale","13":"taxable","14":"shipping-taxable","15":"purchasable","16":"product-type-variable","17":"has-default-attributes","18":"add-to-wishlist-after_add_to_cart"},"acf":[],"_links":{"self":[{"href":"https:\/\/tellimused.stiilne.ee\/lt\/wp-json\/wp\/v2\/product\/266820","targetHints":{"allow":["GET"]}}],"collection":[{"href":"https:\/\/tellimused.stiilne.ee\/lt\/wp-json\/wp\/v2\/product"}],"about":[{"href":"https:\/\/tellimused.stiilne.ee\/lt\/wp-json\/wp\/v2\/types\/product"}],"replies":[{"embeddable":true,"href":"https:\/\/tellimused.stiilne.ee\/lt\/wp-json\/wp\/v2\/comments?post=266820"}],"wp:featuredmedia":[{"embeddable":true,"href":"https:\/\/tellimused.stiilne.ee\/lt\/wp-json\/wp\/v2\/media\/266821"}],"wp:attachment":[{"href":"https:\/\/tellimused.stiilne.ee\/lt\/wp-json\/wp\/v2\/media?parent=266820"}],"wp:term":[{"taxonomy":"product_brand","embeddable":true,"href":"https:\/\/tellimused.stiilne.ee\/lt\/wp-json\/wp\/v2\/product_brand?post=266820"},{"taxonomy":"product_cat","embeddable":true,"href":"https:\/\/tellimused.stiilne.ee\/lt\/wp-json\/wp\/v2\/product_cat?post=266820"},{"taxonomy":"product_tag","embeddable":true,"href":"https:\/\/tellimused.stiilne.ee\/lt\/wp-json\/wp\/v2\/product_tag?post=266820"}],"curies":[{"name":"wp","href":"https:\/\/api.w.org\/{rel}","templated":true}]}}