{"id":266834,"date":"2026-03-12T12:36:58","date_gmt":"2026-03-12T10:36:58","guid":{"rendered":"https:\/\/tellimused.stiilne.ee\/toode\/nagaba-naturaalnahast-naiste-sandaalid-sinised-suuruses-39-kohe-laos-viimased-super-hind\/"},"modified":"2026-04-07T11:09:38","modified_gmt":"2026-04-07T08:09:38","slug":"nagaba-natural-leather-moteriski-sandalai-melynos-spalvos-39-dydis-naudojame-7-sezone-super-kaina","status":"publish","type":"product","link":"https:\/\/tellimused.stiilne.ee\/lt\/produktas\/nagaba-natural-leather-moteriski-sandalai-melynos-spalvos-39-dydis-naudojame-7-sezone-super-kaina\/","title":{"rendered":"NAGABA NATURAL LEATHER moteri\u0161ki sandalai m\u0117lynos spalvos, 39 dydis &#8211; NAUDOJAME 7 sezone &#8211; SUPER KAINA"},"content":{"rendered":"<p>&nbsp;<\/p>\n<p>&#8222;Nagaba&#8221; moteri\u0161ki nat\u016bralios odos sandalai &#8211; geras pasirinkimas vasarai, tiek laisvalaikiui, tiek einant \u012f darb\u0105.<\/p>\n<p>Med\u017eiaga pagaminta i\u0161 nat\u016bralios odos tiek viduje, tiek i\u0161or\u0117je.<\/p>\n<p>Sandalai labai patog\u016bs p\u0117dai d\u0117l auk\u0161tesn\u0117s kulno dalies &#8211; be to, spustel\u0117jimu galite reguliuoti p\u0117dos galvut\u0119, kuln\u0105, taip pat koto dal\u012f, kad ji tikt\u0173 j\u016bs\u0173 p\u0117dai.<\/p>\n<p>Puiki ir patogi avalyn\u0117 vasaros nuotykiams.<\/p>\n<p>Avalyn\u0117s pristatymas trunka kelias dienas &#8211; u\u017esakymai, pateikti darbo dien\u0105 prie\u0161 v\u0117lavim\u0105, bus i\u0161si\u0173sti t\u0105 pa\u010di\u0105 dien\u0105.<\/p>\n<p>Modelis gerai atitinka standartinius Europos dyd\u017eius<\/p>\n<p>Vidiniai matmenys yra tokie:<\/p>\n<p>36-23,4 cm<\/p>\n<p>37-24 cm<\/p>\n<p>38-24,7 cm<\/p>\n<p>39-25,4 cm<\/p>\n<p>40-26 cm<\/p>\n<p>41-26,7 cm<\/p>\n<p>&nbsp;<\/p>\n","protected":false},"excerpt":{"rendered":"<p>&nbsp; &#8222;Nagaba&#8221; moteri\u0161ki nat\u016bralios odos sandalai &#8211; geras pasirinkimas vasarai, tiek laisvalaikiui, tiek einant \u012f darb\u0105. Med\u017eiaga pagaminta i\u0161 nat\u016bralios odos tiek viduje, tiek i\u0161or\u0117je. Sandalai labai patog\u016bs p\u0117dai d\u0117l auk\u0161tesn\u0117s kulno dalies &#8211; be to, spustel\u0117jimu galite reguliuoti p\u0117dos galvut\u0119, kuln\u0105, taip pat koto dal\u012f, kad ji tikt\u0173 j\u016bs\u0173 p\u0117dai. Puiki ir patogi avalyn\u0117 [&hellip;]<\/p>\n","protected":false},"featured_media":266835,"comment_status":"open","ping_status":"closed","template":"","meta":{"_acf_changed":false},"product_brand":[],"product_cat":[389,395],"product_tag":[],"class_list":{"0":"post-266834","1":"product","2":"type-product","3":"status-publish","4":"has-post-thumbnail","6":"product_cat-atviruosius-vasarinius-batus","7":"product_cat-plokstes-ir-dirzeliai","8":"product_shipping_class-tarneaeg-1-4-paeva","10":"first","11":"instock","12":"taxable","13":"shipping-taxable","14":"product-type-variable","15":"has-default-attributes","16":"add-to-wishlist-after_add_to_cart"},"acf":[],"_links":{"self":[{"href":"https:\/\/tellimused.stiilne.ee\/lt\/wp-json\/wp\/v2\/product\/266834","targetHints":{"allow":["GET"]}}],"collection":[{"href":"https:\/\/tellimused.stiilne.ee\/lt\/wp-json\/wp\/v2\/product"}],"about":[{"href":"https:\/\/tellimused.stiilne.ee\/lt\/wp-json\/wp\/v2\/types\/product"}],"replies":[{"embeddable":true,"href":"https:\/\/tellimused.stiilne.ee\/lt\/wp-json\/wp\/v2\/comments?post=266834"}],"wp:featuredmedia":[{"embeddable":true,"href":"https:\/\/tellimused.stiilne.ee\/lt\/wp-json\/wp\/v2\/media\/266835"}],"wp:attachment":[{"href":"https:\/\/tellimused.stiilne.ee\/lt\/wp-json\/wp\/v2\/media?parent=266834"}],"wp:term":[{"taxonomy":"product_brand","embeddable":true,"href":"https:\/\/tellimused.stiilne.ee\/lt\/wp-json\/wp\/v2\/product_brand?post=266834"},{"taxonomy":"product_cat","embeddable":true,"href":"https:\/\/tellimused.stiilne.ee\/lt\/wp-json\/wp\/v2\/product_cat?post=266834"},{"taxonomy":"product_tag","embeddable":true,"href":"https:\/\/tellimused.stiilne.ee\/lt\/wp-json\/wp\/v2\/product_tag?post=266834"}],"curies":[{"name":"wp","href":"https:\/\/api.w.org\/{rel}","templated":true}]}}