{"id":266852,"date":"2026-03-12T12:36:11","date_gmt":"2026-03-12T10:36:11","guid":{"rendered":"https:\/\/tellimused.stiilne.ee\/toode\/five-seasons-meeste-kevad-sugis-jope-cari-mustilma-soojustuseta-ohem-jope-kohe-laos-super-hind\/"},"modified":"2026-04-07T11:09:37","modified_gmt":"2026-04-07T08:09:37","slug":"five-seasons-vyriska-pavasario-rudens-striuke-cari-blackplonesne-striuke-be-apsiltinimo-yra-sandelyje-auksta-kaina","status":"publish","type":"product","link":"https:\/\/tellimused.stiilne.ee\/lt\/produktas\/five-seasons-vyriska-pavasario-rudens-striuke-cari-blackplonesne-striuke-be-apsiltinimo-yra-sandelyje-auksta-kaina\/","title":{"rendered":"FIVE SEASONS vyri\u0161ka pavasario-rudens striuk\u0117 Cari black(plonesn\u0117 striuk\u0117 be ap\u0161iltinimo)-Yra sand\u0117lyje-auk\u0161ta kaina"},"content":{"rendered":"<p>&nbsp;<\/p>\n<p>Funkcionali &#8222;Five Seasons&#8221; pavasario-rudens striuk\u0117 &#8222;Cari&#8221; yra geras pasirinkimas kasdieniam ne\u0161iojimui mieste, kelyje ar gamtoje. BIONIC-FINISH ECO technologija u\u017etikrina vandens ir purvo atst\u016bmim\u0105, ilgiau i\u0161laiko \u0161vie\u017eias spalvas, leid\u017eia audiniui greitai i\u0161d\u017ei\u016bti, taip pat yra palanki aktyviems u\u017esi\u0117mimams, pralaidi orui ir atspari oro s\u0105lygoms. Mezginiai u\u017esegami u\u017etrauktuku, prakti\u0161kos ki\u0161en\u0117s yra \u0161onuose, o rankovi\u0173 ki\u0161en\u0117s turi u\u017esegimus. I\u0161orinis audinys turi Q.B TEX TPU membran\u0105, u\u017etikrinan\u010di\u0105 vandens atst\u016bmim\u0105, atsparum\u0105 v\u0117jui ir pralaidum\u0105 orui. Viduje yra u\u017etrauktuku u\u017esegama \u0161liau\u017etinuko ki\u0161en\u0117, o striuk\u0117s apa\u010dioje &#8211; rai\u0161telis. Kapi\u0161onas yra nuimamas, o viduje esantis tinklinis pamu\u0161alas u\u017etikrina ger\u0105 oro sraut\u0105 tarp k\u016bno ir gaminio. Modelis yra 188 cm \u016bgio ir d\u0117vi L dyd\u012f.      <\/p>\n<p>&#8222;Five Seasons Cari&#8221; vyri\u0161kos striuk\u0117s ypatyb\u0117s:<\/p>\n<ul>\n<li>Am\u017eina i\u0161vaizda<\/li>\n<li>Klasikinis veikimo re\u017eimas<\/li>\n<li>Galinis ap\u0161vietimas<\/li>\n<li>Vandeniui ir v\u0117jui atsparus apvalkalas<\/li>\n<li>Oro s\u0105lygoms atsparios u\u017eklijuotos si\u016bl\u0117s<\/li>\n<li>Kv\u0117puojantis tinklinis pamu\u0161alas<\/li>\n<li>Auk\u0161ta patogi apykakl\u0117<\/li>\n<li>Reguliuojamas gaubtas, kur\u012f prireikus galima nuimti<\/li>\n<li>Spustel\u0117kite reguliuojamus rankovi\u0173 galus<\/li>\n<li>Gumin\u0117 reguliuojama apatin\u0117 kojos dalis<\/li>\n<li>\u0160onin\u0117s ki\u0161en\u0117s su u\u017etrauktuku ir viena galin\u0117 ki\u0161en\u0117<\/li>\n<li>Aplinkai nekenksminga BIONIC-FINISH\u00ae ECO apdaila<\/li>\n<li>Q.B TEX 10.000 technologija<\/li>\n<li>Atsparumas vandeniui: 10K = 10 000 mm. Kv\u0117puojamumas: 8 000 g\/m\u00b2\/24 val. <\/li>\n<li>Med\u017eiaga: 94 % poliesteris, 6 % elastanas.<\/li>\n<\/ul>\n<p>Striuk\u0117 yra sand\u0117lyje &#8211; pristatymas per kelias dienas.<\/p>\n<p>U\u017esakymai, pateikti darbo dien\u0105 prie\u0161 v\u0117lavim\u0105, i\u0161siun\u010diami t\u0105 pa\u010di\u0105 dien\u0105, o siuntinys paprastai b\u016bna siunt\u0173 pristatymo ma\u0161inoje iki kitos dienos.<\/p>\n<p>Jei norite, striuk\u0119 taip pat galite pasimatuoti ir nusipirkti tiesiai i\u0161 m\u016bs\u0173 sand\u0117lio, esan\u010dio Kanarbiku tee 15\/3, J\u00e4rvek\u00fcla &#8211; 5 minut\u0117s kelio automobiliu nuo \u00dclemiste centro.<\/p>\n","protected":false},"excerpt":{"rendered":"<p>&nbsp; Funkcionali &#8222;Five Seasons&#8221; pavasario-rudens striuk\u0117 &#8222;Cari&#8221; yra geras pasirinkimas kasdieniam ne\u0161iojimui mieste, kelyje ar gamtoje. BIONIC-FINISH ECO technologija u\u017etikrina vandens ir purvo atst\u016bmim\u0105, ilgiau i\u0161laiko \u0161vie\u017eias spalvas, leid\u017eia audiniui greitai i\u0161d\u017ei\u016bti, taip pat yra palanki aktyviems u\u017esi\u0117mimams, pralaidi orui ir atspari oro s\u0105lygoms. Mezginiai u\u017esegami u\u017etrauktuku, prakti\u0161kos ki\u0161en\u0117s yra \u0161onuose, o rankovi\u0173 ki\u0161en\u0117s turi [&hellip;]<\/p>\n","protected":false},"featured_media":266853,"comment_status":"open","ping_status":"closed","template":"","meta":{"_acf_changed":false},"product_brand":[],"product_cat":[406],"product_tag":[],"class_list":{"0":"post-266852","1":"product","2":"type-product","3":"status-publish","4":"has-post-thumbnail","6":"product_cat-vyriski-ir-berniuku-pavasario-rudens-striukes","7":"product_shipping_class-tarneaeg-1-4-paeva","9":"first","10":"instock","11":"sale","12":"taxable","13":"shipping-taxable","14":"purchasable","15":"product-type-variable","16":"has-default-attributes","17":"add-to-wishlist-after_add_to_cart"},"acf":[],"_links":{"self":[{"href":"https:\/\/tellimused.stiilne.ee\/lt\/wp-json\/wp\/v2\/product\/266852","targetHints":{"allow":["GET"]}}],"collection":[{"href":"https:\/\/tellimused.stiilne.ee\/lt\/wp-json\/wp\/v2\/product"}],"about":[{"href":"https:\/\/tellimused.stiilne.ee\/lt\/wp-json\/wp\/v2\/types\/product"}],"replies":[{"embeddable":true,"href":"https:\/\/tellimused.stiilne.ee\/lt\/wp-json\/wp\/v2\/comments?post=266852"}],"wp:featuredmedia":[{"embeddable":true,"href":"https:\/\/tellimused.stiilne.ee\/lt\/wp-json\/wp\/v2\/media\/266853"}],"wp:attachment":[{"href":"https:\/\/tellimused.stiilne.ee\/lt\/wp-json\/wp\/v2\/media?parent=266852"}],"wp:term":[{"taxonomy":"product_brand","embeddable":true,"href":"https:\/\/tellimused.stiilne.ee\/lt\/wp-json\/wp\/v2\/product_brand?post=266852"},{"taxonomy":"product_cat","embeddable":true,"href":"https:\/\/tellimused.stiilne.ee\/lt\/wp-json\/wp\/v2\/product_cat?post=266852"},{"taxonomy":"product_tag","embeddable":true,"href":"https:\/\/tellimused.stiilne.ee\/lt\/wp-json\/wp\/v2\/product_tag?post=266852"}],"curies":[{"name":"wp","href":"https:\/\/api.w.org\/{rel}","templated":true}]}}