{"id":266882,"date":"2026-03-12T12:34:52","date_gmt":"2026-03-12T10:34:52","guid":{"rendered":"https:\/\/tellimused.stiilne.ee\/toode\/pehmest-sametisest-kangast-yemi-disain-peapael-beez-kohe-laos\/"},"modified":"2026-04-07T11:09:37","modified_gmt":"2026-04-07T08:09:37","slug":"minkstas-aksominis-audinys-yemi-dizainas-galvos-juosta-beez-book-sandelyje","status":"publish","type":"product","link":"https:\/\/tellimused.stiilne.ee\/lt\/produktas\/minkstas-aksominis-audinys-yemi-dizainas-galvos-juosta-beez-book-sandelyje\/","title":{"rendered":"Mink\u0161tas aksominis audinys Yemi Dizainas galvos juosta Beez-BOOK sand\u0117lyje"},"content":{"rendered":"<p>&nbsp;<\/p>\n<p>Galvos apdangalo med\u017eiaga &#8211; mink\u0161tas aksominis audinys<\/p>\n<p>Galvos apdangalas pagamintas rankomis Estijoje i\u0161 ma\u017e\u0173 audinio gabal\u0117li\u0173, likusi\u0173 nuo m\u016bs\u0173 gamybos.<\/p>\n<p>&nbsp;<\/p>\n<p>&nbsp;<\/p>\n<p>&nbsp;<\/p>\n","protected":false},"excerpt":{"rendered":"<p>&nbsp; Galvos apdangalo med\u017eiaga &#8211; mink\u0161tas aksominis audinys Galvos apdangalas pagamintas rankomis Estijoje i\u0161 ma\u017e\u0173 audinio gabal\u0117li\u0173, likusi\u0173 nuo m\u016bs\u0173 gamybos. &nbsp; &nbsp; &nbsp;<\/p>\n","protected":false},"featured_media":266883,"comment_status":"open","ping_status":"closed","template":"","meta":{"_acf_changed":false},"product_brand":[],"product_cat":[444],"product_tag":[],"class_list":{"0":"post-266882","1":"product","2":"type-product","3":"status-publish","4":"has-post-thumbnail","6":"product_cat-yemi-disain-peapaelad","7":"product_shipping_class-tarneaeg-1-4-paeva","9":"first","10":"instock","11":"sale","12":"taxable","13":"shipping-taxable","14":"purchasable","15":"product-type-variable","16":"has-default-attributes","17":"add-to-wishlist-after_add_to_cart"},"acf":[],"_links":{"self":[{"href":"https:\/\/tellimused.stiilne.ee\/lt\/wp-json\/wp\/v2\/product\/266882","targetHints":{"allow":["GET"]}}],"collection":[{"href":"https:\/\/tellimused.stiilne.ee\/lt\/wp-json\/wp\/v2\/product"}],"about":[{"href":"https:\/\/tellimused.stiilne.ee\/lt\/wp-json\/wp\/v2\/types\/product"}],"replies":[{"embeddable":true,"href":"https:\/\/tellimused.stiilne.ee\/lt\/wp-json\/wp\/v2\/comments?post=266882"}],"wp:featuredmedia":[{"embeddable":true,"href":"https:\/\/tellimused.stiilne.ee\/lt\/wp-json\/wp\/v2\/media\/266883"}],"wp:attachment":[{"href":"https:\/\/tellimused.stiilne.ee\/lt\/wp-json\/wp\/v2\/media?parent=266882"}],"wp:term":[{"taxonomy":"product_brand","embeddable":true,"href":"https:\/\/tellimused.stiilne.ee\/lt\/wp-json\/wp\/v2\/product_brand?post=266882"},{"taxonomy":"product_cat","embeddable":true,"href":"https:\/\/tellimused.stiilne.ee\/lt\/wp-json\/wp\/v2\/product_cat?post=266882"},{"taxonomy":"product_tag","embeddable":true,"href":"https:\/\/tellimused.stiilne.ee\/lt\/wp-json\/wp\/v2\/product_tag?post=266882"}],"curies":[{"name":"wp","href":"https:\/\/api.w.org\/{rel}","templated":true}]}}