{"id":266903,"date":"2026-03-12T12:33:09","date_gmt":"2026-03-12T10:33:09","guid":{"rendered":"https:\/\/tellimused.stiilne.ee\/toode\/huppa-meeste-kevad-sugis-parka-marlo-must-40-gr-soojustusega\/"},"modified":"2026-04-07T11:09:34","modified_gmt":"2026-04-07T08:09:34","slug":"huppa-vyriska-pavasario-rudens-striuke-marlo-black-40-g-izoliacija-pristatymo-laikas-1-4-dienos","status":"publish","type":"product","link":"https:\/\/tellimused.stiilne.ee\/lt\/produktas\/huppa-vyriska-pavasario-rudens-striuke-marlo-black-40-g-izoliacija-pristatymo-laikas-1-4-dienos\/","title":{"rendered":"Huppa vyri\u0161ka pavasario-rudens striuk\u0117 Marlo black (40 g izoliacija) &#8211; pristatymo laikas 1-4 dienos"},"content":{"rendered":"<p>&nbsp;<\/p>\n<p>Mink\u0161tas, oro s\u0105lygoms atsparus audinys Pavasario-rudens parka vyrams<\/p>\n<p>&#8222;Huppa&#8221; vyri\u0161ka pavasario-rudens parka &#8222;Marlo&#8221; funkcijos:<\/p>\n<ul>\n<li>v\u0117jo nepraleid\u017eiantis<\/li>\n<li>vanden\u012f atstumianti apdaila<\/li>\n<li>purv\u0105 atstumianti priemon\u0117<\/li>\n<li>greitai d\u017ei\u016bstantis audinys<\/li>\n<li>kv\u0117pavimas<\/li>\n<li>\u0161vies\u0105 atspindin\u010dios detal\u0117s ant rankovi\u0173, priekyje ir nugaroje<\/li>\n<li>su u\u017etrauktuku u\u017esegama priekine ki\u0161ene<\/li>\n<li>5 priekin\u0117s ki\u0161en\u0117s su u\u017eraktais<\/li>\n<li>fiksuotas, reguliuojamas gobtuvas su elastiniu dir\u017eeliu ir kam\u0161\u010diu<\/li>\n<li>u\u017etrauktukas su smakro apsauga<\/li>\n<li>mink\u0161ti \u0161onkauliai ties rankov\u0117mis, neleid\u017eiantys patekti \u0161altam orui.<\/li>\n<li>rankov\u0117s galai reguliuojami pagal rankos ilg\u012f virvele.<\/li>\n<li>\u0161vies\u0105 atspindin\u010dios detal\u0117s saugesniam vairavimui tamsoje<\/li>\n<li>nedidelis tarpas apatiniame kra\u0161te gale<\/li>\n<\/ul>\n<p>Technin\u0117s audinio specifikacijos: 10 000\/10 000 (vandens stulpelio ir atsparumo koeficientas).<\/p>\n<p>Soojustus: 40 g<\/p>\n<p>Med\u017eiaga: 100% poliesteris<\/p>\n<p>Pamu\u0161alas: 100% poliamidas<\/p>\n<p>Numeri\u0173 dydis atitinka standartinius europieti\u0161kus dyd\u017eius &#8211; rekomenduojame rinktis \u012fprast\u0105 dyd\u012f, t. y. t\u0105, kur\u012f da\u017eniausiai ne\u0161iojate vilk\u0117dami \u012fdegio drabu\u017eius ar striukes.NB!Visada pasiliekate teis\u0119 pasikeisti, jei numeris netinka.<\/p>\n<p><strong>&#8222;Huppa Marlo&#8221; vyri\u0161k\u0173 striuki\u0173 dyd\u017eiai S-3XL yra tokie:<\/strong><\/p>\n<p>Kr\u016btin\u0117s apimtis 106, 112, 118, 126, 134, 142, 152 cm<\/p>\n<p>Striuk\u0117s ilgis priekyje ir nugaroje 91\/94, 92\/95, 93\/96, 94\/97, 95\/98, 96\/99, 98\/101 cm<\/p>\n<p>&nbsp;<\/p>\n<p><strong>Nuotraukose pavaizduoto modelio \u016bgis &#8211; 187 cm, jis d\u0117vi L dyd\u017eio striuk\u0119.<\/strong><\/p>\n<p>Stilinga ir patogi vyri\u0161ka neper\u0161lampama ir v\u0117jo nepraleid\u017eianti 40 g ap\u0161iltinta pavasario\/rudens striuk\u0117 su orui pralaid\u017eiu i\u0161oriniu audiniu &#8211; tinka d\u0117v\u0117ti \u012f darb\u0105 ar laisvalaikiui.<\/p>\n<div class=\"product__description\">\n<p>Parke rekomenduojama vaik\u0161\u010dioti baland\u017eio-rugs\u0117jo m\u0117nesiais.<\/p>\n<\/div>\n<div class=\"product__description-icons\">\n<div class=\"product__description-icon\">\n<div class=\"product__description-content\"><\/div>\n<\/div>\n<div class=\"product__description-icon\">\n<div class=\"product__description-content\">\n<p>Huppa men&#8217;s parka Marlo pristatymo laikas 1-4 dienos<\/p>\n<\/div>\n<\/div>\n<\/div>\n","protected":false},"excerpt":{"rendered":"<p>&nbsp; Mink\u0161tas, oro s\u0105lygoms atsparus audinys Pavasario-rudens parka vyrams &#8222;Huppa&#8221; vyri\u0161ka pavasario-rudens parka &#8222;Marlo&#8221; funkcijos: v\u0117jo nepraleid\u017eiantis vanden\u012f atstumianti apdaila purv\u0105 atstumianti priemon\u0117 greitai d\u017ei\u016bstantis audinys kv\u0117pavimas \u0161vies\u0105 atspindin\u010dios detal\u0117s ant rankovi\u0173, priekyje ir nugaroje su u\u017etrauktuku u\u017esegama priekine ki\u0161ene 5 priekin\u0117s ki\u0161en\u0117s su u\u017eraktais fiksuotas, reguliuojamas gobtuvas su elastiniu dir\u017eeliu ir kam\u0161\u010diu u\u017etrauktukas su [&hellip;]<\/p>\n","protected":false},"featured_media":266904,"comment_status":"open","ping_status":"closed","template":"","meta":{"_acf_changed":false},"product_brand":[],"product_cat":[362,407,406,305],"product_tag":[],"class_list":{"0":"post-266903","1":"product","2":"type-product","3":"status-publish","4":"has-post-thumbnail","6":"product_cat-vyrams-2","7":"product_cat-vyriski-drabuziai","8":"product_cat-vyriski-ir-berniuku-pavasario-rudens-striukes","9":"product_cat-vyriski-pavasario-ir-rudens-svarkai","10":"product_shipping_class-tarneaeg-1-4-paeva","12":"first","13":"instock","14":"sale","15":"taxable","16":"shipping-taxable","17":"purchasable","18":"product-type-variable","19":"has-default-attributes","20":"add-to-wishlist-after_add_to_cart"},"acf":[],"_links":{"self":[{"href":"https:\/\/tellimused.stiilne.ee\/lt\/wp-json\/wp\/v2\/product\/266903","targetHints":{"allow":["GET"]}}],"collection":[{"href":"https:\/\/tellimused.stiilne.ee\/lt\/wp-json\/wp\/v2\/product"}],"about":[{"href":"https:\/\/tellimused.stiilne.ee\/lt\/wp-json\/wp\/v2\/types\/product"}],"replies":[{"embeddable":true,"href":"https:\/\/tellimused.stiilne.ee\/lt\/wp-json\/wp\/v2\/comments?post=266903"}],"wp:featuredmedia":[{"embeddable":true,"href":"https:\/\/tellimused.stiilne.ee\/lt\/wp-json\/wp\/v2\/media\/266904"}],"wp:attachment":[{"href":"https:\/\/tellimused.stiilne.ee\/lt\/wp-json\/wp\/v2\/media?parent=266903"}],"wp:term":[{"taxonomy":"product_brand","embeddable":true,"href":"https:\/\/tellimused.stiilne.ee\/lt\/wp-json\/wp\/v2\/product_brand?post=266903"},{"taxonomy":"product_cat","embeddable":true,"href":"https:\/\/tellimused.stiilne.ee\/lt\/wp-json\/wp\/v2\/product_cat?post=266903"},{"taxonomy":"product_tag","embeddable":true,"href":"https:\/\/tellimused.stiilne.ee\/lt\/wp-json\/wp\/v2\/product_tag?post=266903"}],"curies":[{"name":"wp","href":"https:\/\/api.w.org\/{rel}","templated":true}]}}