{"id":266941,"date":"2026-03-12T12:27:44","date_gmt":"2026-03-12T10:27:44","guid":{"rendered":"https:\/\/tellimused.stiilne.ee\/toode\/huppa-meeste-kevad-sugis-jope-dustin-metsaroheline-40-grammise-soojustusega-tarneaeg-1-4-paeva\/"},"modified":"2026-04-07T11:09:34","modified_gmt":"2026-04-07T08:09:34","slug":"huppa-vyriska-pavasario-rudens-striuke-dustin-forest-green-40-g-izoliacijos-pristatymo-laikas-1-4-dienos","status":"publish","type":"product","link":"https:\/\/tellimused.stiilne.ee\/lt\/produktas\/huppa-vyriska-pavasario-rudens-striuke-dustin-forest-green-40-g-izoliacijos-pristatymo-laikas-1-4-dienos\/","title":{"rendered":"Huppa vyri\u0161ka pavasario-rudens striuk\u0117 Dustin forest green (40 g izoliacijos) &#8211; pristatymo laikas 1-4 dienos"},"content":{"rendered":"<p>&nbsp;<\/p>\n<div class=\"product__description\">\n<p>Vyri\u0161ka vandeniui ir v\u0117jui atspari 40 g ap\u0161iltinta pavasario ir rudens striuk\u0117. Kv\u0117puojantis i\u0161orinis audinys. Parka viduje mink\u0161tas pamu\u0161alo audinys. Reguliuojamas gobtuvas ir rankovi\u0173 galai. Briaunuoti rankogaliai. U\u017eklijuotos si\u016bl\u0117s. Atspindin\u010dios detal\u0117s ant vir\u0161utinio audinio. parka u\u017esegama priekyje sagtimi ir u\u017esegimais.      <\/p>\n<p>Parke rekomenduojama vaik\u0161\u010dioti baland\u017eio-rugs\u0117jo m\u0117nesiais.<\/p>\n<p>&#8222;Huppa Dustin&#8221; vyri\u0161ka pavasario-rudens striuk\u0117 &#8222;Huppa Dustin&#8221; vyri\u0161ka pavasario-rudens striuk\u0117:<\/p>\n<ul>\n<li>100% atsparus v\u0117jui ir vandeniui<\/li>\n<li>Visos si\u016bl\u0117s u\u017eklijuotos, kad b\u016bt\u0173 u\u017etikrinta hidroizoliacija<\/li>\n<li>Reguliuojamas gaubtas<\/li>\n<li>Reguliuojami rankovi\u0173 rankogaliai<\/li>\n<li>Vilnonis pamu\u0161alas<\/li>\n<li>\u0160onin\u0117s ki\u0161en\u0117s<\/li>\n<li>Kr\u016btin\u0117s ki\u0161en\u0117s<\/li>\n<li>Dviej\u0173 kryp\u010di\u0173 priekinis u\u017eraktas su dangteliais ir krautuvais<\/li>\n<li>Atspindin\u010dios detal\u0117sMed\u017eiaga: 100 % poliesteris, izoliacija 40 g\/m\u00b2, pralaidumas orui 10 000 g\/m\u00b2, atsparumas vandeniui 10 000 mm.<\/li>\n<\/ul>\n<\/div>\n<div class=\"product__description-icons\">\n<div class=\"product__description-icon\">\n<div class=\"product__description-content\"><\/div>\n<\/div>\n<div class=\"product__description-icon\">\n<div class=\"product__description-content\">\n<p class=\"product_description-icon-value\"><strong>&#8222;Dustin&#8221; vyri\u0161k\u0173 striuki\u0173 dyd\u017eiai S-3XL yra tokie:<\/strong><\/p>\n<\/div>\n<\/div>\n<div class=\"product__description-icon\">\n<div class=\"product__description-content\">\n<p>Kr\u016btin\u0117s apimtis 110, 116, 122, 130, 138, 146 cm<\/p>\n<p>Plotis ties pe\u010diais 47,5, 49, 51, 53, 55, 57 cm<\/p>\n<p>Rankov\u0117s ilgis 66, 67, 68, 69, 70, 71 cm<\/p>\n<p>Huppa vyri\u0161ka parka Dustin pristatymo laikas 1-4 dienos<\/p>\n<\/div>\n<\/div>\n<\/div>\n","protected":false},"excerpt":{"rendered":"<p>&nbsp; Vyri\u0161ka vandeniui ir v\u0117jui atspari 40 g ap\u0161iltinta pavasario ir rudens striuk\u0117. Kv\u0117puojantis i\u0161orinis audinys. Parka viduje mink\u0161tas pamu\u0161alo audinys. Reguliuojamas gobtuvas ir rankovi\u0173 galai. Briaunuoti rankogaliai. U\u017eklijuotos si\u016bl\u0117s. Atspindin\u010dios detal\u0117s ant vir\u0161utinio audinio. parka u\u017esegama priekyje sagtimi ir u\u017esegimais. Parke rekomenduojama vaik\u0161\u010dioti baland\u017eio-rugs\u0117jo m\u0117nesiais. &#8222;Huppa Dustin&#8221; vyri\u0161ka pavasario-rudens striuk\u0117 &#8222;Huppa Dustin&#8221; vyri\u0161ka pavasario-rudens [&hellip;]<\/p>\n","protected":false},"featured_media":266942,"comment_status":"open","ping_status":"closed","template":"","meta":{"_acf_changed":false},"product_brand":[],"product_cat":[362,407,406],"product_tag":[],"class_list":{"0":"post-266941","1":"product","2":"type-product","3":"status-publish","4":"has-post-thumbnail","6":"product_cat-vyrams-2","7":"product_cat-vyriski-drabuziai","8":"product_cat-vyriski-ir-berniuku-pavasario-rudens-striukes","9":"product_shipping_class-tarneaeg-1-4-paeva","11":"first","12":"instock","13":"sale","14":"taxable","15":"shipping-taxable","16":"purchasable","17":"product-type-variable","18":"has-default-attributes","19":"add-to-wishlist-after_add_to_cart"},"acf":[],"_links":{"self":[{"href":"https:\/\/tellimused.stiilne.ee\/lt\/wp-json\/wp\/v2\/product\/266941","targetHints":{"allow":["GET"]}}],"collection":[{"href":"https:\/\/tellimused.stiilne.ee\/lt\/wp-json\/wp\/v2\/product"}],"about":[{"href":"https:\/\/tellimused.stiilne.ee\/lt\/wp-json\/wp\/v2\/types\/product"}],"replies":[{"embeddable":true,"href":"https:\/\/tellimused.stiilne.ee\/lt\/wp-json\/wp\/v2\/comments?post=266941"}],"wp:featuredmedia":[{"embeddable":true,"href":"https:\/\/tellimused.stiilne.ee\/lt\/wp-json\/wp\/v2\/media\/266942"}],"wp:attachment":[{"href":"https:\/\/tellimused.stiilne.ee\/lt\/wp-json\/wp\/v2\/media?parent=266941"}],"wp:term":[{"taxonomy":"product_brand","embeddable":true,"href":"https:\/\/tellimused.stiilne.ee\/lt\/wp-json\/wp\/v2\/product_brand?post=266941"},{"taxonomy":"product_cat","embeddable":true,"href":"https:\/\/tellimused.stiilne.ee\/lt\/wp-json\/wp\/v2\/product_cat?post=266941"},{"taxonomy":"product_tag","embeddable":true,"href":"https:\/\/tellimused.stiilne.ee\/lt\/wp-json\/wp\/v2\/product_tag?post=266941"}],"curies":[{"name":"wp","href":"https:\/\/api.w.org\/{rel}","templated":true}]}}