{"id":266949,"date":"2026-03-12T12:27:43","date_gmt":"2026-03-12T10:27:43","guid":{"rendered":"https:\/\/tellimused.stiilne.ee\/toode\/tiina-mutsid-puuvillasest-longast-kasitoo-muts-tumehall-kohe-laos\/"},"modified":"2026-04-07T11:09:32","modified_gmt":"2026-04-07T08:09:32","slug":"tiina-mutsid-ranku-darbo-kepure-is-medvilniniu-siulu-tamsiai-pilka-naudojama","status":"publish","type":"product","link":"https:\/\/tellimused.stiilne.ee\/lt\/produktas\/tiina-mutsid-ranku-darbo-kepure-is-medvilniniu-siulu-tamsiai-pilka-naudojama\/","title":{"rendered":"TIINA M\u00dcTSID rank\u0173 darbo kepur\u0117 i\u0161 medvilnini\u0173 si\u016bl\u0173 tamsiai pilka &#8211; NAUDOJAMA"},"content":{"rendered":"<p>&nbsp;<\/p>\n<p>\u0160i\u0105 stiling\u0105, i\u0161 mink\u0161t\u0173 medvilnini\u0173 si\u016bl\u0173 Estijoje rank\u0173 darbo kepur\u0119 galima d\u0117v\u0117ti visus metus ruden\u012f, \u017eiem\u0105, pavasar\u012f, o \u0161altesniu oru &#8211; ir vasar\u0105<\/p>\n<p>Kepur\u0117 pagaminta i\u0161 mink\u0161t\u0173 medvilnini\u0173 si\u016bl\u0173 &#8211; nuo jos neprakaituosite ir neskaud\u0117s, bet galva bus \u0161ilta<\/p>\n<p>Kepur\u0117 yra sand\u0117lyje &#8211; pristatymo laikas 1-4 dienos<\/p>\n<p>Ji tinka ir tiems, kurie sako, kad man jokia kepur\u0117 netinka ir a\u0161 niekada nene\u0161ioju kepuri\u0173.<\/p>\n<p>&nbsp;<\/p>\n","protected":false},"excerpt":{"rendered":"<p>&nbsp; \u0160i\u0105 stiling\u0105, i\u0161 mink\u0161t\u0173 medvilnini\u0173 si\u016bl\u0173 Estijoje rank\u0173 darbo kepur\u0119 galima d\u0117v\u0117ti visus metus ruden\u012f, \u017eiem\u0105, pavasar\u012f, o \u0161altesniu oru &#8211; ir vasar\u0105 Kepur\u0117 pagaminta i\u0161 mink\u0161t\u0173 medvilnini\u0173 si\u016bl\u0173 &#8211; nuo jos neprakaituosite ir neskaud\u0117s, bet galva bus \u0161ilta Kepur\u0117 yra sand\u0117lyje &#8211; pristatymo laikas 1-4 dienos Ji tinka ir tiems, kurie sako, kad [&hellip;]<\/p>\n","protected":false},"featured_media":266950,"comment_status":"open","ping_status":"closed","template":"","meta":{"_acf_changed":false},"product_brand":[],"product_cat":[264],"product_tag":[],"class_list":{"0":"post-266949","1":"product","2":"type-product","3":"status-publish","4":"has-post-thumbnail","6":"product_cat-kepures-pirstines-salikai","7":"product_shipping_class-tarneaeg-1-4-paeva","9":"first","10":"instock","11":"taxable","12":"shipping-taxable","13":"purchasable","14":"product-type-variable","15":"has-default-attributes","16":"add-to-wishlist-after_add_to_cart"},"acf":[],"_links":{"self":[{"href":"https:\/\/tellimused.stiilne.ee\/lt\/wp-json\/wp\/v2\/product\/266949","targetHints":{"allow":["GET"]}}],"collection":[{"href":"https:\/\/tellimused.stiilne.ee\/lt\/wp-json\/wp\/v2\/product"}],"about":[{"href":"https:\/\/tellimused.stiilne.ee\/lt\/wp-json\/wp\/v2\/types\/product"}],"replies":[{"embeddable":true,"href":"https:\/\/tellimused.stiilne.ee\/lt\/wp-json\/wp\/v2\/comments?post=266949"}],"wp:featuredmedia":[{"embeddable":true,"href":"https:\/\/tellimused.stiilne.ee\/lt\/wp-json\/wp\/v2\/media\/266950"}],"wp:attachment":[{"href":"https:\/\/tellimused.stiilne.ee\/lt\/wp-json\/wp\/v2\/media?parent=266949"}],"wp:term":[{"taxonomy":"product_brand","embeddable":true,"href":"https:\/\/tellimused.stiilne.ee\/lt\/wp-json\/wp\/v2\/product_brand?post=266949"},{"taxonomy":"product_cat","embeddable":true,"href":"https:\/\/tellimused.stiilne.ee\/lt\/wp-json\/wp\/v2\/product_cat?post=266949"},{"taxonomy":"product_tag","embeddable":true,"href":"https:\/\/tellimused.stiilne.ee\/lt\/wp-json\/wp\/v2\/product_tag?post=266949"}],"curies":[{"name":"wp","href":"https:\/\/api.w.org\/{rel}","templated":true}]}}