{"id":266957,"date":"2026-03-12T12:27:17","date_gmt":"2026-03-12T10:27:17","guid":{"rendered":"https:\/\/tellimused.stiilne.ee\/toode\/five-seasons-pikem-must-naiste-kevad-sugis-parka-traciilma-soojustuseta-kohe-laos-super-hind\/"},"modified":"2026-04-07T11:09:32","modified_gmt":"2026-04-07T08:09:32","slug":"five-seasons-ilga-juoda-moteriska-pavasario-rudens-striuke-tracibe-apsiltinimo-naujai-isparduoti-maziau-kainos","status":"publish","type":"product","link":"https:\/\/tellimused.stiilne.ee\/lt\/produktas\/five-seasons-ilga-juoda-moteriska-pavasario-rudens-striuke-tracibe-apsiltinimo-naujai-isparduoti-maziau-kainos\/","title":{"rendered":"FIVE SEASONS ilga juoda moteri\u0161ka pavasario-rudens striuk\u0117 Traci(be ap\u0161iltinimo)- NAUJAI I\u0160PARDUOTI &#8211; MA\u017dIAU KAINOS"},"content":{"rendered":"<p>&nbsp;<\/p>\n<p>Stilinga &#8222;Five Seasons&#8221; pavasario-rudens moteri\u0161ka paprasto kirpimo striuk\u0117 pavasariui, vasarai ir rudeniui.<\/p>\n<p>Rekomenduojama d\u0117v\u0117ti baland\u017eio-rugs\u0117jo m\u0117nesiais.<\/p>\n<p>Klasikin\u0117 &#8222;Five Seasons&#8221; moteri\u0161ka striuk\u0117 &#8222;Traci parka&#8221; yra paprastas ir patogus pasirinkimas pavasario-rudens sezonui.<\/p>\n<p>&#8222;BIONIC-FINISH ECO&#8221; technologija nepraleid\u017eia vandens ir purvo, ilgiau i\u0161laiko gaivias spalvas, leid\u017eia audiniui greitai i\u0161d\u017ei\u016bti, gerai atlaiko aktyv\u0173 d\u0117v\u0117jim\u0105, yra pralaidus orui, atsparus oro s\u0105lygoms ir skalbimui. Gaminio si\u016bl\u0117s yra u\u017eklijuotos, kad b\u016bt\u0173 apribotas dr\u0117gm\u0117s skverbimasis ir u\u017etikrintas atsparumas v\u0117jui. Vandens nepralaidumas yra 5000 mm, o pralaidumas orui &#8211; 3000 g\/m2\/24 val. Striuk\u0117 u\u017esegama paprastu u\u017etrauktuku. Gobtuv\u0105 taip pat galima reguliuoti \u012ftempimo guma ir kam\u0161\u010diais. Striuk\u0117s priekyje yra 2 u\u017etrauktuku u\u017esegamos ki\u0161en\u0117s smulkesniems daiktams laikyti. Ant rankovi\u0173 yra du striuk\u0117s u\u017esegimai, kad geriau priglust\u0173. ant kr\u016btin\u0117s ir nugaros yra firminiai &#8222;Five Seasons&#8221; prek\u0117s \u017eenklo dekoratyviniai logotipai.      <\/p>\n<p>Striuk\u0117s med\u017eiaga: apvalkalas, pamu\u0161alas &#8211; 100% poliesteris.<\/p>\n<p><strong>Five Seasons Traci parka dyd\u017eiai (eil\u0117s tvarka) 36, 38, 40, 42, 44, 46, 48, 50 yra tokie:<\/strong><\/p>\n<p>Kr\u016btin\u0117s apimtis 96(S-36), 102(M-38), 104(L-40), 110(XL-42), 116(XXL-44), 120(3XL-46), 126(48) , 132(50) cm dydis.<\/p>\n<p>Klub\u0173 apimtis po ki\u0161en\u0117mis cm 96, 104, 110, 114, 116, 124, 128, 134 cm<\/p>\n<p>Striuk\u0117s matmenys: 80\/87, 82\/89, 83\/89, 84\/92, 86\/94, 87\/95, 86\/94, 87\/96 cm priekyje ir nugaroje.<\/p>\n<p>Pe\u010di\u0173 plotis 39, 42, 42, 43, 45, 46, 48, 49 cm<\/p>\n<p>I\u0161orinis rankov\u0117s ilgis 64, 64, 64, 64, 65, 65, 65, 65, 65, 65, 65 cm<\/p>\n<p>&#8222;Five Seasons Traci&#8221; moteri\u0161ka striuk\u0117 tinka pagal dyd\u012f &#8211; rekomenduojame rinktis \u012fprast\u0105 dyd\u012f, t. y. t\u0105, kur\u012f da\u017eniausiai ne\u0161iojate.<\/p>\n<p>Parka yra sand\u0117lyje &#8211; pristatymas per kelias dienas.<\/p>\n<p>U\u017esakymai, pateikti darbo dien\u0105 prie\u0161 nuorod\u0105, bus i\u0161si\u0173sti t\u0105 pa\u010di\u0105 dien\u0105.<\/p>\n<p>Gra\u017eus lengvas ir moteri\u0161kas ilgas \u0161varkas pavasario-rudens sezonui.<\/p>\n<p>&nbsp;<\/p>\n","protected":false},"excerpt":{"rendered":"<p>&nbsp; Stilinga &#8222;Five Seasons&#8221; pavasario-rudens moteri\u0161ka paprasto kirpimo striuk\u0117 pavasariui, vasarai ir rudeniui. Rekomenduojama d\u0117v\u0117ti baland\u017eio-rugs\u0117jo m\u0117nesiais. Klasikin\u0117 &#8222;Five Seasons&#8221; moteri\u0161ka striuk\u0117 &#8222;Traci parka&#8221; yra paprastas ir patogus pasirinkimas pavasario-rudens sezonui. &#8222;BIONIC-FINISH ECO&#8221; technologija nepraleid\u017eia vandens ir purvo, ilgiau i\u0161laiko gaivias spalvas, leid\u017eia audiniui greitai i\u0161d\u017ei\u016bti, gerai atlaiko aktyv\u0173 d\u0117v\u0117jim\u0105, yra pralaidus orui, atsparus oro [&hellip;]<\/p>\n","protected":false},"featured_media":266958,"comment_status":"open","ping_status":"closed","template":"","meta":{"_acf_changed":false},"product_brand":[],"product_cat":[270],"product_tag":[],"class_list":{"0":"post-266957","1":"product","2":"type-product","3":"status-publish","4":"has-post-thumbnail","6":"product_cat-pavasario-ir-rudens-striukes-bei-svarkai","7":"product_shipping_class-tarneaeg-1-4-paeva","9":"first","10":"instock","11":"sale","12":"taxable","13":"shipping-taxable","14":"purchasable","15":"product-type-variable","16":"has-default-attributes","17":"add-to-wishlist-after_add_to_cart"},"acf":[],"_links":{"self":[{"href":"https:\/\/tellimused.stiilne.ee\/lt\/wp-json\/wp\/v2\/product\/266957","targetHints":{"allow":["GET"]}}],"collection":[{"href":"https:\/\/tellimused.stiilne.ee\/lt\/wp-json\/wp\/v2\/product"}],"about":[{"href":"https:\/\/tellimused.stiilne.ee\/lt\/wp-json\/wp\/v2\/types\/product"}],"replies":[{"embeddable":true,"href":"https:\/\/tellimused.stiilne.ee\/lt\/wp-json\/wp\/v2\/comments?post=266957"}],"wp:featuredmedia":[{"embeddable":true,"href":"https:\/\/tellimused.stiilne.ee\/lt\/wp-json\/wp\/v2\/media\/266958"}],"wp:attachment":[{"href":"https:\/\/tellimused.stiilne.ee\/lt\/wp-json\/wp\/v2\/media?parent=266957"}],"wp:term":[{"taxonomy":"product_brand","embeddable":true,"href":"https:\/\/tellimused.stiilne.ee\/lt\/wp-json\/wp\/v2\/product_brand?post=266957"},{"taxonomy":"product_cat","embeddable":true,"href":"https:\/\/tellimused.stiilne.ee\/lt\/wp-json\/wp\/v2\/product_cat?post=266957"},{"taxonomy":"product_tag","embeddable":true,"href":"https:\/\/tellimused.stiilne.ee\/lt\/wp-json\/wp\/v2\/product_tag?post=266957"}],"curies":[{"name":"wp","href":"https:\/\/api.w.org\/{rel}","templated":true}]}}