{"id":266987,"date":"2026-03-12T12:24:50","date_gmt":"2026-03-12T10:24:50","guid":{"rendered":"https:\/\/tellimused.stiilne.ee\/toode\/five-seasons-mahe-hallikas-roheline-naiste-kevad-sugis-jope-caleailma-soojustuseta-kohe-laos-viimased-super-hind\/"},"modified":"2026-04-07T11:09:32","modified_gmt":"2026-04-07T08:09:32","slug":"five-seasons-svelni-pilksvai-zalia-moteriska-pavasario-rudens-striuke-calea-be-apsiltinimo-naudojamos-sezonu-sandelyje-didele-kaina","status":"publish","type":"product","link":"https:\/\/tellimused.stiilne.ee\/lt\/produktas\/five-seasons-svelni-pilksvai-zalia-moteriska-pavasario-rudens-striuke-calea-be-apsiltinimo-naudojamos-sezonu-sandelyje-didele-kaina\/","title":{"rendered":"FIVE SEASONS \u0161velni pilk\u0161vai \u017ealia moteri\u0161ka pavasario-rudens striuk\u0117 Calea (be ap\u0161iltinimo) &#8211; NAUDOJAMOS SEZON\u0172 sand\u0117lyje &#8211; DIDEL\u0116 KAINA"},"content":{"rendered":"<p>&nbsp;<\/p>\n<p>Stilinga &#8222;Five Seasons&#8221; moteri\u0161ka pavasario\/rudens striuk\u0117 pavasariui, vasarai ir rudeniui &#8211; puikiai tinka \u017eygiams ir sportui lauke.<\/p>\n<p>Rekomenduojama d\u0117v\u0117ti baland\u017eio-rugs\u0117jo m\u0117nesiais.<\/p>\n<p>Klasikin\u0117 &#8222;Five Seasons&#8221; moteri\u0161ka parka &#8222;Calea&#8221; &#8211; paprastas ir patogus pasirinkimas pavasario-rudens sezonui.<\/p>\n<p>&#8222;BIONIC-FINISH ECO&#8221; technologija nepraleid\u017eia vandens ir purvo, ilgiau i\u0161laiko gaivias spalvas, leid\u017eia audiniui greitai i\u0161d\u017ei\u016bti, gerai atlaiko aktyv\u0173 d\u0117v\u0117jim\u0105, yra pralaidus orui, atsparus oro s\u0105lygoms ir skalbimui. Gaminio si\u016bl\u0117s yra u\u017eklijuotos, kad b\u016bt\u0173 apribotas dr\u0117gm\u0117s skverbimasis ir u\u017etikrintas atsparumas v\u0117jui. Vandens nepralaidumas yra 5000 mm, o pralaidumas orui &#8211; 3000 g\/m2\/24 val. Striuk\u0117 u\u017esegama paprastu u\u017etrauktuku. Gobtuv\u0105 taip pat galima reguliuoti \u012ftempimo guma ir kam\u0161\u010diais. Striuk\u0117s priekyje yra 2 u\u017etrauktuku u\u017esegamos ki\u0161en\u0117s smulkesniems daiktams laikyti. Ant rankovi\u0173 yra du striuk\u0117s u\u017esegimai, kad geriau priglust\u0173. ant kr\u016btin\u0117s ir nugaros yra firminiai &#8222;Five Seasons&#8221; logotipai.      <\/p>\n<p>&#8222;Five Seasons Calea&#8221; striuk\u0117s ypatyb\u0117s:<\/p>\n<ul>\n<li>Gra\u017ei moteri\u0161ka i\u0161vaizda<\/li>\n<li>Klasikinis veikimo re\u017eimas<\/li>\n<li>Galinis ap\u0161vietimas<\/li>\n<li>Vandeniui ir v\u0117jui atsparus apvalkalas<\/li>\n<li>Oro s\u0105lygoms atsparios u\u017eklijuotos si\u016bl\u0117s<\/li>\n<li>Kv\u0117puojantis tinklinis pamu\u0161alas<\/li>\n<li>Auk\u0161ta smakro apykakl\u0117<\/li>\n<li>Reguliuojamas gaubtas, kur\u012f prireikus galima nuimti<\/li>\n<li>Spustel\u0117kite reguliuojamus rankovi\u0173 galus<\/li>\n<li>Virve reguliuojama apatin\u0117 kojos dalis<\/li>\n<li>\u0160onin\u0117s ki\u0161en\u0117s su u\u017etrauktuku ir viena galin\u0117 ki\u0161en\u0117<\/li>\n<li>Aplinkai nekenksminga BIONIC-FINISH\u00ae ECO apdaila<\/li>\n<li>Q.B TEX 10.000 technologija<\/li>\n<li>Atsparumas vandeniui: 10K = 10 000 mm. Kv\u0117puojamumas: 8 000 g\/m\u00b2\/24 val. <\/li>\n<li>Med\u017eiaga: 92 % poliesteris, 8 % elastanas.<\/li>\n<\/ul>\n<p><strong>Five Seasons Calea parka dyd\u017eiai (eil\u0117s tvarka) 36, 38, 40, 42, 44, 46, 48, 50 yra tokie:<\/strong><\/p>\n<p>Kr\u016btin\u0117s apimtis 96, 102, 104, 110, 116, 120, 122, 132 cm<\/p>\n<p>Klub\u0173 apimtis po ki\u0161en\u0117mis<\/p>\n<p>Parko ilgis, matuojant nuo peties, yra 62, 63, 63, 63, 64, 66, 66, 66, 67, 68 cm.<\/p>\n<p>Pe\u010di\u0173 plotis 39, 39, 39, 39, 41, 44, 44, 44, 45, 47 cm<\/p>\n<p>I\u0161orinis rankov\u0117s ilgis 62, 62, 62, 62, 63, 64, 65, 65, 65, 66 cm<\/p>\n<p><strong>Skai\u010diai atitinka standartinius Europos dyd\u017eius &#8211; rekomenduojame rinktis savo \u012fprast\u0105 dyd\u012f, t. y. dyd\u012f, kur\u012f da\u017eniausiai ne\u0161iojate vilk\u0117dami striukes su gobtuvais<\/strong>.<\/p>\n<p>D\u0116MESIO!Jei numeris nesutampa, visada i\u0161saugote teis\u0119 pakeisti siunt\u0105 &#8211; keitimas yra nemokamas, jei nurodomas DPD keitimo kodas.<\/p>\n<p>Five Seasons Calea moteri\u0161ka pavasario-rudens striuk\u0117 dabar yra sand\u0117lyje &#8211; pristatymas per kelias dienas<\/p>\n<p>U\u017esakymai, pateikti darbo dien\u0105 prie\u0161 nuorod\u0105, bus i\u0161si\u0173sti t\u0105 pa\u010di\u0105 dien\u0105.<\/p>\n<p>Gra\u017eus lengvas ir moteri\u0161kas trumpesnis \u0161varkelis pavasario-rudens sezonui.<\/p>\n<p><strong>U\u017esakymai telefonu tur\u0117t\u0173 b\u016bti siun\u010diami numeriu 51 45 245 &#8211; \u0161iuo atveju mok\u0117jimas turi b\u016bti atliktas pristatant \u012f siunt\u0173 automat\u0105.<\/strong><\/p>\n<p>&nbsp;<\/p>\n","protected":false},"excerpt":{"rendered":"<p>&nbsp; Stilinga &#8222;Five Seasons&#8221; moteri\u0161ka pavasario\/rudens striuk\u0117 pavasariui, vasarai ir rudeniui &#8211; puikiai tinka \u017eygiams ir sportui lauke. Rekomenduojama d\u0117v\u0117ti baland\u017eio-rugs\u0117jo m\u0117nesiais. Klasikin\u0117 &#8222;Five Seasons&#8221; moteri\u0161ka parka &#8222;Calea&#8221; &#8211; paprastas ir patogus pasirinkimas pavasario-rudens sezonui. &#8222;BIONIC-FINISH ECO&#8221; technologija nepraleid\u017eia vandens ir purvo, ilgiau i\u0161laiko gaivias spalvas, leid\u017eia audiniui greitai i\u0161d\u017ei\u016bti, gerai atlaiko aktyv\u0173 d\u0117v\u0117jim\u0105, yra [&hellip;]<\/p>\n","protected":false},"featured_media":266988,"comment_status":"open","ping_status":"closed","template":"","meta":{"_acf_changed":false},"product_brand":[],"product_cat":[270],"product_tag":[],"class_list":{"0":"post-266987","1":"product","2":"type-product","3":"status-publish","4":"has-post-thumbnail","6":"product_cat-pavasario-ir-rudens-striukes-bei-svarkai","7":"product_shipping_class-tarneaeg-1-4-paeva","9":"first","10":"instock","11":"taxable","12":"shipping-taxable","13":"product-type-variable","14":"has-default-attributes","15":"add-to-wishlist-after_add_to_cart"},"acf":[],"_links":{"self":[{"href":"https:\/\/tellimused.stiilne.ee\/lt\/wp-json\/wp\/v2\/product\/266987","targetHints":{"allow":["GET"]}}],"collection":[{"href":"https:\/\/tellimused.stiilne.ee\/lt\/wp-json\/wp\/v2\/product"}],"about":[{"href":"https:\/\/tellimused.stiilne.ee\/lt\/wp-json\/wp\/v2\/types\/product"}],"replies":[{"embeddable":true,"href":"https:\/\/tellimused.stiilne.ee\/lt\/wp-json\/wp\/v2\/comments?post=266987"}],"wp:featuredmedia":[{"embeddable":true,"href":"https:\/\/tellimused.stiilne.ee\/lt\/wp-json\/wp\/v2\/media\/266988"}],"wp:attachment":[{"href":"https:\/\/tellimused.stiilne.ee\/lt\/wp-json\/wp\/v2\/media?parent=266987"}],"wp:term":[{"taxonomy":"product_brand","embeddable":true,"href":"https:\/\/tellimused.stiilne.ee\/lt\/wp-json\/wp\/v2\/product_brand?post=266987"},{"taxonomy":"product_cat","embeddable":true,"href":"https:\/\/tellimused.stiilne.ee\/lt\/wp-json\/wp\/v2\/product_cat?post=266987"},{"taxonomy":"product_tag","embeddable":true,"href":"https:\/\/tellimused.stiilne.ee\/lt\/wp-json\/wp\/v2\/product_tag?post=266987"}],"curies":[{"name":"wp","href":"https:\/\/api.w.org\/{rel}","templated":true}]}}