{"id":267029,"date":"2026-03-12T12:21:31","date_gmt":"2026-03-12T10:21:31","guid":{"rendered":"https:\/\/tellimused.stiilne.ee\/toode\/armas-tumesinine-pusa-roosid-kohe-laos-viimased-s36-suuruses-hea-hind\/"},"modified":"2026-04-07T11:09:29","modified_gmt":"2026-04-07T08:09:29","slug":"miela-tamsiai-melyna-palaidinuke-roses-naujiena-skaidyje-s36-didele-kaina","status":"publish","type":"product","link":"https:\/\/tellimused.stiilne.ee\/lt\/produktas\/miela-tamsiai-melyna-palaidinuke-roses-naujiena-skaidyje-s36-didele-kaina\/","title":{"rendered":"Miela tamsiai m\u0117lyna palaidinuk\u0117 &#8222;Roses&#8221; &#8211; NAUJIENA SKAIDYJE S(36) &#8211; DIDEL\u0116 KAINA"},"content":{"rendered":"<p>&nbsp;<\/p>\n<p><a href=\"https:\/\/www.stiilne.ee\/wp-content\/uploads\/2021\/12\/YEMI-pusa-m%C3%B5%C3%B5dutabel.pdf\">YEMI palaidini\u0173 matavimo lentel\u0117<\/a><\/p>\n<p style=\"font-weight: 400;\"><strong>&#8222;Yemi Design&#8221; palaidini\u0173 ir palaidini\u0173 sukneli\u0173 savyb\u0117s<\/strong><\/p>\n<p style=\"font-weight: 400;\">* Patog\u016bs &#8211; gali b\u016bti d\u0117vimi visais keturiais Estijos klimato sezonais.<\/p>\n<p style=\"font-weight: 400;\">* Mink\u0161ti ir saug\u016bs odai &#8211; naudojame tik &#8222;Oeko-Tex 100&#8221; sertifikuotus medvilninius audinius, kurie tinka ir alergi\u0161kiems \u017emon\u0117ms.<\/p>\n<p style=\"font-weight: 400;\">* Prakti\u0161ka &#8211; d\u0117v\u0117ti darbe ar laisvalaikiu<\/p>\n<p style=\"font-weight: 400;\">* \u0160alies viduje &#8211; visos palaidin\u0117s ir palaidini\u0173 suknel\u0117s kuriamos ir siuvamos rankomis Estijoje.<\/p>\n<p><strong>Pristatymo laikas Yemi Design s\u0117dmen\u0173 \/ krep\u0161io suknel\u0117s<\/strong><\/p>\n<p>* U\u017esakymai, pateikti likus vienai ar dviem dienoms iki galutinio termino pabaigos, bus i\u0161si\u0173sti t\u0105 pa\u010di\u0105 dien\u0105.<\/p>\n<p>* Iki 15 dien\u0173 u\u017esakytiems dyd\u017eiams &#8211; paprastai pristatoma grei\u010diau.<\/p>\n<p><strong>Yemi Dizainas palaidini\u0173 \/ palaidini\u0173 sukneli\u0173 med\u017eiaga<\/strong><\/p>\n<p>* 95 % medviln\u0117s ir 5 % elastano<\/p>\n<p>* 100% Oeko-Tex sertifikuoti audiniai<\/p>\n<p>Mink\u0161ta palaidin\u0117 i\u0161 \u0161velnaus, odai malonaus audinio greitai taps j\u016bs\u0173 naujuoju m\u0117gstamiausiu drabu\u017eiu, nes j\u0105 lengva ir patogu d\u0117v\u0117ti tiek darbe, tiek pramogaujant.<\/p>\n<p>I\u0161sirinkite m\u0117gstam\u0105 ra\u0161tuot\u0105 palaidin\u0119 ir derinkite j\u0105 su keln\u0117mis arba vienspalviu sijonu, kad naujoji diena b\u016bt\u0173 patogi ir stilinga.<\/p>\n<p>\u0160i rank\u0173 darbo palaidin\u0117, pagaminta Estijoje i\u0161 medvilninio audinio, yra gra\u017ei dovana sau arba savo geriausiai draugei, mamai, sesei, dukrai ar tetai.Nesijaudinkite, jei nesate tikri, ar u\u017esakytas dydis yra tinkamas, nes v\u0117liau gal\u0117site j\u0105 pasikeisti \u012f tinkamesn\u0119, jei pasirodys, kad ji yra per ma\u017ea \/ per ma\u017ea.<\/p>\n<p>Mums svarbu, kad kiekvienas &#8222;Yemi Design&#8221; d\u0117vintis m\u016bs\u0173 palaidines jaust\u0173si kuo patogiau ir laisviau.<\/p>\n<p>B\u0117gant metams, atsi\u017evelgdami \u012f klient\u0173 atsiliepimus, keit\u0117me palaidini\u0173 kirpim\u0105 &#8211; visada siek\u0117me, kad palaidin\u0117s b\u016bt\u0173 kuo patogesn\u0117s ir gerai priglust\u0173.Taip galime b\u016bti tikri, kad klientai v\u0117l ir v\u0117l pas mus sugr\u012f\u0161, kai nor\u0117s \u012fsigyti kit\u0105 palaidin\u0119.Per daugel\u012f met\u0173 jau turime nema\u017eai lojali\u0173 klient\u0173 ir d\u017eiaugiam\u0117s, kad tiek daug j\u0173 mumis pasitiki.<\/p>\n<p>Vis\u0173 &#8222;Yemi Design&#8221; palaidini\u0173 <strong>med\u017eiaga<\/strong> yra &#8222;Oeko-Tex 100&#8221; sertifikuotas audinys, kur\u012f sudaro 95 % medviln\u0117s ir 5 % elastano.Elastanas &#8211; tai med\u017eiaga, kuri suteikia palaidinei elastingumo ir palengvina jos d\u0117v\u0117jim\u0105.<\/p>\n<p>Megztiniai, pasi\u016bti i\u0161 &#8222;Oeko Tex 100&#8221; sertifikuot\u0173 audini\u0173, tinka ir alergi\u0161kiems \u017emon\u0117ms, nes \u0161iuose audiniuose n\u0117ra joki\u0173 chemini\u0173 med\u017eiag\u0173, galin\u010di\u0173 dirginti od\u0105.<\/p>\n<p>U\u017esakym\u0173, kuri\u0173 palaidini\u0173 dyd\u017eiai yra sand\u0117lyje, pristatymo laikas paprastai yra 1-4 dienos &#8211; u\u017esakymai, pateikti darbo dien\u0105 prie\u0161 termin\u0105, i\u0161siun\u010diami t\u0105 pa\u010di\u0105 dien\u0105, o siuntinys paprastai jau kit\u0105 dien\u0105 b\u016bna siunt\u0173 pa\u0161te.<\/p>\n<p>U\u017esisakant palaidini\u0173 dyd\u017eius, <strong>pristatymo terminas yra iki 15 dien\u0173 &#8211;<\/strong> daugum\u0105 palaidini\u0173 <strong>gaminame<\/strong> pagal special\u0173 u\u017esakym\u0105 i\u0161 kliento pageidaujamo audinio ir dyd\u017eio.Kadangi yra daug palaidini\u0173 ra\u0161t\u0173 ir spalv\u0173, ne visus dyd\u017eius i\u0161 karto gaminame paruo\u0161tus sand\u0117lyje &#8211; norime b\u016bti draugi\u0161ki savo klientams ir negaminti dideli\u0173 partij\u0173, kurios v\u0117liau gali likti sand\u0117lyje.<\/p>\n<p>Visas m\u016bs\u0173 palaidines kuria ir siuva rankomis kvalifikuotos Estijos siuv\u0117jos \u010dia, Taline, &#8211; skiriame d\u0117mesio kiekvienai palaidin\u0117s detalei ir u\u017etikriname, kad kiekviena si\u016bl\u0117 b\u016bt\u0173 atlikta teisingai ir kiekviena palaidin\u0117 b\u016bt\u0173 tokia, kokia turi b\u016bti.<\/p>\n<p>I\u0161sirinkite m\u0117gstamiausi\u0105 ra\u0161tuot\u0105 palaidin\u0119 ir \u012fsitikinkite &#8211; geri komentarai garantuoti ir darbe, ir namuose.<\/p>\n<p>Jei pageidaujate, kr\u016bm\u0173 galite \u012fsigyti ir tiesiai i\u0161 m\u016bs\u0173 sand\u0117lio, esan\u010dio Kanarbiku tee 15\/3, J\u00e4rvek\u00fcla &#8211; 5 minut\u0117s kelio automobiliu nuo \u00dclemiste centro.<\/p>\n<p>Jei nesate tikri, kok\u012f dyd\u012f pasirinkti, <a href=\"https:\/\/www.stiilne.ee\/wp-content\/uploads\/2021\/12\/YEMI-pusa-m%C3%B5%C3%B5dutabel.pdf\">YEMI palaidini\u0173 dyd\u017ei\u0173 lentel\u0119 <\/a> rasite \u010dia.  <\/p>\n<p>Palaidin\u0117s puikiai tinka standartiniams dyd\u017eiams &#8211; jei norite, kad palaidin\u0117 b\u016bt\u0173 \u0161iek tiek didesn\u0117 ir erdvesn\u0117 nugaroje, rekomenduojame rinktis didesn\u012f dyd\u012f nei \u012fprastai.<\/p>\n<p>&nbsp;<\/p>\n<p>Apsipirkite &#8222;Estonian&#8221; parduotuv\u0117je ir u\u017esisakykite ak\u012f traukian\u010di\u0105, patogi\u0105 palaidin\u0119, kuri\u0105 smagu d\u0117v\u0117ti darbe ar pramogaujant.<\/p>\n","protected":false},"excerpt":{"rendered":"<p>&nbsp; YEMI palaidini\u0173 matavimo lentel\u0117 &#8222;Yemi Design&#8221; palaidini\u0173 ir palaidini\u0173 sukneli\u0173 savyb\u0117s * Patog\u016bs &#8211; gali b\u016bti d\u0117vimi visais keturiais Estijos klimato sezonais. * Mink\u0161ti ir saug\u016bs odai &#8211; naudojame tik &#8222;Oeko-Tex 100&#8221; sertifikuotus medvilninius audinius, kurie tinka ir alergi\u0161kiems \u017emon\u0117ms. * Prakti\u0161ka &#8211; d\u0117v\u0117ti darbe ar laisvalaikiu * \u0160alies viduje &#8211; visos palaidin\u0117s ir [&hellip;]<\/p>\n","protected":false},"featured_media":267030,"comment_status":"open","ping_status":"closed","template":"","meta":{"_acf_changed":false},"product_brand":[],"product_cat":[278],"product_tag":[],"class_list":{"0":"post-267029","1":"product","2":"type-product","3":"status-publish","4":"has-post-thumbnail","6":"product_cat-yemi-disain-ranku-darbo-megztiniai","7":"product_shipping_class-tarneaeg-1-4-paeva","9":"first","10":"instock","11":"sale","12":"taxable","13":"shipping-taxable","14":"purchasable","15":"product-type-variable","16":"has-default-attributes","17":"add-to-wishlist-after_add_to_cart"},"acf":[],"_links":{"self":[{"href":"https:\/\/tellimused.stiilne.ee\/lt\/wp-json\/wp\/v2\/product\/267029","targetHints":{"allow":["GET"]}}],"collection":[{"href":"https:\/\/tellimused.stiilne.ee\/lt\/wp-json\/wp\/v2\/product"}],"about":[{"href":"https:\/\/tellimused.stiilne.ee\/lt\/wp-json\/wp\/v2\/types\/product"}],"replies":[{"embeddable":true,"href":"https:\/\/tellimused.stiilne.ee\/lt\/wp-json\/wp\/v2\/comments?post=267029"}],"wp:featuredmedia":[{"embeddable":true,"href":"https:\/\/tellimused.stiilne.ee\/lt\/wp-json\/wp\/v2\/media\/267030"}],"wp:attachment":[{"href":"https:\/\/tellimused.stiilne.ee\/lt\/wp-json\/wp\/v2\/media?parent=267029"}],"wp:term":[{"taxonomy":"product_brand","embeddable":true,"href":"https:\/\/tellimused.stiilne.ee\/lt\/wp-json\/wp\/v2\/product_brand?post=267029"},{"taxonomy":"product_cat","embeddable":true,"href":"https:\/\/tellimused.stiilne.ee\/lt\/wp-json\/wp\/v2\/product_cat?post=267029"},{"taxonomy":"product_tag","embeddable":true,"href":"https:\/\/tellimused.stiilne.ee\/lt\/wp-json\/wp\/v2\/product_tag?post=267029"}],"curies":[{"name":"wp","href":"https:\/\/api.w.org\/{rel}","templated":true}]}}