{"id":267117,"date":"2026-03-12T12:11:51","date_gmt":"2026-03-12T10:11:51","guid":{"rendered":"https:\/\/tellimused.stiilne.ee\/toode\/puuvillasest-kangast-yemi-disain-peapaela-ja-patsikummi-komplekt-kirjud-suled-kohe-laos\/"},"modified":"2026-04-07T11:09:28","modified_gmt":"2026-04-07T08:09:28","slug":"medvilninis-yemi-dizaino-galvos-juosta-ir-patsy-rinkinys-siuvinejimo-plunksnos-nemokamai-sandelyje","status":"publish","type":"product","link":"https:\/\/tellimused.stiilne.ee\/lt\/produktas\/medvilninis-yemi-dizaino-galvos-juosta-ir-patsy-rinkinys-siuvinejimo-plunksnos-nemokamai-sandelyje\/","title":{"rendered":"Medvilninis Yemi dizaino galvos juosta ir patsy rinkinys Siuvin\u0117jimo plunksnos &#8211; Nemokamai sand\u0117lyje"},"content":{"rendered":"<p>&nbsp;<\/p>\n<p>Galvos juosta ir lopin\u0117lis yra pagaminti i\u0161 mink\u0161to elastingo audinio &#8211; 95 % medviln\u0117s ir 5 % elastano<\/p>\n<p>Abu gaminiai yra rank\u0173 darbo Estijoje i\u0161 ma\u017e\u0173 audinio gabal\u0117li\u0173, likusi\u0173 nuo m\u016bs\u0173 gamybos<\/p>\n<p>Tinka baland\u017eio-rugs\u0117jo m\u0117nesiams<\/p>\n<p>Komplektas yra sand\u0117lyje dabar &#8211; pristatymas per kelias dienas<\/p>\n<p>Komplektas puikiai dera su &#8222;Yemi Design&#8221; palaidine &#8222;Feathered Feathered Feathers&#8221;.<\/p>\n<p>&nbsp;<\/p>\n","protected":false},"excerpt":{"rendered":"<p>&nbsp; Galvos juosta ir lopin\u0117lis yra pagaminti i\u0161 mink\u0161to elastingo audinio &#8211; 95 % medviln\u0117s ir 5 % elastano Abu gaminiai yra rank\u0173 darbo Estijoje i\u0161 ma\u017e\u0173 audinio gabal\u0117li\u0173, likusi\u0173 nuo m\u016bs\u0173 gamybos Tinka baland\u017eio-rugs\u0117jo m\u0117nesiams Komplektas yra sand\u0117lyje dabar &#8211; pristatymas per kelias dienas Komplektas puikiai dera su &#8222;Yemi Design&#8221; palaidine &#8222;Feathered Feathered Feathers&#8221;. [&hellip;]<\/p>\n","protected":false},"featured_media":267118,"comment_status":"open","ping_status":"closed","template":"","meta":{"_acf_changed":false},"product_brand":[],"product_cat":[444],"product_tag":[],"class_list":{"0":"post-267117","1":"product","2":"type-product","3":"status-publish","4":"has-post-thumbnail","6":"product_cat-yemi-disain-peapaelad","7":"product_shipping_class-tarneaeg-1-4-paeva","9":"first","10":"instock","11":"sale","12":"taxable","13":"shipping-taxable","14":"purchasable","15":"product-type-variable","16":"has-default-attributes","17":"add-to-wishlist-after_add_to_cart"},"acf":[],"_links":{"self":[{"href":"https:\/\/tellimused.stiilne.ee\/lt\/wp-json\/wp\/v2\/product\/267117","targetHints":{"allow":["GET"]}}],"collection":[{"href":"https:\/\/tellimused.stiilne.ee\/lt\/wp-json\/wp\/v2\/product"}],"about":[{"href":"https:\/\/tellimused.stiilne.ee\/lt\/wp-json\/wp\/v2\/types\/product"}],"replies":[{"embeddable":true,"href":"https:\/\/tellimused.stiilne.ee\/lt\/wp-json\/wp\/v2\/comments?post=267117"}],"wp:featuredmedia":[{"embeddable":true,"href":"https:\/\/tellimused.stiilne.ee\/lt\/wp-json\/wp\/v2\/media\/267118"}],"wp:attachment":[{"href":"https:\/\/tellimused.stiilne.ee\/lt\/wp-json\/wp\/v2\/media?parent=267117"}],"wp:term":[{"taxonomy":"product_brand","embeddable":true,"href":"https:\/\/tellimused.stiilne.ee\/lt\/wp-json\/wp\/v2\/product_brand?post=267117"},{"taxonomy":"product_cat","embeddable":true,"href":"https:\/\/tellimused.stiilne.ee\/lt\/wp-json\/wp\/v2\/product_cat?post=267117"},{"taxonomy":"product_tag","embeddable":true,"href":"https:\/\/tellimused.stiilne.ee\/lt\/wp-json\/wp\/v2\/product_tag?post=267117"}],"curies":[{"name":"wp","href":"https:\/\/api.w.org\/{rel}","templated":true}]}}